{"id":4632,"date":"2025-06-30T00:09:33","date_gmt":"2025-06-30T00:09:33","guid":{"rendered":"https:\/\/urban-clothingstore.com\/?post_type=product&#038;p=4632"},"modified":"2025-08-26T12:12:07","modified_gmt":"2025-08-26T12:12:07","slug":"mens-light-blue-denim-shorts","status":"publish","type":"product","link":"https:\/\/urban-clothingstore.com\/en\/product\/mens-light-blue-denim-shorts\/","title":{"rendered":"Xhinse t\u00eb Shkurtra Denim Ngjyr\u00eb Blu e \u00e7el\u00ebt"},"content":{"rendered":"<p dir=\"auto\"><span class=\"jCAhz ChMk0b\"><span class=\"ryNqvb\">P\u00ebrmir\u00ebsoni stilin tuaj t\u00eb p\u00ebrditsh\u00ebm me k\u00ebto pantallona t\u00eb shkurtra xhinsesh p\u00ebr meshkuj ngjyr\u00eb blu t\u00eb \u00e7el\u00ebt, nj\u00eb p\u00ebrzierje perfekte e rehatis\u00eb dhe stilit t\u00eb relaksuar.<\/span><\/span> <span class=\"jCAhz ChMk0b\"><span class=\"ryNqvb\">T\u00eb punuara nga xhins me cil\u00ebsi t\u00eb lart\u00eb, k\u00ebto pantallona t\u00eb shkurtra kan\u00eb nj\u00eb ngjyr\u00eb klasike blu t\u00eb \u00e7el\u00ebt me nj\u00eb prerje t\u00eb relaksuar, ideale p\u00ebr mot t\u00eb ngroht\u00eb ose dalje t\u00eb qeta.<\/span><\/span> <span class=\"jCAhz ChMk0b\"><span class=\"ryNqvb\">Dizajni i gjithansh\u00ebm p\u00ebrfshin xhepa praktik\u00eb p\u00ebrpara dhe nj\u00eb skaj pak t\u00eb grisur, duke shtuar nj\u00eb prekje sharmi t\u00eb fort\u00eb.<\/span><\/span> <span class=\"jCAhz ChMk0b\"><span class=\"ryNqvb\">T\u00eb shoq\u00ebruara me nj\u00eb bluz\u00eb t\u00eb bardh\u00eb grafike, nj\u00eb byzylyk elegant argjendi dhe nj\u00eb or\u00eb dore t\u00eb zez\u00eb, kjo pamje plot\u00ebsohet me atlete t\u00eb larta Nike n\u00eb mod\u00eb me nj\u00eb ngjyr\u00eb t\u00eb bardh\u00eb dhe jeshile menteje.<\/span><\/span><\/p>\n<p dir=\"auto\"><span class=\"jCAhz ChMk0b\"><span class=\"ryNqvb\">T\u00eb dizajnuara p\u00ebr t&#8217;u veshur gjat\u00eb gjith\u00eb dit\u00ebs, k\u00ebto pantallona t\u00eb shkurtra ofrojn\u00eb q\u00ebndrueshm\u00ebri dhe nj\u00eb prerje t\u00eb rehatshme, duke i b\u00ebr\u00eb ato t\u00eb domosdoshme p\u00ebr \u00e7do gard\u00ebrob\u00eb t\u00eb p\u00ebrditshme.<\/span><\/span> <span class=\"jCAhz ChMk0b\"><span class=\"ryNqvb\">Pavar\u00ebsisht n\u00ebse po shkoni n\u00eb nj\u00eb takim t\u00eb p\u00ebrditsh\u00ebm apo n\u00eb nj\u00eb aventur\u00eb verore, k\u00ebto pantallona t\u00eb shkurtra xhins ofrojn\u00eb si funksionalitet ashtu edhe nj\u00eb atmosfer\u00eb t\u00eb fresk\u00ebt dhe t\u00eb leht\u00eb.<\/span><\/span><\/p>","protected":false},"excerpt":{"rendered":"<p>P\u00ebrmir\u00ebsoni stilin tuaj t\u00eb p\u00ebrditsh\u00ebm me k\u00ebto pantallona t\u00eb shkurtra xhinsesh p\u00ebr meshkuj ngjyr\u00eb blu t\u00eb \u00e7el\u00ebt, nj\u00eb p\u00ebrzierje perfekte e rehatis\u00eb dhe stilit t\u00eb relaksuar. T\u00eb punuara nga xhins me cil\u00ebsi t\u00eb lart\u00eb, k\u00ebto pantallona t\u00eb shkurtra kan\u00eb nj\u00eb ngjyr\u00eb klasike blu t\u00eb \u00e7el\u00ebt me nj\u00eb prerje t\u00eb relaksuar, ideale p\u00ebr mot t\u00eb ngroht\u00eb [&hellip;]<\/p>","protected":false},"featured_media":4633,"comment_status":"open","ping_status":"closed","template":"","meta":[],"product_brand":[],"product_cat":[69],"product_tag":[43,70],"class_list":{"0":"post-4632","1":"product","2":"type-product","3":"status-publish","4":"has-post-thumbnail","6":"product_cat-shorts","7":"product_tag-blue","8":"product_tag-shorts","10":"first","11":"instock","12":"taxable","13":"shipping-taxable","14":"purchasable","15":"product-type-variable"},"jetpack_sharing_enabled":true,"_links":{"self":[{"href":"https:\/\/urban-clothingstore.com\/en\/wp-json\/wp\/v2\/product\/4632","targetHints":{"allow":["GET"]}}],"collection":[{"href":"https:\/\/urban-clothingstore.com\/en\/wp-json\/wp\/v2\/product"}],"about":[{"href":"https:\/\/urban-clothingstore.com\/en\/wp-json\/wp\/v2\/types\/product"}],"replies":[{"embeddable":true,"href":"https:\/\/urban-clothingstore.com\/en\/wp-json\/wp\/v2\/comments?post=4632"}],"wp:featuredmedia":[{"embeddable":true,"href":"https:\/\/urban-clothingstore.com\/en\/wp-json\/wp\/v2\/media\/4633"}],"wp:attachment":[{"href":"https:\/\/urban-clothingstore.com\/en\/wp-json\/wp\/v2\/media?parent=4632"}],"wp:term":[{"taxonomy":"product_brand","embeddable":true,"href":"https:\/\/urban-clothingstore.com\/en\/wp-json\/wp\/v2\/product_brand?post=4632"},{"taxonomy":"product_cat","embeddable":true,"href":"https:\/\/urban-clothingstore.com\/en\/wp-json\/wp\/v2\/product_cat?post=4632"},{"taxonomy":"product_tag","embeddable":true,"href":"https:\/\/urban-clothingstore.com\/en\/wp-json\/wp\/v2\/product_tag?post=4632"}],"curies":[{"name":"wp","href":"https:\/\/api.w.org\/{rel}","templated":true}]}}