{"id":4653,"date":"2025-06-30T00:20:06","date_gmt":"2025-06-30T00:20:06","guid":{"rendered":"https:\/\/urban-clothingstore.com\/?post_type=product&#038;p=4653"},"modified":"2025-08-14T14:51:48","modified_gmt":"2025-08-14T14:51:48","slug":"mens-mint-green-dress-shirt","status":"publish","type":"product","link":"https:\/\/urban-clothingstore.com\/en\/product\/mens-mint-green-dress-shirt\/","title":{"rendered":"K\u00ebmish\u00eb Ngjyr\u00eb e Gjelb\u00ebr Mente"},"content":{"rendered":"<p dir=\"auto\">Sofistikoni gard\u00ebrob\u00ebn tuaj me k\u00ebt\u00eb k\u00ebmish\u00eb t\u00eb gjelb\u00ebr p\u00ebr meshkuj, nj\u00eb veshje e p\u00ebrjetshme q\u00eb shfaq eleganc\u00eb dhe shkatht\u00ebsi. E punuar me material t\u00eb leht\u00eb dhe cil\u00ebsor, kjo k\u00ebmish\u00eb me m\u00ebng\u00eb t\u00eb gjata paraqet nj\u00eb nuanc\u00eb t\u00eb gjelb\u00ebr mente q\u00eb i shton nj\u00eb prekje t\u00eb guximshme, por t\u00eb rafinuar \u00e7do veshjeje. P\u00ebrshtatja e relaksuar me nj\u00eb jak\u00eb t\u00eb hapur dhe m\u00ebng\u00eb t\u00eb p\u00ebrdredhura ofron nj\u00eb pamje t\u00eb rast\u00ebsishme, por t\u00eb l\u00ebmuar, perfekte si p\u00ebr ambiente profesionale ashtu edhe p\u00ebr raste elegante dhe p\u00ebrditshm\u00ebri.<\/p>\n<p dir=\"auto\">Ideale p\u00ebr t&#8217;u veshur gjat\u00eb gjith\u00eb dit\u00ebs, pavar\u00ebsisht n\u00ebse jeni duke pir\u00eb kafe n\u00eb nj\u00eb takim apo duke shijuar nj\u00eb mbr\u00ebmje elegante.<\/p>","protected":false},"excerpt":{"rendered":"<p>Sofistikoni gard\u00ebrob\u00ebn tuaj me k\u00ebt\u00eb k\u00ebmish\u00eb t\u00eb gjelb\u00ebr p\u00ebr meshkuj, nj\u00eb veshje e p\u00ebrjetshme q\u00eb shfaq eleganc\u00eb dhe shkatht\u00ebsi. E punuar me material t\u00eb leht\u00eb dhe cil\u00ebsor, kjo k\u00ebmish\u00eb me m\u00ebng\u00eb t\u00eb gjata paraqet nj\u00eb nuanc\u00eb t\u00eb gjelb\u00ebr mente q\u00eb i shton nj\u00eb prekje t\u00eb guximshme, por t\u00eb rafinuar \u00e7do veshjeje. P\u00ebrshtatja e relaksuar me [&hellip;]<\/p>","protected":false},"featured_media":4654,"comment_status":"open","ping_status":"closed","template":"","meta":[],"product_brand":[],"product_cat":[61],"product_tag":[285,62],"class_list":{"0":"post-4653","1":"product","2":"type-product","3":"status-publish","4":"has-post-thumbnail","6":"product_cat-shirt","7":"product_tag-green","8":"product_tag-shirt","10":"first","11":"instock","12":"taxable","13":"shipping-taxable","14":"purchasable","15":"product-type-variable"},"jetpack_sharing_enabled":true,"_links":{"self":[{"href":"https:\/\/urban-clothingstore.com\/en\/wp-json\/wp\/v2\/product\/4653","targetHints":{"allow":["GET"]}}],"collection":[{"href":"https:\/\/urban-clothingstore.com\/en\/wp-json\/wp\/v2\/product"}],"about":[{"href":"https:\/\/urban-clothingstore.com\/en\/wp-json\/wp\/v2\/types\/product"}],"replies":[{"embeddable":true,"href":"https:\/\/urban-clothingstore.com\/en\/wp-json\/wp\/v2\/comments?post=4653"}],"wp:featuredmedia":[{"embeddable":true,"href":"https:\/\/urban-clothingstore.com\/en\/wp-json\/wp\/v2\/media\/4654"}],"wp:attachment":[{"href":"https:\/\/urban-clothingstore.com\/en\/wp-json\/wp\/v2\/media?parent=4653"}],"wp:term":[{"taxonomy":"product_brand","embeddable":true,"href":"https:\/\/urban-clothingstore.com\/en\/wp-json\/wp\/v2\/product_brand?post=4653"},{"taxonomy":"product_cat","embeddable":true,"href":"https:\/\/urban-clothingstore.com\/en\/wp-json\/wp\/v2\/product_cat?post=4653"},{"taxonomy":"product_tag","embeddable":true,"href":"https:\/\/urban-clothingstore.com\/en\/wp-json\/wp\/v2\/product_tag?post=4653"}],"curies":[{"name":"wp","href":"https:\/\/api.w.org\/{rel}","templated":true}]}}