{"id":4673,"date":"2025-06-30T00:37:18","date_gmt":"2025-06-30T00:37:18","guid":{"rendered":"https:\/\/urban-clothingstore.com\/?post_type=product&#038;p=4673"},"modified":"2025-08-21T18:49:19","modified_gmt":"2025-08-21T18:49:19","slug":"mens-blue-oversized-t-shirt-with-pocket","status":"publish","type":"product","link":"https:\/\/urban-clothingstore.com\/en\/product\/mens-blue-oversized-t-shirt-with-pocket\/","title":{"rendered":"Bluz\u00eb Blu me Xhep"},"content":{"rendered":"<p dir=\"auto\">Zbulo stilin t\u00ebnd t\u00eb brendsh\u00ebm me k\u00ebt\u00eb bluz\u00eb blu \u200b\u200bt\u00eb madhe me xhep p\u00ebr meshkuj, nj\u00eb bashkim magjeps\u00ebs i stilit urban dhe luksit t\u00eb qet\u00eb. E endur nga pambuk cil\u00ebsor, ultra i but\u00eb, kjo kryevep\u00ebr me m\u00ebng\u00eb t\u00eb shkurtra krenohet me nj\u00eb siluet\u00eb t\u00eb guximshme t\u00eb madhe q\u00eb nxjerr nj\u00eb eleganc\u00eb t\u00eb leht\u00eb. Karakteristika dalluese &#8211; nj\u00eb xhep i fort\u00eb dhe i teksturuar n\u00eb gjoks &#8211; i shton nj\u00eb prekje sharmi. E kombinuar me pantallona t\u00eb zeza elegante cargo, kjo bluz\u00eb transformon \u00e7do veshje n\u00eb nj\u00eb deklarat\u00eb t\u00eb guximshme. Zhytuni n\u00eb nj\u00eb bot\u00eb stili dhe rehatie me k\u00ebt\u00eb veshje t\u00eb domosdoshme.<\/p>","protected":false},"excerpt":{"rendered":"<p>Zbulo stilin t\u00ebnd t\u00eb brendsh\u00ebm me k\u00ebt\u00eb bluz\u00eb blu \u200b\u200bt\u00eb madhe me xhep p\u00ebr meshkuj, nj\u00eb bashkim magjeps\u00ebs i stilit urban dhe luksit t\u00eb qet\u00eb. E endur nga pambuk cil\u00ebsor, ultra i but\u00eb, kjo kryevep\u00ebr me m\u00ebng\u00eb t\u00eb shkurtra krenohet me nj\u00eb siluet\u00eb t\u00eb guximshme t\u00eb madhe q\u00eb nxjerr nj\u00eb eleganc\u00eb t\u00eb leht\u00eb. Karakteristika dalluese [&hellip;]<\/p>","protected":false},"featured_media":4674,"comment_status":"open","ping_status":"closed","template":"","meta":[],"product_brand":[],"product_cat":[21],"product_tag":[43,33,281],"class_list":{"0":"post-4673","1":"product","2":"type-product","3":"status-publish","4":"has-post-thumbnail","6":"product_cat-tshirts","7":"product_tag-blue","8":"product_tag-oversize","9":"product_tag-tshirt","11":"first","12":"instock","13":"sale","14":"taxable","15":"shipping-taxable","16":"purchasable","17":"product-type-variable"},"jetpack_sharing_enabled":true,"_links":{"self":[{"href":"https:\/\/urban-clothingstore.com\/en\/wp-json\/wp\/v2\/product\/4673","targetHints":{"allow":["GET"]}}],"collection":[{"href":"https:\/\/urban-clothingstore.com\/en\/wp-json\/wp\/v2\/product"}],"about":[{"href":"https:\/\/urban-clothingstore.com\/en\/wp-json\/wp\/v2\/types\/product"}],"replies":[{"embeddable":true,"href":"https:\/\/urban-clothingstore.com\/en\/wp-json\/wp\/v2\/comments?post=4673"}],"wp:featuredmedia":[{"embeddable":true,"href":"https:\/\/urban-clothingstore.com\/en\/wp-json\/wp\/v2\/media\/4674"}],"wp:attachment":[{"href":"https:\/\/urban-clothingstore.com\/en\/wp-json\/wp\/v2\/media?parent=4673"}],"wp:term":[{"taxonomy":"product_brand","embeddable":true,"href":"https:\/\/urban-clothingstore.com\/en\/wp-json\/wp\/v2\/product_brand?post=4673"},{"taxonomy":"product_cat","embeddable":true,"href":"https:\/\/urban-clothingstore.com\/en\/wp-json\/wp\/v2\/product_cat?post=4673"},{"taxonomy":"product_tag","embeddable":true,"href":"https:\/\/urban-clothingstore.com\/en\/wp-json\/wp\/v2\/product_tag?post=4673"}],"curies":[{"name":"wp","href":"https:\/\/api.w.org\/{rel}","templated":true}]}}