{"id":4765,"date":"2025-07-01T12:03:56","date_gmt":"2025-07-01T12:03:56","guid":{"rendered":"https:\/\/urban-clothingstore.com\/?post_type=product&#038;p=4765"},"modified":"2025-08-21T18:44:13","modified_gmt":"2025-08-21T18:44:13","slug":"mens-classic-white-t-shirt","status":"publish","type":"product","link":"https:\/\/urban-clothingstore.com\/en\/product\/mens-classic-white-t-shirt\/","title":{"rendered":"Maic\u00eb e Bardh\u00eb Klasike p\u00ebr Meshkuj"},"content":{"rendered":"<p dir=\"auto\">P\u00ebrmir\u00ebsoni gard\u00ebrob\u00ebn tuaj me k\u00ebt\u00eb bluz\u00eb t\u00eb bardh\u00eb klasike p\u00ebr meshkuj. E punuar me material t\u00eb but\u00eb dhe me cil\u00ebsi t\u00eb lart\u00eb, kjo bluz\u00eb me m\u00ebng\u00eb t\u00eb shkurtra ofron nj\u00eb p\u00ebrshtatje t\u00eb rehatshme dhe nj\u00eb dizajn elegant dhe minimalist. Perfekte p\u00ebr dalje t\u00eb rast\u00ebsishme ose veshje me shtresa, kombinohet pa mundim me \u00e7do stil. Me nj\u00eb jak\u00eb t\u00eb rrumbullak\u00ebt dhe qepje t\u00eb q\u00ebndrueshme, kjo bluz\u00eb shum\u00ebfunksionale \u00ebsht\u00eb nj\u00eb veshje e domosdoshme p\u00ebr \u00e7do stin\u00eb.<\/p>","protected":false},"excerpt":{"rendered":"<p>P\u00ebrmir\u00ebsoni gard\u00ebrob\u00ebn tuaj me k\u00ebt\u00eb bluz\u00eb t\u00eb bardh\u00eb klasike p\u00ebr meshkuj. E punuar me material t\u00eb but\u00eb dhe me cil\u00ebsi t\u00eb lart\u00eb, kjo bluz\u00eb me m\u00ebng\u00eb t\u00eb shkurtra ofron nj\u00eb p\u00ebrshtatje t\u00eb rehatshme dhe nj\u00eb dizajn elegant dhe minimalist. Perfekte p\u00ebr dalje t\u00eb rast\u00ebsishme ose veshje me shtresa, kombinohet pa mundim me \u00e7do stil. Me [&hellip;]<\/p>","protected":false},"featured_media":4766,"comment_status":"open","ping_status":"closed","template":"","meta":[],"product_brand":[],"product_cat":[21],"product_tag":[56,281,29],"class_list":{"0":"post-4765","1":"product","2":"type-product","3":"status-publish","4":"has-post-thumbnail","6":"product_cat-tshirts","7":"product_tag-slim","8":"product_tag-tshirt","9":"product_tag-white","11":"first","12":"instock","13":"sale","14":"taxable","15":"shipping-taxable","16":"purchasable","17":"product-type-variable"},"jetpack_sharing_enabled":true,"_links":{"self":[{"href":"https:\/\/urban-clothingstore.com\/en\/wp-json\/wp\/v2\/product\/4765","targetHints":{"allow":["GET"]}}],"collection":[{"href":"https:\/\/urban-clothingstore.com\/en\/wp-json\/wp\/v2\/product"}],"about":[{"href":"https:\/\/urban-clothingstore.com\/en\/wp-json\/wp\/v2\/types\/product"}],"replies":[{"embeddable":true,"href":"https:\/\/urban-clothingstore.com\/en\/wp-json\/wp\/v2\/comments?post=4765"}],"wp:featuredmedia":[{"embeddable":true,"href":"https:\/\/urban-clothingstore.com\/en\/wp-json\/wp\/v2\/media\/4766"}],"wp:attachment":[{"href":"https:\/\/urban-clothingstore.com\/en\/wp-json\/wp\/v2\/media?parent=4765"}],"wp:term":[{"taxonomy":"product_brand","embeddable":true,"href":"https:\/\/urban-clothingstore.com\/en\/wp-json\/wp\/v2\/product_brand?post=4765"},{"taxonomy":"product_cat","embeddable":true,"href":"https:\/\/urban-clothingstore.com\/en\/wp-json\/wp\/v2\/product_cat?post=4765"},{"taxonomy":"product_tag","embeddable":true,"href":"https:\/\/urban-clothingstore.com\/en\/wp-json\/wp\/v2\/product_tag?post=4765"}],"curies":[{"name":"wp","href":"https:\/\/api.w.org\/{rel}","templated":true}]}}