{"id":4784,"date":"2025-07-01T12:34:48","date_gmt":"2025-07-01T12:34:48","guid":{"rendered":"https:\/\/urban-clothingstore.com\/?post_type=product&#038;p=4784"},"modified":"2025-09-08T08:02:02","modified_gmt":"2025-09-08T08:02:02","slug":"mens-santana-gray-sleeveless-tracksuit-set","status":"publish","type":"product","link":"https:\/\/urban-clothingstore.com\/en\/product\/mens-santana-gray-sleeveless-tracksuit-set\/","title":{"rendered":"Set Tutash Santana pa M\u00ebng\u00eb Ngjyr\u00eb Gri"},"content":{"rendered":"<p dir=\"auto\">P\u00ebrmir\u00ebsoni stilin tuaj t\u00eb p\u00ebrditsh\u00ebm me k\u00ebt\u00eb komplet tutash sportive pa m\u00ebng\u00eb Santana ngjyr\u00eb gri. I pajisur me nj\u00eb bluz\u00eb t\u00eb rehatshme pa m\u00ebng\u00eb me logon e theksuar &#8220;Santana&#8221; dhe pantallona t\u00eb shkurtra t\u00eb lehta gri, ky komplet \u00ebsht\u00eb perfekt p\u00ebr st\u00ebrvitje ose dalje t\u00eb qeta. I kombinuar me atlete gri elegante, \u00ebsht\u00eb i theksuar me nj\u00eb or\u00eb dore p\u00ebr nj\u00eb prekje bashk\u00ebkohore. Ideal p\u00ebr nj\u00eb pamje t\u00eb gjithanshme dhe t\u00eb relaksuar.<\/p>","protected":false},"excerpt":{"rendered":"<p>P\u00ebrmir\u00ebsoni stilin tuaj t\u00eb p\u00ebrditsh\u00ebm me k\u00ebt\u00eb komplet tutash sportive pa m\u00ebng\u00eb Santana ngjyr\u00eb gri. I pajisur me nj\u00eb bluz\u00eb t\u00eb rehatshme pa m\u00ebng\u00eb me logon e theksuar &#8220;Santana&#8221; dhe pantallona t\u00eb shkurtra t\u00eb lehta gri, ky komplet \u00ebsht\u00eb perfekt p\u00ebr st\u00ebrvitje ose dalje t\u00eb qeta. I kombinuar me atlete gri elegante, \u00ebsht\u00eb i theksuar [&hellip;]<\/p>","protected":false},"featured_media":4785,"comment_status":"open","ping_status":"closed","template":"","meta":[],"product_brand":[],"product_cat":[64],"product_tag":[236,66],"class_list":{"0":"post-4784","1":"product","2":"type-product","3":"status-publish","4":"has-post-thumbnail","6":"product_cat-set","7":"product_tag-gray","8":"product_tag-set","10":"first","11":"instock","12":"sale","13":"taxable","14":"shipping-taxable","15":"purchasable","16":"product-type-variable"},"jetpack_sharing_enabled":true,"_links":{"self":[{"href":"https:\/\/urban-clothingstore.com\/en\/wp-json\/wp\/v2\/product\/4784","targetHints":{"allow":["GET"]}}],"collection":[{"href":"https:\/\/urban-clothingstore.com\/en\/wp-json\/wp\/v2\/product"}],"about":[{"href":"https:\/\/urban-clothingstore.com\/en\/wp-json\/wp\/v2\/types\/product"}],"replies":[{"embeddable":true,"href":"https:\/\/urban-clothingstore.com\/en\/wp-json\/wp\/v2\/comments?post=4784"}],"wp:featuredmedia":[{"embeddable":true,"href":"https:\/\/urban-clothingstore.com\/en\/wp-json\/wp\/v2\/media\/4785"}],"wp:attachment":[{"href":"https:\/\/urban-clothingstore.com\/en\/wp-json\/wp\/v2\/media?parent=4784"}],"wp:term":[{"taxonomy":"product_brand","embeddable":true,"href":"https:\/\/urban-clothingstore.com\/en\/wp-json\/wp\/v2\/product_brand?post=4784"},{"taxonomy":"product_cat","embeddable":true,"href":"https:\/\/urban-clothingstore.com\/en\/wp-json\/wp\/v2\/product_cat?post=4784"},{"taxonomy":"product_tag","embeddable":true,"href":"https:\/\/urban-clothingstore.com\/en\/wp-json\/wp\/v2\/product_tag?post=4784"}],"curies":[{"name":"wp","href":"https:\/\/api.w.org\/{rel}","templated":true}]}}