{"id":4799,"date":"2025-07-01T14:28:38","date_gmt":"2025-07-01T14:28:38","guid":{"rendered":"https:\/\/urban-clothingstore.com\/?post_type=product&#038;p=4799"},"modified":"2025-09-19T10:08:35","modified_gmt":"2025-09-19T10:08:35","slug":"mens-green-linen-shirt","status":"publish","type":"product","link":"https:\/\/urban-clothingstore.com\/en\/product\/mens-green-linen-shirt\/","title":{"rendered":"K\u00ebmish\u00eb e Gjelb\u00ebr Liri"},"content":{"rendered":"<p dir=\"auto\">Ngrit stilin t\u00ebnd t\u00eb p\u00ebrditsh\u00ebm me k\u00ebt\u00eb k\u00ebmish\u00eb prej liri t\u00eb gjelb\u00ebr p\u00ebr meshkuj. E punuar me li t\u00eb leht\u00eb dhe t\u00eb ajrosur, kjo m\u00ebng\u00eb t\u00eb gjata me kopsa ofron nj\u00eb prerje t\u00eb relaksuar dhe nj\u00eb ngjyr\u00eb t\u00eb gjelb\u00ebr, perfekte p\u00ebr p\u00ebrdorim t\u00eb p\u00ebrditsh\u00ebm. Kombinoje me pantallona t\u00eb bardha p\u00ebr nj\u00eb pamje elegante dhe t\u00eb relaksuar.<\/p>","protected":false},"excerpt":{"rendered":"<p>Ngrit stilin t\u00ebnd t\u00eb p\u00ebrditsh\u00ebm me k\u00ebt\u00eb k\u00ebmish\u00eb prej liri t\u00eb gjelb\u00ebr p\u00ebr meshkuj. E punuar me li t\u00eb leht\u00eb dhe t\u00eb ajrosur, kjo m\u00ebng\u00eb t\u00eb gjata me kopsa ofron nj\u00eb prerje t\u00eb relaksuar dhe nj\u00eb ngjyr\u00eb t\u00eb gjelb\u00ebr, perfekte p\u00ebr p\u00ebrdorim t\u00eb p\u00ebrditsh\u00ebm. Kombinoje me pantallona t\u00eb bardha p\u00ebr nj\u00eb pamje elegante dhe t\u00eb [&hellip;]<\/p>","protected":false},"featured_media":4793,"comment_status":"open","ping_status":"closed","template":"","meta":[],"product_brand":[],"product_cat":[61],"product_tag":[286,285,62],"class_list":{"0":"post-4799","1":"product","2":"type-product","3":"status-publish","4":"has-post-thumbnail","6":"product_cat-shirt","7":"product_tag-beachvibe","8":"product_tag-green","9":"product_tag-shirt","11":"first","12":"instock","13":"sale","14":"taxable","15":"shipping-taxable","16":"purchasable","17":"product-type-variable"},"jetpack_sharing_enabled":true,"_links":{"self":[{"href":"https:\/\/urban-clothingstore.com\/en\/wp-json\/wp\/v2\/product\/4799","targetHints":{"allow":["GET"]}}],"collection":[{"href":"https:\/\/urban-clothingstore.com\/en\/wp-json\/wp\/v2\/product"}],"about":[{"href":"https:\/\/urban-clothingstore.com\/en\/wp-json\/wp\/v2\/types\/product"}],"replies":[{"embeddable":true,"href":"https:\/\/urban-clothingstore.com\/en\/wp-json\/wp\/v2\/comments?post=4799"}],"wp:featuredmedia":[{"embeddable":true,"href":"https:\/\/urban-clothingstore.com\/en\/wp-json\/wp\/v2\/media\/4793"}],"wp:attachment":[{"href":"https:\/\/urban-clothingstore.com\/en\/wp-json\/wp\/v2\/media?parent=4799"}],"wp:term":[{"taxonomy":"product_brand","embeddable":true,"href":"https:\/\/urban-clothingstore.com\/en\/wp-json\/wp\/v2\/product_brand?post=4799"},{"taxonomy":"product_cat","embeddable":true,"href":"https:\/\/urban-clothingstore.com\/en\/wp-json\/wp\/v2\/product_cat?post=4799"},{"taxonomy":"product_tag","embeddable":true,"href":"https:\/\/urban-clothingstore.com\/en\/wp-json\/wp\/v2\/product_tag?post=4799"}],"curies":[{"name":"wp","href":"https:\/\/api.w.org\/{rel}","templated":true}]}}