{"id":4808,"date":"2025-07-01T14:32:32","date_gmt":"2025-07-01T14:32:32","guid":{"rendered":"https:\/\/urban-clothingstore.com\/?post_type=product&#038;p=4808"},"modified":"2026-03-29T21:41:08","modified_gmt":"2026-03-29T21:41:08","slug":"mens-classic-black-t-shirt","status":"publish","type":"product","link":"https:\/\/urban-clothingstore.com\/en\/product\/mens-classic-black-t-shirt\/","title":{"rendered":"Maic\u00eb e Zez\u00eb Klasike p\u00ebr Meshkuj"},"content":{"rendered":"<p dir=\"auto\">P\u00ebrmir\u00ebsoni garderob\u00ebn tuaj thelb\u00ebsore me k\u00ebt\u00eb maic\u00eb klasike t\u00eb zez\u00eb p\u00ebr meshkuj. E b\u00ebr\u00eb nga p\u00eblhur\u00eb e but\u00eb dhe e q\u00ebndrueshme, kjo maic\u00eb me m\u00ebng\u00eb t\u00eb shkurtra dhe jak\u00eb t\u00eb rrumbullak\u00ebt ofron nj\u00eb prerje t\u00eb rehatshme dhe stil t\u00eb p\u00ebrjetsh\u00ebm. Perfekte p\u00ebr t\u2019u veshur \u00e7do dit\u00eb, kombinohet pa mundim me pantallona ngjyr\u00eb bezh\u00eb p\u00ebr nj\u00eb pamje elegante dhe t\u00eb gjithanshme.<\/p>","protected":false},"excerpt":{"rendered":"<p>P\u00ebrmir\u00ebsoni garderob\u00ebn tuaj thelb\u00ebsore me k\u00ebt\u00eb maic\u00eb klasike t\u00eb zez\u00eb p\u00ebr meshkuj. E b\u00ebr\u00eb nga p\u00eblhur\u00eb e but\u00eb dhe e q\u00ebndrueshme, kjo maic\u00eb me m\u00ebng\u00eb t\u00eb shkurtra dhe jak\u00eb t\u00eb rrumbullak\u00ebt ofron nj\u00eb prerje t\u00eb rehatshme dhe stil t\u00eb p\u00ebrjetsh\u00ebm. Perfekte p\u00ebr t\u2019u veshur \u00e7do dit\u00eb, kombinohet pa mundim me pantallona ngjyr\u00eb bezh\u00eb p\u00ebr nj\u00eb [&hellip;]<\/p>","protected":false},"featured_media":4764,"comment_status":"open","ping_status":"closed","template":"","meta":[],"product_brand":[],"product_cat":[21],"product_tag":[30,56,281],"class_list":{"0":"post-4808","1":"product","2":"type-product","3":"status-publish","4":"has-post-thumbnail","6":"product_cat-tshirts","7":"product_tag-black","8":"product_tag-slim","9":"product_tag-tshirt","11":"first","12":"instock","13":"sale","14":"taxable","15":"shipping-taxable","16":"purchasable","17":"product-type-variable"},"jetpack_sharing_enabled":true,"_links":{"self":[{"href":"https:\/\/urban-clothingstore.com\/en\/wp-json\/wp\/v2\/product\/4808","targetHints":{"allow":["GET"]}}],"collection":[{"href":"https:\/\/urban-clothingstore.com\/en\/wp-json\/wp\/v2\/product"}],"about":[{"href":"https:\/\/urban-clothingstore.com\/en\/wp-json\/wp\/v2\/types\/product"}],"replies":[{"embeddable":true,"href":"https:\/\/urban-clothingstore.com\/en\/wp-json\/wp\/v2\/comments?post=4808"}],"wp:featuredmedia":[{"embeddable":true,"href":"https:\/\/urban-clothingstore.com\/en\/wp-json\/wp\/v2\/media\/4764"}],"wp:attachment":[{"href":"https:\/\/urban-clothingstore.com\/en\/wp-json\/wp\/v2\/media?parent=4808"}],"wp:term":[{"taxonomy":"product_brand","embeddable":true,"href":"https:\/\/urban-clothingstore.com\/en\/wp-json\/wp\/v2\/product_brand?post=4808"},{"taxonomy":"product_cat","embeddable":true,"href":"https:\/\/urban-clothingstore.com\/en\/wp-json\/wp\/v2\/product_cat?post=4808"},{"taxonomy":"product_tag","embeddable":true,"href":"https:\/\/urban-clothingstore.com\/en\/wp-json\/wp\/v2\/product_tag?post=4808"}],"curies":[{"name":"wp","href":"https:\/\/api.w.org\/{rel}","templated":true}]}}