{"id":4842,"date":"2025-07-02T23:27:55","date_gmt":"2025-07-02T23:27:55","guid":{"rendered":"https:\/\/urban-clothingstore.com\/?post_type=product&#038;p=4842"},"modified":"2025-08-14T14:39:10","modified_gmt":"2025-08-14T14:39:10","slug":"mens-striped-slim-fit-dress-shirt","status":"publish","type":"product","link":"https:\/\/urban-clothingstore.com\/en\/product\/mens-striped-slim-fit-dress-shirt\/","title":{"rendered":"K\u00ebmish\u00eb Slim-fit me Vija p\u00ebr Meshkuj"},"content":{"rendered":"<p dir=\"auto\">P\u00ebrmir\u00ebsoni gard\u00ebrob\u00ebn tuaj me k\u00ebt\u00eb bluz\u00eb elegante me vija dhe prerje slim-fit p\u00ebr meshkuj. E punuar me material t\u00eb cil\u00ebsis\u00eb s\u00eb lart\u00eb, kjo bluz\u00eb me vija vertikale t\u00eb bardha dhe t\u00eb zeza paraqet nj\u00eb dizajn modern me pulla, m\u00ebng\u00eb t\u00eb p\u00ebrveshura dhe nj\u00eb prerje t\u00eb personalizuar q\u00eb thekson trupin. Perfekte si p\u00ebr raste formale ashtu edhe p\u00ebr dalje t\u00eb zakonshme, kombinohet pa mundim me pantallona t\u00eb err\u00ebta dhe aksesor\u00eb si nj\u00eb or\u00eb elegante dhe byzylyk. Ideale p\u00ebr meshkujt q\u00eb ndjekin mod\u00ebn.<\/p>","protected":false},"excerpt":{"rendered":"<p>P\u00ebrmir\u00ebsoni gard\u00ebrob\u00ebn tuaj me k\u00ebt\u00eb bluz\u00eb elegante me vija dhe prerje slim-fit p\u00ebr meshkuj. E punuar me material t\u00eb cil\u00ebsis\u00eb s\u00eb lart\u00eb, kjo bluz\u00eb me vija vertikale t\u00eb bardha dhe t\u00eb zeza paraqet nj\u00eb dizajn modern me pulla, m\u00ebng\u00eb t\u00eb p\u00ebrveshura dhe nj\u00eb prerje t\u00eb personalizuar q\u00eb thekson trupin. Perfekte si p\u00ebr raste formale ashtu [&hellip;]<\/p>","protected":false},"featured_media":4843,"comment_status":"open","ping_status":"closed","template":"","meta":[],"product_brand":[],"product_cat":[61],"product_tag":[62,56,287],"class_list":{"0":"post-4842","1":"product","2":"type-product","3":"status-publish","4":"has-post-thumbnail","6":"product_cat-shirt","7":"product_tag-shirt","8":"product_tag-slim","9":"product_tag-striped","11":"first","12":"instock","13":"taxable","14":"shipping-taxable","15":"purchasable","16":"product-type-variable"},"jetpack_sharing_enabled":true,"_links":{"self":[{"href":"https:\/\/urban-clothingstore.com\/en\/wp-json\/wp\/v2\/product\/4842","targetHints":{"allow":["GET"]}}],"collection":[{"href":"https:\/\/urban-clothingstore.com\/en\/wp-json\/wp\/v2\/product"}],"about":[{"href":"https:\/\/urban-clothingstore.com\/en\/wp-json\/wp\/v2\/types\/product"}],"replies":[{"embeddable":true,"href":"https:\/\/urban-clothingstore.com\/en\/wp-json\/wp\/v2\/comments?post=4842"}],"wp:featuredmedia":[{"embeddable":true,"href":"https:\/\/urban-clothingstore.com\/en\/wp-json\/wp\/v2\/media\/4843"}],"wp:attachment":[{"href":"https:\/\/urban-clothingstore.com\/en\/wp-json\/wp\/v2\/media?parent=4842"}],"wp:term":[{"taxonomy":"product_brand","embeddable":true,"href":"https:\/\/urban-clothingstore.com\/en\/wp-json\/wp\/v2\/product_brand?post=4842"},{"taxonomy":"product_cat","embeddable":true,"href":"https:\/\/urban-clothingstore.com\/en\/wp-json\/wp\/v2\/product_cat?post=4842"},{"taxonomy":"product_tag","embeddable":true,"href":"https:\/\/urban-clothingstore.com\/en\/wp-json\/wp\/v2\/product_tag?post=4842"}],"curies":[{"name":"wp","href":"https:\/\/api.w.org\/{rel}","templated":true}]}}