{"id":4863,"date":"2025-07-02T23:41:14","date_gmt":"2025-07-02T23:41:14","guid":{"rendered":"https:\/\/urban-clothingstore.com\/?post_type=product&#038;p=4863"},"modified":"2025-09-19T10:05:54","modified_gmt":"2025-09-19T10:05:54","slug":"mens-striped-casual-shirt","status":"publish","type":"product","link":"https:\/\/urban-clothingstore.com\/en\/product\/mens-striped-casual-shirt\/","title":{"rendered":"K\u00ebmish\u00eb me Vija p\u00ebr Meshkuj"},"content":{"rendered":"<p dir=\"auto\">Dallohuni me k\u00ebt\u00eb k\u00ebmish\u00eb me vija p\u00ebr meshkuj, me nj\u00eb dizajn me vija vertikale blu dhe t\u00eb bardha me jak\u00eb t\u00eb hapur dhe m\u00ebng\u00eb t\u00eb p\u00ebrdredhura. E pasuruar me nj\u00eb model me tekstur\u00eb delikate, kombinohet me aksesor\u00eb t\u00eb ndryshem nj\u00eb prekje elegante. Ideale p\u00ebr dit\u00eb t\u00eb ngrohta ose dalje t\u00eb p\u00ebrditshme.<\/p>","protected":false},"excerpt":{"rendered":"<p>Dallohuni me k\u00ebt\u00eb k\u00ebmish\u00eb me vija p\u00ebr meshkuj, me nj\u00eb dizajn me vija vertikale blu dhe t\u00eb bardha me jak\u00eb t\u00eb hapur dhe m\u00ebng\u00eb t\u00eb p\u00ebrdredhura. E pasuruar me nj\u00eb model me tekstur\u00eb delikate, kombinohet me aksesor\u00eb t\u00eb ndryshem nj\u00eb prekje elegante. Ideale p\u00ebr dit\u00eb t\u00eb ngrohta ose dalje t\u00eb p\u00ebrditshme.<\/p>","protected":false},"featured_media":4864,"comment_status":"open","ping_status":"closed","template":"","meta":[],"product_brand":[],"product_cat":[61],"product_tag":[62,56,287],"class_list":{"0":"post-4863","1":"product","2":"type-product","3":"status-publish","4":"has-post-thumbnail","6":"product_cat-shirt","7":"product_tag-shirt","8":"product_tag-slim","9":"product_tag-striped","11":"first","12":"onbackorder","13":"taxable","14":"shipping-taxable","15":"purchasable","16":"product-type-variable"},"jetpack_sharing_enabled":true,"_links":{"self":[{"href":"https:\/\/urban-clothingstore.com\/en\/wp-json\/wp\/v2\/product\/4863","targetHints":{"allow":["GET"]}}],"collection":[{"href":"https:\/\/urban-clothingstore.com\/en\/wp-json\/wp\/v2\/product"}],"about":[{"href":"https:\/\/urban-clothingstore.com\/en\/wp-json\/wp\/v2\/types\/product"}],"replies":[{"embeddable":true,"href":"https:\/\/urban-clothingstore.com\/en\/wp-json\/wp\/v2\/comments?post=4863"}],"wp:featuredmedia":[{"embeddable":true,"href":"https:\/\/urban-clothingstore.com\/en\/wp-json\/wp\/v2\/media\/4864"}],"wp:attachment":[{"href":"https:\/\/urban-clothingstore.com\/en\/wp-json\/wp\/v2\/media?parent=4863"}],"wp:term":[{"taxonomy":"product_brand","embeddable":true,"href":"https:\/\/urban-clothingstore.com\/en\/wp-json\/wp\/v2\/product_brand?post=4863"},{"taxonomy":"product_cat","embeddable":true,"href":"https:\/\/urban-clothingstore.com\/en\/wp-json\/wp\/v2\/product_cat?post=4863"},{"taxonomy":"product_tag","embeddable":true,"href":"https:\/\/urban-clothingstore.com\/en\/wp-json\/wp\/v2\/product_tag?post=4863"}],"curies":[{"name":"wp","href":"https:\/\/api.w.org\/{rel}","templated":true}]}}