{"id":4905,"date":"2025-07-03T00:05:04","date_gmt":"2025-07-03T00:05:04","guid":{"rendered":"https:\/\/urban-clothingstore.com\/?post_type=product&#038;p=4905"},"modified":"2025-09-08T07:33:33","modified_gmt":"2025-09-08T07:33:33","slug":"mens-striped-casual-shirt-5","status":"publish","type":"product","link":"https:\/\/urban-clothingstore.com\/en\/product\/mens-striped-casual-shirt-5\/","title":{"rendered":"K\u00ebmish\u00eb me Vija p\u00ebr Meshkuj"},"content":{"rendered":"<p dir=\"auto\">P\u00ebrmir\u00ebsoni gard\u00ebrob\u00ebn tuaj t\u00eb p\u00ebrditshme me k\u00ebt\u00eb k\u00ebmish\u00eb t\u00eb p\u00ebrditshme me vija p\u00ebr meshkuj. Me nj\u00eb dizajn me vija vertikale ngjyr\u00eb bezh\u00eb dhe t\u00eb bardh\u00eb, nj\u00eb stil me jak\u00eb t\u00eb hapur dhe m\u00ebng\u00eb t\u00eb p\u00ebrdredhura. Perfekte p\u00ebr nj\u00eb pamje t\u00eb relaksuar por elegante, ideale p\u00ebr dit\u00eb t\u00eb ngrohta ose dalje t\u00eb p\u00ebrditshme.<\/p>","protected":false},"excerpt":{"rendered":"<p>P\u00ebrmir\u00ebsoni gard\u00ebrob\u00ebn tuaj t\u00eb p\u00ebrditshme me k\u00ebt\u00eb k\u00ebmish\u00eb t\u00eb p\u00ebrditshme me vija p\u00ebr meshkuj. Me nj\u00eb dizajn me vija vertikale ngjyr\u00eb bezh\u00eb dhe t\u00eb bardh\u00eb, nj\u00eb stil me jak\u00eb t\u00eb hapur dhe m\u00ebng\u00eb t\u00eb p\u00ebrdredhura. Perfekte p\u00ebr nj\u00eb pamje t\u00eb relaksuar por elegante, ideale p\u00ebr dit\u00eb t\u00eb ngrohta ose dalje t\u00eb p\u00ebrditshme.<\/p>","protected":false},"featured_media":4906,"comment_status":"open","ping_status":"closed","template":"","meta":[],"product_brand":[],"product_cat":[61],"product_tag":[62,57,287],"class_list":{"0":"post-4905","1":"product","2":"type-product","3":"status-publish","4":"has-post-thumbnail","6":"product_cat-shirt","7":"product_tag-shirt","8":"product_tag-slimfit","9":"product_tag-striped","11":"first","12":"instock","13":"taxable","14":"shipping-taxable","15":"purchasable","16":"product-type-variable"},"jetpack_sharing_enabled":true,"_links":{"self":[{"href":"https:\/\/urban-clothingstore.com\/en\/wp-json\/wp\/v2\/product\/4905","targetHints":{"allow":["GET"]}}],"collection":[{"href":"https:\/\/urban-clothingstore.com\/en\/wp-json\/wp\/v2\/product"}],"about":[{"href":"https:\/\/urban-clothingstore.com\/en\/wp-json\/wp\/v2\/types\/product"}],"replies":[{"embeddable":true,"href":"https:\/\/urban-clothingstore.com\/en\/wp-json\/wp\/v2\/comments?post=4905"}],"wp:featuredmedia":[{"embeddable":true,"href":"https:\/\/urban-clothingstore.com\/en\/wp-json\/wp\/v2\/media\/4906"}],"wp:attachment":[{"href":"https:\/\/urban-clothingstore.com\/en\/wp-json\/wp\/v2\/media?parent=4905"}],"wp:term":[{"taxonomy":"product_brand","embeddable":true,"href":"https:\/\/urban-clothingstore.com\/en\/wp-json\/wp\/v2\/product_brand?post=4905"},{"taxonomy":"product_cat","embeddable":true,"href":"https:\/\/urban-clothingstore.com\/en\/wp-json\/wp\/v2\/product_cat?post=4905"},{"taxonomy":"product_tag","embeddable":true,"href":"https:\/\/urban-clothingstore.com\/en\/wp-json\/wp\/v2\/product_tag?post=4905"}],"curies":[{"name":"wp","href":"https:\/\/api.w.org\/{rel}","templated":true}]}}