{"id":4912,"date":"2025-07-03T00:16:01","date_gmt":"2025-07-03T00:16:01","guid":{"rendered":"https:\/\/urban-clothingstore.com\/?post_type=product&#038;p=4912"},"modified":"2025-08-23T13:48:24","modified_gmt":"2025-08-23T13:48:24","slug":"mens-black-casual-shirt-with-slim-fit-trousers","status":"publish","type":"product","link":"https:\/\/urban-clothingstore.com\/en\/product\/mens-black-casual-shirt-with-slim-fit-trousers\/","title":{"rendered":"K\u00ebmish\u00eb e Zez\u00eb me Pantallona t\u00eb Ngushta"},"content":{"rendered":"<p dir=\"auto\">Arritni nj\u00eb pamje elegante dhe moderne me k\u00ebt\u00eb k\u00ebmish\u00eb t\u00eb zez\u00eb t\u00eb p\u00ebrditshme p\u00ebr meshkuj, t\u00eb kombinuar me pantallona t\u00eb ngushta. Me nj\u00eb dizajn me jak\u00eb t\u00eb hapur dhe m\u00ebng\u00eb t\u00eb p\u00ebrdredhura, ajo plot\u00ebsohet nga nj\u00eb or\u00eb elegante dhe mokasina t\u00eb err\u00ebta.<\/p>\n<p dir=\"auto\">Perfekte p\u00ebr nj\u00eb dalje t\u00eb sofistikuar urbane ose nj\u00eb mbr\u00ebmje elegante.<\/p>","protected":false},"excerpt":{"rendered":"<p>Arritni nj\u00eb pamje elegante dhe moderne me k\u00ebt\u00eb k\u00ebmish\u00eb t\u00eb zez\u00eb t\u00eb p\u00ebrditshme p\u00ebr meshkuj, t\u00eb kombinuar me pantallona t\u00eb ngushta. Me nj\u00eb dizajn me jak\u00eb t\u00eb hapur dhe m\u00ebng\u00eb t\u00eb p\u00ebrdredhura, ajo plot\u00ebsohet nga nj\u00eb or\u00eb elegante dhe mokasina t\u00eb err\u00ebta. Perfekte p\u00ebr nj\u00eb dalje t\u00eb sofistikuar urbane ose nj\u00eb mbr\u00ebmje elegante.<\/p>","protected":false},"featured_media":4913,"comment_status":"open","ping_status":"closed","template":"","meta":[],"product_brand":[],"product_cat":[64],"product_tag":[30,62,56,265],"class_list":{"0":"post-4912","1":"product","2":"type-product","3":"status-publish","4":"has-post-thumbnail","6":"product_cat-set","7":"product_tag-black","8":"product_tag-shirt","9":"product_tag-slim","10":"product_tag-trousers","12":"first","13":"instock","14":"taxable","15":"shipping-taxable","16":"purchasable","17":"product-type-variable"},"jetpack_sharing_enabled":true,"_links":{"self":[{"href":"https:\/\/urban-clothingstore.com\/en\/wp-json\/wp\/v2\/product\/4912","targetHints":{"allow":["GET"]}}],"collection":[{"href":"https:\/\/urban-clothingstore.com\/en\/wp-json\/wp\/v2\/product"}],"about":[{"href":"https:\/\/urban-clothingstore.com\/en\/wp-json\/wp\/v2\/types\/product"}],"replies":[{"embeddable":true,"href":"https:\/\/urban-clothingstore.com\/en\/wp-json\/wp\/v2\/comments?post=4912"}],"wp:featuredmedia":[{"embeddable":true,"href":"https:\/\/urban-clothingstore.com\/en\/wp-json\/wp\/v2\/media\/4913"}],"wp:attachment":[{"href":"https:\/\/urban-clothingstore.com\/en\/wp-json\/wp\/v2\/media?parent=4912"}],"wp:term":[{"taxonomy":"product_brand","embeddable":true,"href":"https:\/\/urban-clothingstore.com\/en\/wp-json\/wp\/v2\/product_brand?post=4912"},{"taxonomy":"product_cat","embeddable":true,"href":"https:\/\/urban-clothingstore.com\/en\/wp-json\/wp\/v2\/product_cat?post=4912"},{"taxonomy":"product_tag","embeddable":true,"href":"https:\/\/urban-clothingstore.com\/en\/wp-json\/wp\/v2\/product_tag?post=4912"}],"curies":[{"name":"wp","href":"https:\/\/api.w.org\/{rel}","templated":true}]}}