{"id":5008,"date":"2025-07-03T00:45:03","date_gmt":"2025-07-03T00:45:03","guid":{"rendered":"https:\/\/urban-clothingstore.com\/?post_type=product&#038;p=5008"},"modified":"2025-08-23T13:46:18","modified_gmt":"2025-08-23T13:46:18","slug":"mens-light-blue-dress-shirt-with-black-trousers","status":"publish","type":"product","link":"https:\/\/urban-clothingstore.com\/en\/product\/mens-light-blue-dress-shirt-with-black-trousers\/","title":{"rendered":"K\u00ebmish\u00eb e Blu e Hapur me Pantallona t\u00eb Zeza"},"content":{"rendered":"<p dir=\"auto\">Arritni nj\u00eb pamje elegante me k\u00ebt\u00eb k\u00ebmish\u00eb blu t\u00eb \u00e7el\u00ebt p\u00ebr meshkuj t\u00eb kombinuar me pantallona t\u00eb zeza. Me nj\u00eb dizajn me jak\u00eb t\u00eb hapur, m\u00ebng\u00eb t\u00eb p\u00ebrveshura dhe t\u00eb theksuara me nj\u00eb or\u00eb dhe byzylyk, kjo veshje \u00ebsht\u00eb perfekte p\u00ebr nj\u00eb rast modern t\u00eb zakonsh\u00ebm ose gjysm\u00eb-formal.<\/p>","protected":false},"excerpt":{"rendered":"<p>Arritni nj\u00eb pamje elegante me k\u00ebt\u00eb k\u00ebmish\u00eb blu t\u00eb \u00e7el\u00ebt p\u00ebr meshkuj t\u00eb kombinuar me pantallona t\u00eb zeza. Me nj\u00eb dizajn me jak\u00eb t\u00eb hapur, m\u00ebng\u00eb t\u00eb p\u00ebrveshura dhe t\u00eb theksuara me nj\u00eb or\u00eb dhe byzylyk, kjo veshje \u00ebsht\u00eb perfekte p\u00ebr nj\u00eb rast modern t\u00eb zakonsh\u00ebm ose gjysm\u00eb-formal.<\/p>","protected":false},"featured_media":4965,"comment_status":"open","ping_status":"closed","template":"","meta":[],"product_brand":[],"product_cat":[64],"product_tag":[30,43,62,57,265],"class_list":{"0":"post-5008","1":"product","2":"type-product","3":"status-publish","4":"has-post-thumbnail","6":"product_cat-set","7":"product_tag-black","8":"product_tag-blue","9":"product_tag-shirt","10":"product_tag-slimfit","11":"product_tag-trousers","13":"first","14":"instock","15":"taxable","16":"shipping-taxable","17":"purchasable","18":"product-type-variable"},"jetpack_sharing_enabled":true,"_links":{"self":[{"href":"https:\/\/urban-clothingstore.com\/en\/wp-json\/wp\/v2\/product\/5008","targetHints":{"allow":["GET"]}}],"collection":[{"href":"https:\/\/urban-clothingstore.com\/en\/wp-json\/wp\/v2\/product"}],"about":[{"href":"https:\/\/urban-clothingstore.com\/en\/wp-json\/wp\/v2\/types\/product"}],"replies":[{"embeddable":true,"href":"https:\/\/urban-clothingstore.com\/en\/wp-json\/wp\/v2\/comments?post=5008"}],"wp:featuredmedia":[{"embeddable":true,"href":"https:\/\/urban-clothingstore.com\/en\/wp-json\/wp\/v2\/media\/4965"}],"wp:attachment":[{"href":"https:\/\/urban-clothingstore.com\/en\/wp-json\/wp\/v2\/media?parent=5008"}],"wp:term":[{"taxonomy":"product_brand","embeddable":true,"href":"https:\/\/urban-clothingstore.com\/en\/wp-json\/wp\/v2\/product_brand?post=5008"},{"taxonomy":"product_cat","embeddable":true,"href":"https:\/\/urban-clothingstore.com\/en\/wp-json\/wp\/v2\/product_cat?post=5008"},{"taxonomy":"product_tag","embeddable":true,"href":"https:\/\/urban-clothingstore.com\/en\/wp-json\/wp\/v2\/product_tag?post=5008"}],"curies":[{"name":"wp","href":"https:\/\/api.w.org\/{rel}","templated":true}]}}