{"id":5183,"date":"2025-07-04T12:19:28","date_gmt":"2025-07-04T12:19:28","guid":{"rendered":"https:\/\/urban-clothingstore.com\/?post_type=product&#038;p=5183"},"modified":"2026-03-23T12:09:14","modified_gmt":"2026-03-23T12:09:14","slug":"mens-bold-blue-ribbed-knit-tee-high-waisted-pleated-trousers-set","status":"publish","type":"product","link":"https:\/\/urban-clothingstore.com\/en\/product\/mens-bold-blue-ribbed-knit-tee-high-waisted-pleated-trousers-set\/","title":{"rendered":"Bluz\u00eb me Thurje dhe Pantallona t\u00eb Plisuara me Bel t\u00eb Lart\u00eb"},"content":{"rendered":"<p>Dallohuni me k\u00ebt\u00eb version t\u00eb guximsh\u00ebm dhe modern. Kjo bluz\u00eb e gjall\u00eb me thurje kombinohet me pantallona me bel t\u00eb lart\u00eb dhe t\u00eb palosura n\u00eb nj\u00eb nuanc\u00eb t\u00eb p\u00ebrshtatshme, duke krijuar nj\u00eb pamje t\u00eb sigurt dhe t\u00eb past\u00ebr. Pavar\u00ebsisht n\u00ebse po shkoni n\u00eb nj\u00eb event veror apo dalje e zakonshme, ky komplet ofron rehati, tekstur\u00eb dhe impakt t\u00eb lart\u00eb stili.<\/p>\n<ul>\n<li>Materiali: Triko e leht\u00eb me nj\u00eb fund t\u00eb but\u00eb dhe t\u00eb ajrosur<\/li>\n<li>Ngjyra: Blu e mesme (m\u00eb e ndritshme se blu e err\u00ebt)<\/li>\n<li>E holl\u00eb dhe e strukturuar p\u00ebr nj\u00eb siluet\u00eb q\u00eb p\u00ebrqafon trupin<\/li>\n<li>M\u00ebng\u00eb t\u00eb shkurtra<\/li>\n<li>Jak\u00eb klasike e rrumbullak\u00ebt p\u00ebr t\u00eb mbajtur pamjen t\u00eb rafinuar dhe moderne<\/li>\n<\/ul>","protected":false},"excerpt":{"rendered":"<p>Dallohuni me k\u00ebt\u00eb version t\u00eb guximsh\u00ebm dhe modern. Kjo bluz\u00eb e gjall\u00eb me thurje kombinohet me pantallona me bel t\u00eb lart\u00eb dhe t\u00eb palosura n\u00eb nj\u00eb nuanc\u00eb t\u00eb p\u00ebrshtatshme, duke krijuar nj\u00eb pamje t\u00eb sigurt dhe t\u00eb past\u00ebr. Pavar\u00ebsisht n\u00ebse po shkoni n\u00eb nj\u00eb event veror apo dalje e zakonshme, ky komplet ofron rehati, tekstur\u00eb [&hellip;]<\/p>","protected":false},"featured_media":5185,"comment_status":"open","ping_status":"closed","template":"","meta":[],"product_brand":[],"product_cat":[21],"product_tag":[43,57,281],"class_list":{"0":"post-5183","1":"product","2":"type-product","3":"status-publish","4":"has-post-thumbnail","6":"product_cat-tshirts","7":"product_tag-blue","8":"product_tag-slimfit","9":"product_tag-tshirt","11":"first","12":"outofstock","13":"sale","14":"taxable","15":"shipping-taxable","16":"purchasable","17":"product-type-variable"},"jetpack_sharing_enabled":true,"_links":{"self":[{"href":"https:\/\/urban-clothingstore.com\/en\/wp-json\/wp\/v2\/product\/5183","targetHints":{"allow":["GET"]}}],"collection":[{"href":"https:\/\/urban-clothingstore.com\/en\/wp-json\/wp\/v2\/product"}],"about":[{"href":"https:\/\/urban-clothingstore.com\/en\/wp-json\/wp\/v2\/types\/product"}],"replies":[{"embeddable":true,"href":"https:\/\/urban-clothingstore.com\/en\/wp-json\/wp\/v2\/comments?post=5183"}],"wp:featuredmedia":[{"embeddable":true,"href":"https:\/\/urban-clothingstore.com\/en\/wp-json\/wp\/v2\/media\/5185"}],"wp:attachment":[{"href":"https:\/\/urban-clothingstore.com\/en\/wp-json\/wp\/v2\/media?parent=5183"}],"wp:term":[{"taxonomy":"product_brand","embeddable":true,"href":"https:\/\/urban-clothingstore.com\/en\/wp-json\/wp\/v2\/product_brand?post=5183"},{"taxonomy":"product_cat","embeddable":true,"href":"https:\/\/urban-clothingstore.com\/en\/wp-json\/wp\/v2\/product_cat?post=5183"},{"taxonomy":"product_tag","embeddable":true,"href":"https:\/\/urban-clothingstore.com\/en\/wp-json\/wp\/v2\/product_tag?post=5183"}],"curies":[{"name":"wp","href":"https:\/\/api.w.org\/{rel}","templated":true}]}}