{"id":5288,"date":"2025-07-07T20:34:48","date_gmt":"2025-07-07T20:34:48","guid":{"rendered":"https:\/\/urban-clothingstore.com\/?post_type=product&#038;p=5288"},"modified":"2025-08-26T11:49:44","modified_gmt":"2025-08-26T11:49:44","slug":"ripped-light-blue-denim-bermuda-shorts","status":"publish","type":"product","link":"https:\/\/urban-clothingstore.com\/en\/product\/ripped-light-blue-denim-bermuda-shorts\/","title":{"rendered":"Xhinse t\u00eb Shkurtra t\u00eb Grisura, Blu"},"content":{"rendered":"<p dir=\"auto\"><span class=\"jCAhz ChMk0b\"><span class=\"ryNqvb\">Ndihuni rehat me k\u00ebto xhinse t\u00eb shkurta blu t\u00eb grisura.<\/span><\/span> <span class=\"jCAhz ChMk0b\"><span class=\"ryNqvb\">T\u00eb punuara nga xhins i leht\u00eb, k\u00ebto pantallona t\u00eb shkurtra kan\u00eb nj\u00eb dizajn t\u00eb grisur n\u00eb mod\u00eb dhe nj\u00eb prerje t\u00eb relaksuar Bermuda p\u00ebr rehati dhe stil maksimal.<\/span><\/span> <span class=\"jCAhz ChMk0b\"><span class=\"ryNqvb\">Perfekte p\u00ebr daljet e rast\u00ebsishme verore, ato kombinohen pa mundim me bluza grafike ose me kopsa.<\/span><\/span> <span class=\"jCAhz ChMk0b\"><span class=\"ryNqvb\">T\u00eb kompletuara me xhepa klasik\u00eb dhe nj\u00eb p\u00ebrfundim t\u00eb grisur, k\u00ebto pantallona t\u00eb shkurtra jan\u00eb nj\u00eb shtes\u00eb e spikatur p\u00ebr \u00e7do gard\u00ebrob\u00eb.<\/span><\/span><\/p>\n<ul>\n<li dir=\"auto\"><span class=\"jCAhz ChMk0b\"><span class=\"ryNqvb\">P\u00ebrshtatje e relaksuar n\u00eb stilin Bermuda p\u00ebr rehati gjat\u00eb gjith\u00eb dit\u00ebs <\/span><\/span><\/li>\n<li dir=\"auto\"><span class=\"jCAhz ChMk0b\"><span class=\"ryNqvb\">Dizajni: Detaje t\u00eb grisura p\u00ebr nj\u00eb pamje moderne dhe t\u00eb grisur <\/span><\/span><\/li>\n<li dir=\"auto\"><span class=\"jCAhz ChMk0b\"><span class=\"ryNqvb\">Xhepat: Dizajn klasik me pes\u00eb xhepa p\u00ebr praktik\u00eb <\/span><\/span><\/li>\n<li dir=\"auto\"><span class=\"jCAhz ChMk0b\"><span class=\"ryNqvb\">Ideale p\u00ebr veshje t\u00eb rast\u00ebsishme, kombinohet mir\u00eb me bluza t\u00eb ndryshme <\/span><\/span><\/li>\n<li dir=\"auto\"><span class=\"jCAhz ChMk0b\"><span class=\"ryNqvb\">Q\u00ebndrueshm\u00ebria: Qepje e fort\u00eb p\u00ebr p\u00ebrdorim afatgjat\u00eb <\/span><\/span><\/li>\n<li dir=\"auto\"><span class=\"jCAhz ChMk0b\"><span class=\"ryNqvb\">Kujdesi: Mund t\u00eb lahet n\u00eb lavatri\u00e7e p\u00ebr mir\u00ebmbajtje t\u00eb leht\u00eb\u00a0<\/span><\/span><\/li>\n<\/ul>","protected":false},"excerpt":{"rendered":"<p>Ndihuni rehat me k\u00ebto xhinse t\u00eb shkurta blu t\u00eb grisura. T\u00eb punuara nga xhins i leht\u00eb, k\u00ebto pantallona t\u00eb shkurtra kan\u00eb nj\u00eb dizajn t\u00eb grisur n\u00eb mod\u00eb dhe nj\u00eb prerje t\u00eb relaksuar Bermuda p\u00ebr rehati dhe stil maksimal. Perfekte p\u00ebr daljet e rast\u00ebsishme verore, ato kombinohen pa mundim me bluza grafike ose me kopsa. T\u00eb [&hellip;]<\/p>","protected":false},"featured_media":5289,"comment_status":"open","ping_status":"closed","template":"","meta":[],"product_brand":[],"product_cat":[69],"product_tag":[291,70,45],"class_list":{"0":"post-5288","1":"product","2":"type-product","3":"status-publish","4":"has-post-thumbnail","6":"product_cat-shorts","7":"product_tag-2ypremium","8":"product_tag-shorts","9":"product_tag-skyblue","11":"first","12":"instock","13":"taxable","14":"shipping-taxable","15":"purchasable","16":"product-type-variable"},"jetpack_sharing_enabled":true,"_links":{"self":[{"href":"https:\/\/urban-clothingstore.com\/en\/wp-json\/wp\/v2\/product\/5288","targetHints":{"allow":["GET"]}}],"collection":[{"href":"https:\/\/urban-clothingstore.com\/en\/wp-json\/wp\/v2\/product"}],"about":[{"href":"https:\/\/urban-clothingstore.com\/en\/wp-json\/wp\/v2\/types\/product"}],"replies":[{"embeddable":true,"href":"https:\/\/urban-clothingstore.com\/en\/wp-json\/wp\/v2\/comments?post=5288"}],"wp:featuredmedia":[{"embeddable":true,"href":"https:\/\/urban-clothingstore.com\/en\/wp-json\/wp\/v2\/media\/5289"}],"wp:attachment":[{"href":"https:\/\/urban-clothingstore.com\/en\/wp-json\/wp\/v2\/media?parent=5288"}],"wp:term":[{"taxonomy":"product_brand","embeddable":true,"href":"https:\/\/urban-clothingstore.com\/en\/wp-json\/wp\/v2\/product_brand?post=5288"},{"taxonomy":"product_cat","embeddable":true,"href":"https:\/\/urban-clothingstore.com\/en\/wp-json\/wp\/v2\/product_cat?post=5288"},{"taxonomy":"product_tag","embeddable":true,"href":"https:\/\/urban-clothingstore.com\/en\/wp-json\/wp\/v2\/product_tag?post=5288"}],"curies":[{"name":"wp","href":"https:\/\/api.w.org\/{rel}","templated":true}]}}