{"id":5297,"date":"2025-07-07T20:38:31","date_gmt":"2025-07-07T20:38:31","guid":{"rendered":"https:\/\/urban-clothingstore.com\/?post_type=product&#038;p=5297"},"modified":"2026-03-07T18:33:21","modified_gmt":"2026-03-07T18:33:21","slug":"black-pinstripe-slim-fit-dress-pants","status":"publish","type":"product","link":"https:\/\/urban-clothingstore.com\/en\/product\/black-pinstripe-slim-fit-dress-pants\/","title":{"rendered":"Pantallona t\u00eb Zeza me Vija t\u00eb Holla"},"content":{"rendered":"<div class=\"lRu31\" dir=\"ltr\"><span class=\"HwtZe\" lang=\"sq\"><span class=\"jCAhz ChMk0b\"><span class=\"ryNqvb\">Ngritni pamjen tuaj formale ose gjysm\u00eb t\u00eb rast\u00ebsishme me k\u00ebto pantallona t\u00eb zeza me vija t\u00eb holla.<\/span><\/span> <span class=\"jCAhz ChMk0b\"><span class=\"ryNqvb\">Me nj\u00eb baz\u00eb t\u00eb zez\u00eb elegante me vija delikate t\u00eb bardha, k\u00ebto pantallona ofrojn\u00eb nj\u00eb prerje t\u00eb ngusht\u00eb t\u00eb p\u00ebrshtatur q\u00eb p\u00ebrmir\u00ebson \u00e7do veshje.<\/span><\/span> <span class=\"jCAhz ChMk0b\"><span class=\"ryNqvb\">Perfekte p\u00ebr ambiente zyre, evente ose dalje elegante, ato kombinohen pa mundim me k\u00ebmisha ose xhaketa.<\/span><\/span> <span class=\"jCAhz ChMk0b\"><span class=\"ryNqvb\">T\u00eb dizajnuara me xhepa an\u00ebsor\u00eb dhe nj\u00eb p\u00eblhur\u00eb elastike t\u00eb rehatshme, k\u00ebto pantallona kombinojn\u00eb sofistikimin me leht\u00ebsin\u00eb moderne.<\/span><\/span> <\/span><\/div>\n<ul>\n<li class=\"lRu31\" dir=\"ltr\"><span class=\"HwtZe\" lang=\"sq\"><span class=\"jCAhz ChMk0b\"><span class=\"ryNqvb\">Materiali: P\u00ebrzierje p\u00eblhure elastike p\u00ebr rehati dhe fleksibilitet <\/span><\/span><\/span><\/li>\n<li class=\"lRu31\" dir=\"ltr\"><span class=\"HwtZe\" lang=\"sq\"><span class=\"jCAhz ChMk0b\"><span class=\"ryNqvb\">Dizajn i ngusht\u00eb p\u00ebr nj\u00eb siluet\u00eb t\u00eb p\u00ebrshtatur dhe moderne <\/span><\/span><\/span><\/li>\n<li class=\"lRu31\" dir=\"ltr\"><span class=\"HwtZe\" lang=\"sq\"><span class=\"jCAhz ChMk0b\"><span class=\"ryNqvb\">E zez\u00eb me vija delikate t\u00eb bardha p\u00ebr nj\u00eb pamje klasike <\/span><\/span><\/span><\/li>\n<li class=\"lRu31\" dir=\"ltr\"><span class=\"HwtZe\" lang=\"sq\"><span class=\"jCAhz ChMk0b\"><span class=\"ryNqvb\">Xhepa an\u00ebsor\u00eb p\u00ebr praktik\u00eb <\/span><\/span><\/span><\/li>\n<li class=\"lRu31\" dir=\"ltr\"><span class=\"HwtZe\" lang=\"sq\"><span class=\"jCAhz ChMk0b\"><span class=\"ryNqvb\">I p\u00ebrshtatsh\u00ebm p\u00ebr veshje formale, zyre ose gjysm\u00eb t\u00eb rast\u00ebsishme <\/span><\/span><\/span><\/li>\n<li class=\"lRu31\" dir=\"ltr\"><span class=\"HwtZe\" lang=\"sq\"><span class=\"jCAhz ChMk0b\"><span class=\"ryNqvb\">Qepje e p\u00ebrforcuar p\u00ebr p\u00ebrdorim afatgjat\u00eb <\/span><\/span><\/span><\/li>\n<li class=\"lRu31\" dir=\"ltr\"><span class=\"HwtZe\" lang=\"sq\"><span class=\"jCAhz ChMk0b\"><span class=\"ryNqvb\">Lahet n\u00eb lavatri\u00e7e p\u00ebr mir\u00ebmbajtje t\u00eb leht\u00eb<\/span><\/span><\/span>\n<div class=\"OvtS8d\"><\/div>\n<div class=\"NQSJo\"><\/div>\n<\/li>\n<li class=\"UdTY9 WdefRb\" aria-hidden=\"true\" data-location=\"2\"><\/li>\n<\/ul>","protected":false},"excerpt":{"rendered":"<p>Ngritni pamjen tuaj formale ose gjysm\u00eb t\u00eb rast\u00ebsishme me k\u00ebto pantallona t\u00eb zeza me vija t\u00eb holla. Me nj\u00eb baz\u00eb t\u00eb zez\u00eb elegante me vija delikate t\u00eb bardha, k\u00ebto pantallona ofrojn\u00eb nj\u00eb prerje t\u00eb ngusht\u00eb t\u00eb p\u00ebrshtatur q\u00eb p\u00ebrmir\u00ebson \u00e7do veshje. Perfekte p\u00ebr ambiente zyre, evente ose dalje elegante, ato kombinohen pa mundim me k\u00ebmisha [&hellip;]<\/p>","protected":false},"featured_media":5298,"comment_status":"open","ping_status":"closed","template":"","meta":[],"product_brand":[],"product_cat":[58],"product_tag":[54,57],"class_list":{"0":"post-5297","1":"product","2":"type-product","3":"status-publish","4":"has-post-thumbnail","6":"product_cat-pants","7":"product_tag-pants","8":"product_tag-slimfit","10":"first","11":"instock","12":"taxable","13":"shipping-taxable","14":"purchasable","15":"product-type-variable"},"jetpack_sharing_enabled":true,"_links":{"self":[{"href":"https:\/\/urban-clothingstore.com\/en\/wp-json\/wp\/v2\/product\/5297","targetHints":{"allow":["GET"]}}],"collection":[{"href":"https:\/\/urban-clothingstore.com\/en\/wp-json\/wp\/v2\/product"}],"about":[{"href":"https:\/\/urban-clothingstore.com\/en\/wp-json\/wp\/v2\/types\/product"}],"replies":[{"embeddable":true,"href":"https:\/\/urban-clothingstore.com\/en\/wp-json\/wp\/v2\/comments?post=5297"}],"wp:featuredmedia":[{"embeddable":true,"href":"https:\/\/urban-clothingstore.com\/en\/wp-json\/wp\/v2\/media\/5298"}],"wp:attachment":[{"href":"https:\/\/urban-clothingstore.com\/en\/wp-json\/wp\/v2\/media?parent=5297"}],"wp:term":[{"taxonomy":"product_brand","embeddable":true,"href":"https:\/\/urban-clothingstore.com\/en\/wp-json\/wp\/v2\/product_brand?post=5297"},{"taxonomy":"product_cat","embeddable":true,"href":"https:\/\/urban-clothingstore.com\/en\/wp-json\/wp\/v2\/product_cat?post=5297"},{"taxonomy":"product_tag","embeddable":true,"href":"https:\/\/urban-clothingstore.com\/en\/wp-json\/wp\/v2\/product_tag?post=5297"}],"curies":[{"name":"wp","href":"https:\/\/api.w.org\/{rel}","templated":true}]}}