{"id":5308,"date":"2025-07-07T20:41:18","date_gmt":"2025-07-07T20:41:18","guid":{"rendered":"https:\/\/urban-clothingstore.com\/?post_type=product&#038;p=5308"},"modified":"2026-03-07T18:32:18","modified_gmt":"2026-03-07T18:32:18","slug":"light-grey-pinstripe-slim-fit-dress-pants","status":"publish","type":"product","link":"https:\/\/urban-clothingstore.com\/en\/product\/light-grey-pinstripe-slim-fit-dress-pants\/","title":{"rendered":"Pantallona t\u00eb Ngushta me Vija Gri"},"content":{"rendered":"<div class=\"lRu31\" dir=\"ltr\"><span class=\"HwtZe\" lang=\"sq\"><span class=\"jCAhz ChMk0b\"><span class=\"ryNqvb\">P\u00ebrmir\u00ebsoni stilin tuaj me k\u00ebto pantallona t\u00eb ngushta me vija gri t\u00eb \u00e7el\u00ebta.<\/span><\/span> <span class=\"jCAhz\"><span class=\"ryNqvb\">Me nj\u00eb nuanc\u00eb t\u00eb sofistikuar gri t\u00eb \u00e7el\u00ebt me vija delikate, k\u00ebto pantallona ofrojn\u00eb nj\u00eb prerje t\u00eb ngusht\u00eb t\u00eb p\u00ebrshtatur p\u00ebr nj\u00eb pamje t\u00eb l\u00ebmuar.<\/span><\/span> <span class=\"jCAhz ChMk0b\"><span class=\"ryNqvb\">Ideale p\u00ebr ambiente profesionale ose raste elegante dhe t\u00eb zakonshme, ato kombinohen n\u00eb m\u00ebnyr\u00eb t\u00eb p\u00ebrsosur me k\u00ebmisha ose xhaketa.<\/span><\/span> <span class=\"jCAhz ChMk0b\"><span class=\"ryNqvb\">T\u00eb punuara me nj\u00eb p\u00ebrzierje p\u00eblhure elastike dhe xhepa an\u00ebsor\u00eb, k\u00ebto pantallona ofrojn\u00eb rehati dhe shkatht\u00ebsi.<\/span><\/span> <\/span><\/div>\n<ul>\n<li class=\"lRu31\" dir=\"ltr\"><span class=\"HwtZe\" lang=\"sq\"><span class=\"jCAhz ChMk0b\"><span class=\"ryNqvb\">Materiali: P\u00ebrzierje p\u00eblhure elastike p\u00ebr fleksibilitet dhe rehati <\/span><\/span><\/span><\/li>\n<li class=\"lRu31\" dir=\"ltr\"><span class=\"HwtZe\" lang=\"sq\"><span class=\"jCAhz ChMk0b\"><span class=\"ryNqvb\">Dizajn i ngusht\u00eb p\u00ebr nj\u00eb pamje elegante dhe t\u00eb p\u00ebrshtatur <\/span><\/span><\/span><\/li>\n<li class=\"lRu31\" dir=\"ltr\"><span class=\"HwtZe\" lang=\"sq\"><span class=\"jCAhz ChMk0b\"><span class=\"ryNqvb\">Gri i \u00e7el\u00ebt me vija delikate p\u00ebr nj\u00eb stil t\u00eb rafinuar <\/span><\/span><\/span><\/li>\n<li class=\"lRu31\" dir=\"ltr\"><span class=\"HwtZe\" lang=\"sq\"><span class=\"jCAhz ChMk0b\"><span class=\"ryNqvb\">Xhepa an\u00ebsor\u00eb p\u00ebr m\u00eb shum\u00eb komoditet <\/span><\/span><\/span><\/li>\n<li class=\"lRu31\" dir=\"ltr\"><span class=\"HwtZe\" lang=\"sq\"><span class=\"jCAhz ChMk0b\"><span class=\"ryNqvb\">Perfekte p\u00ebr veshje zyre ose evente gjysm\u00ebformale <\/span><\/span><\/span><\/li>\n<li class=\"lRu31\" dir=\"ltr\"><span class=\"HwtZe\" lang=\"sq\"><span class=\"jCAhz ChMk0b\"><span class=\"ryNqvb\">Qepje e p\u00ebrforcuar p\u00ebr veshje afatgjat\u00eb <\/span><\/span><\/span><\/li>\n<li class=\"lRu31\" dir=\"ltr\"><span class=\"HwtZe\" lang=\"sq\"><span class=\"jCAhz ChMk0b\"><span class=\"ryNqvb\">Lahen n\u00eb lavatri\u00e7e p\u00ebr mir\u00ebmbajtje t\u00eb leht\u00eb<\/span><\/span><\/span><\/li>\n<\/ul>","protected":false},"excerpt":{"rendered":"<p>P\u00ebrmir\u00ebsoni stilin tuaj me k\u00ebto pantallona t\u00eb ngushta me vija gri t\u00eb \u00e7el\u00ebta. Me nj\u00eb nuanc\u00eb t\u00eb sofistikuar gri t\u00eb \u00e7el\u00ebt me vija delikate, k\u00ebto pantallona ofrojn\u00eb nj\u00eb prerje t\u00eb ngusht\u00eb t\u00eb p\u00ebrshtatur p\u00ebr nj\u00eb pamje t\u00eb l\u00ebmuar. Ideale p\u00ebr ambiente profesionale ose raste elegante dhe t\u00eb zakonshme, ato kombinohen n\u00eb m\u00ebnyr\u00eb t\u00eb p\u00ebrsosur me [&hellip;]<\/p>","protected":false},"featured_media":5299,"comment_status":"open","ping_status":"closed","template":"","meta":[],"product_brand":[],"product_cat":[58],"product_tag":[54,57],"class_list":{"0":"post-5308","1":"product","2":"type-product","3":"status-publish","4":"has-post-thumbnail","6":"product_cat-pants","7":"product_tag-pants","8":"product_tag-slimfit","10":"first","11":"instock","12":"taxable","13":"shipping-taxable","14":"purchasable","15":"product-type-variable"},"jetpack_sharing_enabled":true,"_links":{"self":[{"href":"https:\/\/urban-clothingstore.com\/en\/wp-json\/wp\/v2\/product\/5308","targetHints":{"allow":["GET"]}}],"collection":[{"href":"https:\/\/urban-clothingstore.com\/en\/wp-json\/wp\/v2\/product"}],"about":[{"href":"https:\/\/urban-clothingstore.com\/en\/wp-json\/wp\/v2\/types\/product"}],"replies":[{"embeddable":true,"href":"https:\/\/urban-clothingstore.com\/en\/wp-json\/wp\/v2\/comments?post=5308"}],"wp:featuredmedia":[{"embeddable":true,"href":"https:\/\/urban-clothingstore.com\/en\/wp-json\/wp\/v2\/media\/5299"}],"wp:attachment":[{"href":"https:\/\/urban-clothingstore.com\/en\/wp-json\/wp\/v2\/media?parent=5308"}],"wp:term":[{"taxonomy":"product_brand","embeddable":true,"href":"https:\/\/urban-clothingstore.com\/en\/wp-json\/wp\/v2\/product_brand?post=5308"},{"taxonomy":"product_cat","embeddable":true,"href":"https:\/\/urban-clothingstore.com\/en\/wp-json\/wp\/v2\/product_cat?post=5308"},{"taxonomy":"product_tag","embeddable":true,"href":"https:\/\/urban-clothingstore.com\/en\/wp-json\/wp\/v2\/product_tag?post=5308"}],"curies":[{"name":"wp","href":"https:\/\/api.w.org\/{rel}","templated":true}]}}