{"id":5406,"date":"2025-07-18T12:39:40","date_gmt":"2025-07-18T12:39:40","guid":{"rendered":"https:\/\/urban-clothingstore.com\/?post_type=product&#038;p=5406"},"modified":"2025-09-08T07:29:45","modified_gmt":"2025-09-08T07:29:45","slug":"mens-slim-fit-vertical-striped-dress-shirt","status":"publish","type":"product","link":"https:\/\/urban-clothingstore.com\/en\/product\/mens-slim-fit-vertical-striped-dress-shirt\/","title":{"rendered":"K\u00ebmish\u00eb me Vija Vertikale slim-fit"},"content":{"rendered":"<p>Ngritni pamjen tuaj formale me k\u00ebt\u00eb k\u00ebmish\u00eb elegante dhe t\u00eb ngusht\u00eb p\u00ebr meshkuj. Me vija vertikale t\u00eb theksuara n\u00eb t\u00eb zez\u00ebn klasike mbi nj\u00eb baz\u00eb t\u00eb bardh\u00eb t\u00eb fresk\u00ebt, kjo k\u00ebmish\u00eb \u00ebsht\u00eb projektuar p\u00ebr t\u00eb nxjerr\u00eb n\u00eb pah fizikun tuaj me prerjen e saj t\u00eb personalizuar dhe materialin elastik.<\/p>\n<p>Jaka e mpreht\u00eb dhe pjesa e p\u00ebrparme me kopsa t\u00eb plota ofrojn\u00eb nj\u00eb prekje t\u00eb rafinuar, duke e b\u00ebr\u00eb at\u00eb perfekte p\u00ebr takime biznesi, takime n\u00eb mbr\u00ebmje ose evente luksoze.<\/p>\n<p>Kombinojeni pa mundim me pantallona t\u00eb gjata ose pantallona t\u00eb gjera chino p\u00ebr nj\u00eb pamje t\u00eb l\u00ebmuar dhe t\u00eb sigurt.<\/p>","protected":false},"excerpt":{"rendered":"<p>Ngritni pamjen tuaj formale me k\u00ebt\u00eb k\u00ebmish\u00eb elegante dhe t\u00eb ngusht\u00eb p\u00ebr meshkuj. Me vija vertikale t\u00eb theksuara n\u00eb t\u00eb zez\u00ebn klasike mbi nj\u00eb baz\u00eb t\u00eb bardh\u00eb t\u00eb fresk\u00ebt, kjo k\u00ebmish\u00eb \u00ebsht\u00eb projektuar p\u00ebr t\u00eb nxjerr\u00eb n\u00eb pah fizikun tuaj me prerjen e saj t\u00eb personalizuar dhe materialin elastik. Jaka e mpreht\u00eb dhe pjesa e [&hellip;]<\/p>","protected":false},"featured_media":5407,"comment_status":"open","ping_status":"closed","template":"","meta":[],"product_brand":[],"product_cat":[61],"product_tag":[],"class_list":{"0":"post-5406","1":"product","2":"type-product","3":"status-publish","4":"has-post-thumbnail","6":"product_cat-shirt","8":"first","9":"instock","10":"taxable","11":"shipping-taxable","12":"purchasable","13":"product-type-variable"},"jetpack_sharing_enabled":true,"_links":{"self":[{"href":"https:\/\/urban-clothingstore.com\/en\/wp-json\/wp\/v2\/product\/5406","targetHints":{"allow":["GET"]}}],"collection":[{"href":"https:\/\/urban-clothingstore.com\/en\/wp-json\/wp\/v2\/product"}],"about":[{"href":"https:\/\/urban-clothingstore.com\/en\/wp-json\/wp\/v2\/types\/product"}],"replies":[{"embeddable":true,"href":"https:\/\/urban-clothingstore.com\/en\/wp-json\/wp\/v2\/comments?post=5406"}],"wp:featuredmedia":[{"embeddable":true,"href":"https:\/\/urban-clothingstore.com\/en\/wp-json\/wp\/v2\/media\/5407"}],"wp:attachment":[{"href":"https:\/\/urban-clothingstore.com\/en\/wp-json\/wp\/v2\/media?parent=5406"}],"wp:term":[{"taxonomy":"product_brand","embeddable":true,"href":"https:\/\/urban-clothingstore.com\/en\/wp-json\/wp\/v2\/product_brand?post=5406"},{"taxonomy":"product_cat","embeddable":true,"href":"https:\/\/urban-clothingstore.com\/en\/wp-json\/wp\/v2\/product_cat?post=5406"},{"taxonomy":"product_tag","embeddable":true,"href":"https:\/\/urban-clothingstore.com\/en\/wp-json\/wp\/v2\/product_tag?post=5406"}],"curies":[{"name":"wp","href":"https:\/\/api.w.org\/{rel}","templated":true}]}}