{"id":5661,"date":"2025-08-26T11:15:26","date_gmt":"2025-08-26T11:15:26","guid":{"rendered":"https:\/\/urban-clothingstore.com\/?post_type=product&#038;p=5661"},"modified":"2025-08-28T13:55:10","modified_gmt":"2025-08-28T13:55:10","slug":"mens-classic-double-breasted-navy-trench-coat","status":"publish","type":"product","link":"https:\/\/urban-clothingstore.com\/en\/product\/mens-classic-double-breasted-navy-trench-coat\/","title":{"rendered":"Mantill Tren\u00e7 Ngjyr\u00eb Blu e Err\u00ebt"},"content":{"rendered":"<p><span class=\"jCAhz ChMk0b\"><span class=\"ryNqvb\">P\u00ebrmir\u00ebsoni stilin tuaj me k\u00ebt\u00eb mantill me ngjyr\u00eb blu t\u00eb err\u00ebt, nj\u00eb ekuilib\u00ebr perfekt midis eleganc\u00ebs dhe shkatht\u00ebsis\u00eb.<\/span><\/span> <span class=\"jCAhz ChMk0b\"><span class=\"ryNqvb\">Me nj\u00eb prerje t\u00eb p\u00ebrshtatur, jak\u00eb klasike dhe detaje me kopsa n\u00eb manshet\u00eb, ky mantill deri n\u00eb mes t\u00eb kofsh\u00ebs ofron nj\u00eb pamje moderne, por edhe t\u00eb p\u00ebrjetshme.<\/span><\/span> <span class=\"jCAhz ChMk0b\"><span class=\"ryNqvb\">P\u00eblhura e leht\u00eb, por edhe e q\u00ebndrueshme e b\u00ebn ideale p\u00ebr t&#8217;u veshur n\u00eb \u00e7do stin\u00eb, qoft\u00eb me veshje formale apo t\u00eb p\u00ebrditshme.<\/span><\/span> <span class=\"jCAhz ChMk0b\"><span class=\"ryNqvb\">Nj\u00eb gard\u00ebrob\u00eb thelb\u00ebsore p\u00ebr meshkuj q\u00eb vler\u00ebsojn\u00eb sofistikimin dhe rehatin\u00eb.<\/span><\/span><\/p>","protected":false},"excerpt":{"rendered":"<p>P\u00ebrmir\u00ebsoni stilin tuaj me k\u00ebt\u00eb mantill me ngjyr\u00eb blu t\u00eb err\u00ebt, nj\u00eb ekuilib\u00ebr perfekt midis eleganc\u00ebs dhe shkatht\u00ebsis\u00eb. Me nj\u00eb prerje t\u00eb p\u00ebrshtatur, jak\u00eb klasike dhe detaje me kopsa n\u00eb manshet\u00eb, ky mantill deri n\u00eb mes t\u00eb kofsh\u00ebs ofron nj\u00eb pamje moderne, por edhe t\u00eb p\u00ebrjetshme. P\u00eblhura e leht\u00eb, por edhe e q\u00ebndrueshme e b\u00ebn [&hellip;]<\/p>","protected":false},"featured_media":5662,"comment_status":"open","ping_status":"closed","template":"","meta":[],"product_brand":[],"product_cat":[293],"product_tag":[294,59,57],"class_list":{"0":"post-5661","1":"product","2":"type-product","3":"status-publish","4":"has-post-thumbnail","6":"product_cat-coat","7":"product_tag-coat","8":"product_tag-navyblue","9":"product_tag-slimfit","11":"first","12":"instock","13":"taxable","14":"shipping-taxable","15":"purchasable","16":"product-type-variable"},"jetpack_sharing_enabled":true,"_links":{"self":[{"href":"https:\/\/urban-clothingstore.com\/en\/wp-json\/wp\/v2\/product\/5661","targetHints":{"allow":["GET"]}}],"collection":[{"href":"https:\/\/urban-clothingstore.com\/en\/wp-json\/wp\/v2\/product"}],"about":[{"href":"https:\/\/urban-clothingstore.com\/en\/wp-json\/wp\/v2\/types\/product"}],"replies":[{"embeddable":true,"href":"https:\/\/urban-clothingstore.com\/en\/wp-json\/wp\/v2\/comments?post=5661"}],"wp:featuredmedia":[{"embeddable":true,"href":"https:\/\/urban-clothingstore.com\/en\/wp-json\/wp\/v2\/media\/5662"}],"wp:attachment":[{"href":"https:\/\/urban-clothingstore.com\/en\/wp-json\/wp\/v2\/media?parent=5661"}],"wp:term":[{"taxonomy":"product_brand","embeddable":true,"href":"https:\/\/urban-clothingstore.com\/en\/wp-json\/wp\/v2\/product_brand?post=5661"},{"taxonomy":"product_cat","embeddable":true,"href":"https:\/\/urban-clothingstore.com\/en\/wp-json\/wp\/v2\/product_cat?post=5661"},{"taxonomy":"product_tag","embeddable":true,"href":"https:\/\/urban-clothingstore.com\/en\/wp-json\/wp\/v2\/product_tag?post=5661"}],"curies":[{"name":"wp","href":"https:\/\/api.w.org\/{rel}","templated":true}]}}