{"id":5679,"date":"2025-08-26T11:57:12","date_gmt":"2025-08-26T11:57:12","guid":{"rendered":"https:\/\/urban-clothingstore.com\/?post_type=product&#038;p=5679"},"modified":"2025-08-28T13:52:33","modified_gmt":"2025-08-28T13:52:33","slug":"mens-cream-double-breasted-trench-coat","status":"publish","type":"product","link":"https:\/\/urban-clothingstore.com\/en\/product\/mens-cream-double-breasted-trench-coat\/","title":{"rendered":"Mantill Tren\u00e7 Ngjyr\u00eb Krem"},"content":{"rendered":"<p><span class=\"jCAhz\"><span class=\"ryNqvb\">Sillni sofistikim t\u00eb leht\u00eb n\u00eb gard\u00ebrob\u00ebn tuaj me k\u00ebt\u00eb mantill ngjyr\u00eb krem, t\u00eb dizenjuar p\u00ebr eleganc\u00eb t\u00eb p\u00ebrjetshme dhe pamje moderne.<\/span><\/span> <span class=\"jCAhz ChMk0b\"><span class=\"ryNqvb\">Me siluet\u00ebn e saj t\u00eb p\u00ebrshtatur, jak\u00ebn e gjer\u00eb dhe detajet e rafinuara me kopsa n\u00eb mansheta, ky mantill deri n\u00eb mes t\u00eb kofsh\u00ebs ofron nj\u00eb p\u00ebrfundim t\u00eb l\u00ebmuar q\u00eb funksionon pa probleme si p\u00ebr raste t\u00eb rast\u00ebsishme ashtu edhe p\u00ebr raste formale.<\/span><\/span> <span class=\"jCAhz ChMk0b\"><span class=\"ryNqvb\">Ngjyra e gjithanshme krem \u200b\u200bshton nj\u00eb prekje klasi, duke e b\u00ebr\u00eb at\u00eb perfekte p\u00ebr t&#8217;u veshur gjat\u00eb gjith\u00eb vitit dhe p\u00ebr t&#8217;u kombinuar leht\u00eb me \u00e7do veshje.<\/span><\/span><\/p>","protected":false},"excerpt":{"rendered":"<p>Sillni sofistikim t\u00eb leht\u00eb n\u00eb gard\u00ebrob\u00ebn tuaj me k\u00ebt\u00eb mantill ngjyr\u00eb krem, t\u00eb dizenjuar p\u00ebr eleganc\u00eb t\u00eb p\u00ebrjetshme dhe pamje moderne. Me siluet\u00ebn e saj t\u00eb p\u00ebrshtatur, jak\u00ebn e gjer\u00eb dhe detajet e rafinuara me kopsa n\u00eb mansheta, ky mantill deri n\u00eb mes t\u00eb kofsh\u00ebs ofron nj\u00eb p\u00ebrfundim t\u00eb l\u00ebmuar q\u00eb funksionon pa probleme si [&hellip;]<\/p>","protected":false},"featured_media":5682,"comment_status":"open","ping_status":"closed","template":"","meta":[],"product_brand":[],"product_cat":[293],"product_tag":[294,60,57],"class_list":{"0":"post-5679","1":"product","2":"type-product","3":"status-publish","4":"has-post-thumbnail","6":"product_cat-coat","7":"product_tag-coat","8":"product_tag-cream","9":"product_tag-slimfit","11":"first","12":"instock","13":"taxable","14":"shipping-taxable","15":"purchasable","16":"product-type-variable"},"jetpack_sharing_enabled":true,"_links":{"self":[{"href":"https:\/\/urban-clothingstore.com\/en\/wp-json\/wp\/v2\/product\/5679","targetHints":{"allow":["GET"]}}],"collection":[{"href":"https:\/\/urban-clothingstore.com\/en\/wp-json\/wp\/v2\/product"}],"about":[{"href":"https:\/\/urban-clothingstore.com\/en\/wp-json\/wp\/v2\/types\/product"}],"replies":[{"embeddable":true,"href":"https:\/\/urban-clothingstore.com\/en\/wp-json\/wp\/v2\/comments?post=5679"}],"wp:featuredmedia":[{"embeddable":true,"href":"https:\/\/urban-clothingstore.com\/en\/wp-json\/wp\/v2\/media\/5682"}],"wp:attachment":[{"href":"https:\/\/urban-clothingstore.com\/en\/wp-json\/wp\/v2\/media?parent=5679"}],"wp:term":[{"taxonomy":"product_brand","embeddable":true,"href":"https:\/\/urban-clothingstore.com\/en\/wp-json\/wp\/v2\/product_brand?post=5679"},{"taxonomy":"product_cat","embeddable":true,"href":"https:\/\/urban-clothingstore.com\/en\/wp-json\/wp\/v2\/product_cat?post=5679"},{"taxonomy":"product_tag","embeddable":true,"href":"https:\/\/urban-clothingstore.com\/en\/wp-json\/wp\/v2\/product_tag?post=5679"}],"curies":[{"name":"wp","href":"https:\/\/api.w.org\/{rel}","templated":true}]}}