{"id":5688,"date":"2025-08-26T12:05:16","date_gmt":"2025-08-26T12:05:16","guid":{"rendered":"https:\/\/urban-clothingstore.com\/?post_type=product&#038;p=5688"},"modified":"2025-08-28T13:50:37","modified_gmt":"2025-08-28T13:50:37","slug":"mens-gray-double-breasted-trench-coat","status":"publish","type":"product","link":"https:\/\/urban-clothingstore.com\/en\/product\/mens-gray-double-breasted-trench-coat\/","title":{"rendered":"Mantill Tren\u00e7 Ngjyr\u00eb Gri"},"content":{"rendered":"<div class=\"lRu31\" dir=\"ltr\"><span class=\"HwtZe\" lang=\"sq\"><span class=\"jCAhz ChMk0b\"><span class=\"ryNqvb\">P\u00ebrmir\u00ebsoni koleksionin tuaj t\u00eb veshjeve t\u00eb jashtme me k\u00ebt\u00eb mantill gri me palosje, q\u00eb kombinon stilin klasik me nj\u00eb stil modern.<\/span><\/span> <span class=\"jCAhz ChMk0b\"><span class=\"ryNqvb\">Me nj\u00eb prerje t\u00eb mpreht\u00eb t\u00eb p\u00ebrshtatur, jak\u00eb t\u00eb gjer\u00eb dhe mansheta me kopsa, ky mantill deri n\u00eb mes t\u00eb kofsh\u00ebs ofron nj\u00eb sofistikim t\u00eb rafinuar p\u00ebr \u00e7do rast.<\/span><\/span> <span class=\"jCAhz ChMk0b\"><span class=\"ryNqvb\">Ngjyra e gjithanshme gri e b\u00ebn t\u00eb leht\u00eb kombinimin e saj si me pamje formale ashtu edhe me ato t\u00eb p\u00ebrditshme, duke ofruar nj\u00eb element kryesor n\u00eb gard\u00ebrob\u00ebn tuaj q\u00eb siguron stil pa mundim gjat\u00eb gjith\u00eb vitit.<\/span><\/span><\/span><\/p>\n<div class=\"OvtS8d\"><\/div>\n<div class=\"NQSJo\"><\/div>\n<\/div>\n<div class=\"UdTY9 WdefRb\" aria-hidden=\"true\" data-location=\"2\"><\/div>","protected":false},"excerpt":{"rendered":"<p>P\u00ebrmir\u00ebsoni koleksionin tuaj t\u00eb veshjeve t\u00eb jashtme me k\u00ebt\u00eb mantill gri me palosje, q\u00eb kombinon stilin klasik me nj\u00eb stil modern. Me nj\u00eb prerje t\u00eb mpreht\u00eb t\u00eb p\u00ebrshtatur, jak\u00eb t\u00eb gjer\u00eb dhe mansheta me kopsa, ky mantill deri n\u00eb mes t\u00eb kofsh\u00ebs ofron nj\u00eb sofistikim t\u00eb rafinuar p\u00ebr \u00e7do rast. Ngjyra e gjithanshme gri e [&hellip;]<\/p>","protected":false},"featured_media":5690,"comment_status":"open","ping_status":"closed","template":"","meta":[],"product_brand":[],"product_cat":[293],"product_tag":[294,236,57],"class_list":{"0":"post-5688","1":"product","2":"type-product","3":"status-publish","4":"has-post-thumbnail","6":"product_cat-coat","7":"product_tag-coat","8":"product_tag-gray","9":"product_tag-slimfit","11":"first","12":"instock","13":"taxable","14":"shipping-taxable","15":"purchasable","16":"product-type-variable"},"jetpack_sharing_enabled":true,"_links":{"self":[{"href":"https:\/\/urban-clothingstore.com\/en\/wp-json\/wp\/v2\/product\/5688","targetHints":{"allow":["GET"]}}],"collection":[{"href":"https:\/\/urban-clothingstore.com\/en\/wp-json\/wp\/v2\/product"}],"about":[{"href":"https:\/\/urban-clothingstore.com\/en\/wp-json\/wp\/v2\/types\/product"}],"replies":[{"embeddable":true,"href":"https:\/\/urban-clothingstore.com\/en\/wp-json\/wp\/v2\/comments?post=5688"}],"wp:featuredmedia":[{"embeddable":true,"href":"https:\/\/urban-clothingstore.com\/en\/wp-json\/wp\/v2\/media\/5690"}],"wp:attachment":[{"href":"https:\/\/urban-clothingstore.com\/en\/wp-json\/wp\/v2\/media?parent=5688"}],"wp:term":[{"taxonomy":"product_brand","embeddable":true,"href":"https:\/\/urban-clothingstore.com\/en\/wp-json\/wp\/v2\/product_brand?post=5688"},{"taxonomy":"product_cat","embeddable":true,"href":"https:\/\/urban-clothingstore.com\/en\/wp-json\/wp\/v2\/product_cat?post=5688"},{"taxonomy":"product_tag","embeddable":true,"href":"https:\/\/urban-clothingstore.com\/en\/wp-json\/wp\/v2\/product_tag?post=5688"}],"curies":[{"name":"wp","href":"https:\/\/api.w.org\/{rel}","templated":true}]}}