{"id":5729,"date":"2025-08-26T15:27:40","date_gmt":"2025-08-26T15:27:40","guid":{"rendered":"https:\/\/urban-clothingstore.com\/?post_type=product&#038;p=5729"},"modified":"2025-08-28T13:58:20","modified_gmt":"2025-08-28T13:58:20","slug":"mens-brown-long-sleeve-half-zip-polo-shirt","status":"publish","type":"product","link":"https:\/\/urban-clothingstore.com\/en\/product\/mens-brown-long-sleeve-half-zip-polo-shirt\/","title":{"rendered":"Bluz\u00eb Polo Kafe me M\u00ebng\u00eb t\u00eb Gjata dhe Gjysm\u00eb-zinxhir"},"content":{"rendered":"<p><span class=\"jCAhz ChMk0b\"><span class=\"ryNqvb\">Arritni nj\u00eb pamje elegante dhe moderne me k\u00ebt\u00eb bluz\u00eb polo kafe me m\u00ebng\u00eb t\u00eb gjata dhe gjysm\u00eb-zinxhir, t\u00eb dizenjuar si p\u00ebr stil ashtu edhe p\u00ebr rehati.<\/span><\/span> <span class=\"jCAhz ChMk0b\"><span class=\"ryNqvb\">Me nj\u00eb jak\u00eb bashk\u00ebkohore me zinxhir, p\u00eblhur\u00eb t\u00eb leht\u00eb q\u00eb lejon frym\u00ebmarrjen dhe nj\u00eb prerje t\u00eb holl\u00eb e t\u00eb p\u00ebrshtatur, \u00ebsht\u00eb perfekte p\u00ebr raste elegante dhe t\u00eb rast\u00ebsishme, si dhe p\u00ebr veshje t\u00eb p\u00ebrditshme.<\/span><\/span> <span class=\"jCAhz ChMk0b\"><span class=\"ryNqvb\">Ngjyra klasike e zez\u00eb shton nj\u00eb nuanc\u00eb t\u00eb guximshme dhe t\u00eb gjithanshme, duke e b\u00ebr\u00eb t\u00eb leht\u00eb kombinimin e saj me \u00e7do veshje p\u00ebr nj\u00eb pamje elegante dhe t\u00eb l\u00ebmuar.<\/span><\/span><\/p>","protected":false},"excerpt":{"rendered":"<p>Arritni nj\u00eb pamje elegante dhe moderne me k\u00ebt\u00eb bluz\u00eb polo kafe me m\u00ebng\u00eb t\u00eb gjata dhe gjysm\u00eb-zinxhir, t\u00eb dizenjuar si p\u00ebr stil ashtu edhe p\u00ebr rehati. Me nj\u00eb jak\u00eb bashk\u00ebkohore me zinxhir, p\u00eblhur\u00eb t\u00eb leht\u00eb q\u00eb lejon frym\u00ebmarrjen dhe nj\u00eb prerje t\u00eb holl\u00eb e t\u00eb p\u00ebrshtatur, \u00ebsht\u00eb perfekte p\u00ebr raste elegante dhe t\u00eb rast\u00ebsishme, si [&hellip;]<\/p>","protected":false},"featured_media":5730,"comment_status":"open","ping_status":"closed","template":"","meta":[],"product_brand":[],"product_cat":[61],"product_tag":[68,62,57],"class_list":{"0":"post-5729","1":"product","2":"type-product","3":"status-publish","4":"has-post-thumbnail","6":"product_cat-shirt","7":"product_tag-brown","8":"product_tag-shirt","9":"product_tag-slimfit","11":"first","12":"instock","13":"taxable","14":"shipping-taxable","15":"purchasable","16":"product-type-variable"},"jetpack_sharing_enabled":true,"_links":{"self":[{"href":"https:\/\/urban-clothingstore.com\/en\/wp-json\/wp\/v2\/product\/5729","targetHints":{"allow":["GET"]}}],"collection":[{"href":"https:\/\/urban-clothingstore.com\/en\/wp-json\/wp\/v2\/product"}],"about":[{"href":"https:\/\/urban-clothingstore.com\/en\/wp-json\/wp\/v2\/types\/product"}],"replies":[{"embeddable":true,"href":"https:\/\/urban-clothingstore.com\/en\/wp-json\/wp\/v2\/comments?post=5729"}],"wp:featuredmedia":[{"embeddable":true,"href":"https:\/\/urban-clothingstore.com\/en\/wp-json\/wp\/v2\/media\/5730"}],"wp:attachment":[{"href":"https:\/\/urban-clothingstore.com\/en\/wp-json\/wp\/v2\/media?parent=5729"}],"wp:term":[{"taxonomy":"product_brand","embeddable":true,"href":"https:\/\/urban-clothingstore.com\/en\/wp-json\/wp\/v2\/product_brand?post=5729"},{"taxonomy":"product_cat","embeddable":true,"href":"https:\/\/urban-clothingstore.com\/en\/wp-json\/wp\/v2\/product_cat?post=5729"},{"taxonomy":"product_tag","embeddable":true,"href":"https:\/\/urban-clothingstore.com\/en\/wp-json\/wp\/v2\/product_tag?post=5729"}],"curies":[{"name":"wp","href":"https:\/\/api.w.org\/{rel}","templated":true}]}}