{"id":5972,"date":"2025-09-03T21:23:15","date_gmt":"2025-09-03T21:23:15","guid":{"rendered":"https:\/\/urban-clothingstore.com\/?post_type=product&#038;p=5972"},"modified":"2025-09-07T12:16:51","modified_gmt":"2025-09-07T12:16:51","slug":"maice-navy-blue-oversize-me-dizajn-minimalist","status":"publish","type":"product","link":"https:\/\/urban-clothingstore.com\/en\/product\/maice-navy-blue-oversize-me-dizajn-minimalist\/","title":{"rendered":"Maic\u00eb navy blue oversize me dizajn minimalist"},"content":{"rendered":"<p data-start=\"76\" data-end=\"456\">Kjo maic\u00eb moderne n\u00eb ngjyr\u00eb navy blue \u00ebsht\u00eb zgjedhja ideale p\u00ebr nj\u00eb stil bashk\u00ebkohor dhe komod. Me prerjen oversize dhe m\u00ebng\u00ebt e gjera, ofron rehati maksimale dhe l\u00ebvizshm\u00ebri t\u00eb lir\u00eb. Tekstura me vija horizontale t\u00eb holla i jep nj\u00eb detaj elegant, nd\u00ebrsa ngjyra navy e b\u00ebn t\u00eb leht\u00eb p\u00ebr t\u2019u kombinuar me \u00e7do veshje \u2013 nga casual deri tek street style.<\/p>\n<p data-start=\"458\" data-end=\"488\"><strong data-start=\"458\" data-end=\"486\">Karakteristika kryesore:<\/strong><\/p>\n<ul data-start=\"489\" data-end=\"693\">\n<li data-start=\"489\" data-end=\"510\">\n<p data-start=\"491\" data-end=\"510\">Ngjyr\u00eb: Navy blue<\/p>\n<\/li>\n<li data-start=\"511\" data-end=\"542\">\n<p data-start=\"513\" data-end=\"542\">Prerje: Oversize, e lirshme<\/p>\n<\/li>\n<li data-start=\"543\" data-end=\"591\">\n<p data-start=\"545\" data-end=\"591\">Detaj: Tekstur\u00eb me vija horizontale t\u00eb holla<\/p>\n<\/li>\n<li data-start=\"592\" data-end=\"623\">\n<p data-start=\"594\" data-end=\"623\">Material i but\u00eb dhe cil\u00ebsor<\/p>\n<\/li>\n<li data-start=\"624\" data-end=\"693\">\n<p data-start=\"626\" data-end=\"693\">Kombinohet leht\u00eb me jeans, pantallona chinos apo stile streetwear<\/p>\n<\/li>\n<\/ul>","protected":false},"excerpt":{"rendered":"<p>Kjo maic\u00eb moderne n\u00eb ngjyr\u00eb navy blue \u00ebsht\u00eb zgjedhja ideale p\u00ebr nj\u00eb stil bashk\u00ebkohor dhe komod. Me prerjen oversize dhe m\u00ebng\u00ebt e gjera, ofron rehati maksimale dhe l\u00ebvizshm\u00ebri t\u00eb lir\u00eb. Tekstura me vija horizontale t\u00eb holla i jep nj\u00eb detaj elegant, nd\u00ebrsa ngjyra navy e b\u00ebn t\u00eb leht\u00eb p\u00ebr t\u2019u kombinuar me \u00e7do veshje \u2013 [&hellip;]<\/p>","protected":false},"featured_media":5973,"comment_status":"open","ping_status":"closed","template":"","meta":[],"product_brand":[],"product_cat":[21],"product_tag":[313,59,314],"class_list":{"0":"post-5972","1":"product","2":"type-product","3":"status-publish","4":"has-post-thumbnail","6":"product_cat-tshirts","7":"product_tag-maice","8":"product_tag-navyblue","9":"product_tag-regular","11":"first","12":"instock","13":"sale","14":"taxable","15":"shipping-taxable","16":"purchasable","17":"product-type-variable"},"jetpack_sharing_enabled":true,"_links":{"self":[{"href":"https:\/\/urban-clothingstore.com\/en\/wp-json\/wp\/v2\/product\/5972","targetHints":{"allow":["GET"]}}],"collection":[{"href":"https:\/\/urban-clothingstore.com\/en\/wp-json\/wp\/v2\/product"}],"about":[{"href":"https:\/\/urban-clothingstore.com\/en\/wp-json\/wp\/v2\/types\/product"}],"replies":[{"embeddable":true,"href":"https:\/\/urban-clothingstore.com\/en\/wp-json\/wp\/v2\/comments?post=5972"}],"wp:featuredmedia":[{"embeddable":true,"href":"https:\/\/urban-clothingstore.com\/en\/wp-json\/wp\/v2\/media\/5973"}],"wp:attachment":[{"href":"https:\/\/urban-clothingstore.com\/en\/wp-json\/wp\/v2\/media?parent=5972"}],"wp:term":[{"taxonomy":"product_brand","embeddable":true,"href":"https:\/\/urban-clothingstore.com\/en\/wp-json\/wp\/v2\/product_brand?post=5972"},{"taxonomy":"product_cat","embeddable":true,"href":"https:\/\/urban-clothingstore.com\/en\/wp-json\/wp\/v2\/product_cat?post=5972"},{"taxonomy":"product_tag","embeddable":true,"href":"https:\/\/urban-clothingstore.com\/en\/wp-json\/wp\/v2\/product_tag?post=5972"}],"curies":[{"name":"wp","href":"https:\/\/api.w.org\/{rel}","templated":true}]}}