{"id":6130,"date":"2025-09-09T12:38:15","date_gmt":"2025-09-09T12:38:15","guid":{"rendered":"https:\/\/urban-clothingstore.com\/?post_type=product&#038;p=6130"},"modified":"2025-09-09T12:38:15","modified_gmt":"2025-09-09T12:38:15","slug":"maice-oversize-e-zeze-me-xhep-dhe-print-just-dont-forget","status":"publish","type":"product","link":"https:\/\/urban-clothingstore.com\/en\/product\/maice-oversize-e-zeze-me-xhep-dhe-print-just-dont-forget\/","title":{"rendered":"Maic\u00eb Oversize e Zez\u00eb me Xhep dhe Print \u201cJust Don\u2019t Forget\u201d"},"content":{"rendered":"<p>Kjo maic\u00eb oversize n\u00eb ngjyr\u00eb t\u00eb zez\u00eb \u00ebsht\u00eb dizajnuar p\u00ebr stil urban dhe komoditet maksimal. Pjesa e p\u00ebrparme p\u00ebrfshin nj\u00eb xhep praktik me mbishkrimin \u201cJust Don\u2019t Forget\u201d, q\u00eb i jep nj\u00eb prekje unike dhe moderne. Materiali i but\u00eb dhe i q\u00ebndruesh\u00ebm e b\u00ebn ideal p\u00ebr p\u00ebrdorim t\u00eb p\u00ebrditsh\u00ebm, nd\u00ebrsa prerja e lirshme siguron rehati dhe liri l\u00ebvizjeje. Kombinohet leht\u00ebsisht me xhinse, pantallona sportive apo stile m\u00eb casual p\u00ebr nj\u00eb pamje t\u00eb plot\u00eb streetwear.<\/p>","protected":false},"excerpt":{"rendered":"<p>Kjo maic\u00eb oversize n\u00eb ngjyr\u00eb t\u00eb zez\u00eb \u00ebsht\u00eb dizajnuar p\u00ebr stil urban dhe komoditet maksimal. Pjesa e p\u00ebrparme p\u00ebrfshin nj\u00eb xhep praktik me mbishkrimin \u201cJust Don\u2019t Forget\u201d, q\u00eb i jep nj\u00eb prekje unike dhe moderne. Materiali i but\u00eb dhe i q\u00ebndruesh\u00ebm e b\u00ebn ideal p\u00ebr p\u00ebrdorim t\u00eb p\u00ebrditsh\u00ebm, nd\u00ebrsa prerja e lirshme siguron rehati dhe [&hellip;]<\/p>","protected":false},"featured_media":6131,"comment_status":"open","ping_status":"closed","template":"","meta":[],"product_brand":[],"product_cat":[21],"product_tag":[296,313,33],"class_list":{"0":"post-6130","1":"product","2":"type-product","3":"status-publish","4":"has-post-thumbnail","6":"product_cat-tshirts","7":"product_tag-e-zeze","8":"product_tag-maice","9":"product_tag-oversize","11":"first","12":"instock","13":"taxable","14":"shipping-taxable","15":"purchasable","16":"product-type-variable"},"jetpack_sharing_enabled":true,"_links":{"self":[{"href":"https:\/\/urban-clothingstore.com\/en\/wp-json\/wp\/v2\/product\/6130","targetHints":{"allow":["GET"]}}],"collection":[{"href":"https:\/\/urban-clothingstore.com\/en\/wp-json\/wp\/v2\/product"}],"about":[{"href":"https:\/\/urban-clothingstore.com\/en\/wp-json\/wp\/v2\/types\/product"}],"replies":[{"embeddable":true,"href":"https:\/\/urban-clothingstore.com\/en\/wp-json\/wp\/v2\/comments?post=6130"}],"wp:featuredmedia":[{"embeddable":true,"href":"https:\/\/urban-clothingstore.com\/en\/wp-json\/wp\/v2\/media\/6131"}],"wp:attachment":[{"href":"https:\/\/urban-clothingstore.com\/en\/wp-json\/wp\/v2\/media?parent=6130"}],"wp:term":[{"taxonomy":"product_brand","embeddable":true,"href":"https:\/\/urban-clothingstore.com\/en\/wp-json\/wp\/v2\/product_brand?post=6130"},{"taxonomy":"product_cat","embeddable":true,"href":"https:\/\/urban-clothingstore.com\/en\/wp-json\/wp\/v2\/product_cat?post=6130"},{"taxonomy":"product_tag","embeddable":true,"href":"https:\/\/urban-clothingstore.com\/en\/wp-json\/wp\/v2\/product_tag?post=6130"}],"curies":[{"name":"wp","href":"https:\/\/api.w.org\/{rel}","templated":true}]}}