{"id":6137,"date":"2025-09-09T12:51:31","date_gmt":"2025-09-09T12:51:31","guid":{"rendered":"https:\/\/urban-clothingstore.com\/?post_type=product&#038;p=6137"},"modified":"2025-09-16T10:48:40","modified_gmt":"2025-09-16T10:48:40","slug":"maice-oversize-gri-e-hapet-me-xhep-dhe-print-just-dont-forget","status":"publish","type":"product","link":"https:\/\/urban-clothingstore.com\/en\/product\/maice-oversize-gri-e-hapet-me-xhep-dhe-print-just-dont-forget\/","title":{"rendered":"Maic\u00eb Oversize Gri e Hap\u00ebt me Xhep dhe Print \u201cJust Don\u2019t Forget\u201d"},"content":{"rendered":"<p>Kjo maic\u00eb oversize n\u00eb ngjyr\u00eb gri t\u00eb hapur sjell nj\u00eb pamje moderne dhe minimaliste, perfekte p\u00ebr stil urban dhe casual. Xhepi i vendosur n\u00eb pjes\u00ebn e p\u00ebrparme \u00ebsht\u00eb i shoq\u00ebruar me mbishkrimin \u201cJust Don\u2019t Forget\u201d, q\u00eb i shton nj\u00eb detaj unik dhe trend. Materiali i but\u00eb siguron rehati gjat\u00eb gjith\u00eb dit\u00ebs, nd\u00ebrsa prerja e lirshme e b\u00ebn ideale p\u00ebr \u00e7do kombinim me xhinse, pantallona sportive apo veshje streetwear.<\/p>","protected":false},"excerpt":{"rendered":"<p>Kjo maic\u00eb oversize n\u00eb ngjyr\u00eb gri t\u00eb hapur sjell nj\u00eb pamje moderne dhe minimaliste, perfekte p\u00ebr stil urban dhe casual. Xhepi i vendosur n\u00eb pjes\u00ebn e p\u00ebrparme \u00ebsht\u00eb i shoq\u00ebruar me mbishkrimin \u201cJust Don\u2019t Forget\u201d, q\u00eb i shton nj\u00eb detaj unik dhe trend. Materiali i but\u00eb siguron rehati gjat\u00eb gjith\u00eb dit\u00ebs, nd\u00ebrsa prerja e lirshme [&hellip;]<\/p>","protected":false},"featured_media":6139,"comment_status":"open","ping_status":"closed","template":"","meta":[],"product_brand":[],"product_cat":[21],"product_tag":[319,313,33],"class_list":{"0":"post-6137","1":"product","2":"type-product","3":"status-publish","4":"has-post-thumbnail","6":"product_cat-tshirts","7":"product_tag-gri-e-hapur","8":"product_tag-maice","9":"product_tag-oversize","11":"first","12":"instock","13":"sale","14":"taxable","15":"shipping-taxable","16":"purchasable","17":"product-type-variable"},"jetpack_sharing_enabled":true,"_links":{"self":[{"href":"https:\/\/urban-clothingstore.com\/en\/wp-json\/wp\/v2\/product\/6137","targetHints":{"allow":["GET"]}}],"collection":[{"href":"https:\/\/urban-clothingstore.com\/en\/wp-json\/wp\/v2\/product"}],"about":[{"href":"https:\/\/urban-clothingstore.com\/en\/wp-json\/wp\/v2\/types\/product"}],"replies":[{"embeddable":true,"href":"https:\/\/urban-clothingstore.com\/en\/wp-json\/wp\/v2\/comments?post=6137"}],"wp:featuredmedia":[{"embeddable":true,"href":"https:\/\/urban-clothingstore.com\/en\/wp-json\/wp\/v2\/media\/6139"}],"wp:attachment":[{"href":"https:\/\/urban-clothingstore.com\/en\/wp-json\/wp\/v2\/media?parent=6137"}],"wp:term":[{"taxonomy":"product_brand","embeddable":true,"href":"https:\/\/urban-clothingstore.com\/en\/wp-json\/wp\/v2\/product_brand?post=6137"},{"taxonomy":"product_cat","embeddable":true,"href":"https:\/\/urban-clothingstore.com\/en\/wp-json\/wp\/v2\/product_cat?post=6137"},{"taxonomy":"product_tag","embeddable":true,"href":"https:\/\/urban-clothingstore.com\/en\/wp-json\/wp\/v2\/product_tag?post=6137"}],"curies":[{"name":"wp","href":"https:\/\/api.w.org\/{rel}","templated":true}]}}