{"id":6147,"date":"2025-09-09T12:56:57","date_gmt":"2025-09-09T12:56:57","guid":{"rendered":"https:\/\/urban-clothingstore.com\/?post_type=product&#038;p=6147"},"modified":"2025-09-16T10:46:41","modified_gmt":"2025-09-16T10:46:41","slug":"maice-oversize-e-bardhe-me-xhep-dhe-print-just-dont-forget","status":"publish","type":"product","link":"https:\/\/urban-clothingstore.com\/en\/product\/maice-oversize-e-bardhe-me-xhep-dhe-print-just-dont-forget\/","title":{"rendered":"Maic\u00eb Oversize e Bardh\u00eb me Xhep dhe Print \u201cJust Don\u2019t Forget\u201d"},"content":{"rendered":"<p>Kjo maic\u00eb oversize n\u00eb ngjyr\u00eb t\u00eb bardh\u00eb \u00ebsht\u00eb zgjedhja perfekte p\u00ebr nj\u00eb stil minimal dhe gjithmon\u00eb n\u00eb trend. Dizajni me xhep funksional n\u00eb pjes\u00ebn e p\u00ebrparme dhe mbishkrimi \u201cJust Don\u2019t Forget\u201d i japin nj\u00eb prekje unike q\u00eb dallon nga modelet klasike. Materiali i but\u00eb dhe i ajrosur siguron rehati maksimale, nd\u00ebrsa prerja e lirshme \u00ebsht\u00eb ideale p\u00ebr kombinime streetwear ose casual. E thjesht\u00eb, por me stil, kjo maic\u00eb \u00ebsht\u00eb baz\u00eb e domosdoshme p\u00ebr garderob\u00ebn e p\u00ebrditshme.<\/p>","protected":false},"excerpt":{"rendered":"<p>Kjo maic\u00eb oversize n\u00eb ngjyr\u00eb t\u00eb bardh\u00eb \u00ebsht\u00eb zgjedhja perfekte p\u00ebr nj\u00eb stil minimal dhe gjithmon\u00eb n\u00eb trend. Dizajni me xhep funksional n\u00eb pjes\u00ebn e p\u00ebrparme dhe mbishkrimi \u201cJust Don\u2019t Forget\u201d i japin nj\u00eb prekje unike q\u00eb dallon nga modelet klasike. Materiali i but\u00eb dhe i ajrosur siguron rehati maksimale, nd\u00ebrsa prerja e lirshme \u00ebsht\u00eb [&hellip;]<\/p>","protected":false},"featured_media":6146,"comment_status":"open","ping_status":"closed","template":"","meta":[],"product_brand":[],"product_cat":[21],"product_tag":[300,313,33],"class_list":{"0":"post-6147","1":"product","2":"type-product","3":"status-publish","4":"has-post-thumbnail","6":"product_cat-tshirts","7":"product_tag-e-bardhe","8":"product_tag-maice","9":"product_tag-oversize","11":"first","12":"instock","13":"sale","14":"taxable","15":"shipping-taxable","16":"purchasable","17":"product-type-variable"},"jetpack_sharing_enabled":true,"_links":{"self":[{"href":"https:\/\/urban-clothingstore.com\/en\/wp-json\/wp\/v2\/product\/6147","targetHints":{"allow":["GET"]}}],"collection":[{"href":"https:\/\/urban-clothingstore.com\/en\/wp-json\/wp\/v2\/product"}],"about":[{"href":"https:\/\/urban-clothingstore.com\/en\/wp-json\/wp\/v2\/types\/product"}],"replies":[{"embeddable":true,"href":"https:\/\/urban-clothingstore.com\/en\/wp-json\/wp\/v2\/comments?post=6147"}],"wp:featuredmedia":[{"embeddable":true,"href":"https:\/\/urban-clothingstore.com\/en\/wp-json\/wp\/v2\/media\/6146"}],"wp:attachment":[{"href":"https:\/\/urban-clothingstore.com\/en\/wp-json\/wp\/v2\/media?parent=6147"}],"wp:term":[{"taxonomy":"product_brand","embeddable":true,"href":"https:\/\/urban-clothingstore.com\/en\/wp-json\/wp\/v2\/product_brand?post=6147"},{"taxonomy":"product_cat","embeddable":true,"href":"https:\/\/urban-clothingstore.com\/en\/wp-json\/wp\/v2\/product_cat?post=6147"},{"taxonomy":"product_tag","embeddable":true,"href":"https:\/\/urban-clothingstore.com\/en\/wp-json\/wp\/v2\/product_tag?post=6147"}],"curies":[{"name":"wp","href":"https:\/\/api.w.org\/{rel}","templated":true}]}}