{"id":6155,"date":"2025-09-09T13:21:46","date_gmt":"2025-09-09T13:21:46","guid":{"rendered":"https:\/\/urban-clothingstore.com\/?post_type=product&#038;p=6155"},"modified":"2025-09-16T10:44:30","modified_gmt":"2025-09-16T10:44:30","slug":"maice-oversize-jeshile-me-xhep-dhe-print-just-dont-forget","status":"publish","type":"product","link":"https:\/\/urban-clothingstore.com\/en\/product\/maice-oversize-jeshile-me-xhep-dhe-print-just-dont-forget\/","title":{"rendered":"Maic\u00eb Oversize Jeshile me Xhep dhe Print \u201cJust Don\u2019t Forget\u201d"},"content":{"rendered":"<p>Kjo maic\u00eb oversize n\u00eb ngjyr\u00eb jeshile t\u00eb gjall\u00eb \u00ebsht\u00eb nj\u00eb zgjedhje perfekte p\u00ebr nj\u00eb pamje t\u00eb fresk\u00ebt dhe moderne. Xhepi i madh n\u00eb pjes\u00ebn e p\u00ebrparme, i shoq\u00ebruar me mbishkrimin \u201cJust Don\u2019t Forget\u201d, e b\u00ebn k\u00ebt\u00eb model unik dhe atraktiv. Materiali cil\u00ebsor garanton rehati gjat\u00eb gjith\u00eb dit\u00ebs, nd\u00ebrsa prerja e lirshme ofron komoditet maksimal. Ideale p\u00ebr kombinime casual dhe streetwear, kjo maic\u00eb \u00ebsht\u00eb nj\u00eb pjes\u00eb baz\u00eb q\u00eb shton stil n\u00eb \u00e7do garderob\u00eb.<\/p>","protected":false},"excerpt":{"rendered":"<p>Kjo maic\u00eb oversize n\u00eb ngjyr\u00eb jeshile t\u00eb gjall\u00eb \u00ebsht\u00eb nj\u00eb zgjedhje perfekte p\u00ebr nj\u00eb pamje t\u00eb fresk\u00ebt dhe moderne. Xhepi i madh n\u00eb pjes\u00ebn e p\u00ebrparme, i shoq\u00ebruar me mbishkrimin \u201cJust Don\u2019t Forget\u201d, e b\u00ebn k\u00ebt\u00eb model unik dhe atraktiv. Materiali cil\u00ebsor garanton rehati gjat\u00eb gjith\u00eb dit\u00ebs, nd\u00ebrsa prerja e lirshme ofron komoditet maksimal. Ideale [&hellip;]<\/p>","protected":false},"featured_media":6157,"comment_status":"open","ping_status":"closed","template":"","meta":[],"product_brand":[],"product_cat":[21],"product_tag":[320,313,33],"class_list":{"0":"post-6155","1":"product","2":"type-product","3":"status-publish","4":"has-post-thumbnail","6":"product_cat-tshirts","7":"product_tag-e-gjelbert","8":"product_tag-maice","9":"product_tag-oversize","11":"first","12":"instock","13":"sale","14":"taxable","15":"shipping-taxable","16":"purchasable","17":"product-type-variable"},"jetpack_sharing_enabled":true,"_links":{"self":[{"href":"https:\/\/urban-clothingstore.com\/en\/wp-json\/wp\/v2\/product\/6155","targetHints":{"allow":["GET"]}}],"collection":[{"href":"https:\/\/urban-clothingstore.com\/en\/wp-json\/wp\/v2\/product"}],"about":[{"href":"https:\/\/urban-clothingstore.com\/en\/wp-json\/wp\/v2\/types\/product"}],"replies":[{"embeddable":true,"href":"https:\/\/urban-clothingstore.com\/en\/wp-json\/wp\/v2\/comments?post=6155"}],"wp:featuredmedia":[{"embeddable":true,"href":"https:\/\/urban-clothingstore.com\/en\/wp-json\/wp\/v2\/media\/6157"}],"wp:attachment":[{"href":"https:\/\/urban-clothingstore.com\/en\/wp-json\/wp\/v2\/media?parent=6155"}],"wp:term":[{"taxonomy":"product_brand","embeddable":true,"href":"https:\/\/urban-clothingstore.com\/en\/wp-json\/wp\/v2\/product_brand?post=6155"},{"taxonomy":"product_cat","embeddable":true,"href":"https:\/\/urban-clothingstore.com\/en\/wp-json\/wp\/v2\/product_cat?post=6155"},{"taxonomy":"product_tag","embeddable":true,"href":"https:\/\/urban-clothingstore.com\/en\/wp-json\/wp\/v2\/product_tag?post=6155"}],"curies":[{"name":"wp","href":"https:\/\/api.w.org\/{rel}","templated":true}]}}