{"id":6174,"date":"2025-09-09T13:38:44","date_gmt":"2025-09-09T13:38:44","guid":{"rendered":"https:\/\/urban-clothingstore.com\/?post_type=product&#038;p=6174"},"modified":"2025-09-16T10:40:44","modified_gmt":"2025-09-16T10:40:44","slug":"maice-oversize-e-zeze-me-vija-horizontale-dhe-print-legends-never-die","status":"publish","type":"product","link":"https:\/\/urban-clothingstore.com\/en\/product\/maice-oversize-e-zeze-me-vija-horizontale-dhe-print-legends-never-die\/","title":{"rendered":"Maic\u00eb Oversize e Zez\u00eb me Vija Horizontale dhe Print \u201cLegends Never Die\u201d"},"content":{"rendered":"<p>Kjo maic\u00eb oversize n\u00eb ngjyr\u00eb t\u00eb zez\u00eb kombinon thjesht\u00ebsin\u00eb me nj\u00eb mesazh t\u00eb fort\u00eb. Dizajni me vija horizontale t\u00eb qepura i jep nj\u00eb tekstur\u00eb moderne, nd\u00ebrsa printi diskret \u201cLegends Never Die\u201d n\u00eb pjes\u00ebn e gjoksit e b\u00ebn k\u00ebt\u00eb maic\u00eb t\u00eb dalloj\u00eb me stil urban. Materiali i but\u00eb dhe rezistent siguron komoditet gjat\u00eb gjith\u00eb dit\u00ebs, nd\u00ebrsa prerja e lirshme \u00ebsht\u00eb ideale p\u00ebr kombinime streetwear ose casual. Nj\u00eb pjes\u00eb e domosdoshme p\u00ebr ata q\u00eb duan t\u00eb shprehin personalitet p\u00ebrmes veshjes.<\/p>","protected":false},"excerpt":{"rendered":"<p>Kjo maic\u00eb oversize n\u00eb ngjyr\u00eb t\u00eb zez\u00eb kombinon thjesht\u00ebsin\u00eb me nj\u00eb mesazh t\u00eb fort\u00eb. Dizajni me vija horizontale t\u00eb qepura i jep nj\u00eb tekstur\u00eb moderne, nd\u00ebrsa printi diskret \u201cLegends Never Die\u201d n\u00eb pjes\u00ebn e gjoksit e b\u00ebn k\u00ebt\u00eb maic\u00eb t\u00eb dalloj\u00eb me stil urban. Materiali i but\u00eb dhe rezistent siguron komoditet gjat\u00eb gjith\u00eb dit\u00ebs, nd\u00ebrsa [&hellip;]<\/p>","protected":false},"featured_media":6175,"comment_status":"open","ping_status":"closed","template":"","meta":[],"product_brand":[],"product_cat":[21],"product_tag":[296,313,33],"class_list":{"0":"post-6174","1":"product","2":"type-product","3":"status-publish","4":"has-post-thumbnail","6":"product_cat-tshirts","7":"product_tag-e-zeze","8":"product_tag-maice","9":"product_tag-oversize","11":"first","12":"instock","13":"sale","14":"taxable","15":"shipping-taxable","16":"purchasable","17":"product-type-variable"},"jetpack_sharing_enabled":true,"_links":{"self":[{"href":"https:\/\/urban-clothingstore.com\/en\/wp-json\/wp\/v2\/product\/6174","targetHints":{"allow":["GET"]}}],"collection":[{"href":"https:\/\/urban-clothingstore.com\/en\/wp-json\/wp\/v2\/product"}],"about":[{"href":"https:\/\/urban-clothingstore.com\/en\/wp-json\/wp\/v2\/types\/product"}],"replies":[{"embeddable":true,"href":"https:\/\/urban-clothingstore.com\/en\/wp-json\/wp\/v2\/comments?post=6174"}],"wp:featuredmedia":[{"embeddable":true,"href":"https:\/\/urban-clothingstore.com\/en\/wp-json\/wp\/v2\/media\/6175"}],"wp:attachment":[{"href":"https:\/\/urban-clothingstore.com\/en\/wp-json\/wp\/v2\/media?parent=6174"}],"wp:term":[{"taxonomy":"product_brand","embeddable":true,"href":"https:\/\/urban-clothingstore.com\/en\/wp-json\/wp\/v2\/product_brand?post=6174"},{"taxonomy":"product_cat","embeddable":true,"href":"https:\/\/urban-clothingstore.com\/en\/wp-json\/wp\/v2\/product_cat?post=6174"},{"taxonomy":"product_tag","embeddable":true,"href":"https:\/\/urban-clothingstore.com\/en\/wp-json\/wp\/v2\/product_tag?post=6174"}],"curies":[{"name":"wp","href":"https:\/\/api.w.org\/{rel}","templated":true}]}}