{"id":6194,"date":"2025-09-09T14:01:26","date_gmt":"2025-09-09T14:01:26","guid":{"rendered":"https:\/\/urban-clothingstore.com\/?post_type=product&#038;p=6194"},"modified":"2025-09-09T14:01:26","modified_gmt":"2025-09-09T14:01:26","slug":"maice-oversize-kafe-e-hapet-me-vija-horizontale-dhe-print-minimal","status":"publish","type":"product","link":"https:\/\/urban-clothingstore.com\/en\/product\/maice-oversize-kafe-e-hapet-me-vija-horizontale-dhe-print-minimal\/","title":{"rendered":"Maic\u00eb Oversize Kafe e Hap\u00ebt me Vija Horizontale dhe Print Minimal"},"content":{"rendered":"<p>Kjo maic\u00eb oversize n\u00eb ngjyr\u00eb kafe t\u00eb hapur \u00ebsht\u00eb nj\u00eb kombinim perfekt i stilit casual me detaje moderne. Vijat horizontale t\u00eb qepura i japin nj\u00eb pamje dinamike dhe unike, nd\u00ebrsa printi minimalist n\u00eb pjes\u00ebn e gjoksit shton nj\u00eb prekje t\u00eb thjesht\u00eb por karakteristike. Materiali cil\u00ebsor siguron rehati dhe q\u00ebndrueshm\u00ebri, nd\u00ebrsa prerja oversize \u00ebsht\u00eb ideale p\u00ebr nj\u00eb stil urban dhe t\u00eb lirsh\u00ebm. E leht\u00eb p\u00ebr t\u2019u kombinuar me xhinse apo pantallona sportive, kjo maic\u00eb \u00ebsht\u00eb pjes\u00eb e domosdoshme p\u00ebr garderob\u00ebn e p\u00ebrditshme.<\/p>","protected":false},"excerpt":{"rendered":"<p>Kjo maic\u00eb oversize n\u00eb ngjyr\u00eb kafe t\u00eb hapur \u00ebsht\u00eb nj\u00eb kombinim perfekt i stilit casual me detaje moderne. Vijat horizontale t\u00eb qepura i japin nj\u00eb pamje dinamike dhe unike, nd\u00ebrsa printi minimalist n\u00eb pjes\u00ebn e gjoksit shton nj\u00eb prekje t\u00eb thjesht\u00eb por karakteristike. Materiali cil\u00ebsor siguron rehati dhe q\u00ebndrueshm\u00ebri, nd\u00ebrsa prerja oversize \u00ebsht\u00eb ideale p\u00ebr [&hellip;]<\/p>","protected":false},"featured_media":6195,"comment_status":"open","ping_status":"closed","template":"","meta":[],"product_brand":[],"product_cat":[21],"product_tag":[313,321,33],"class_list":{"0":"post-6194","1":"product","2":"type-product","3":"status-publish","4":"has-post-thumbnail","6":"product_cat-tshirts","7":"product_tag-maice","8":"product_tag-ngjyr-kafe","9":"product_tag-oversize","11":"first","12":"instock","13":"taxable","14":"shipping-taxable","15":"purchasable","16":"product-type-variable"},"jetpack_sharing_enabled":true,"_links":{"self":[{"href":"https:\/\/urban-clothingstore.com\/en\/wp-json\/wp\/v2\/product\/6194","targetHints":{"allow":["GET"]}}],"collection":[{"href":"https:\/\/urban-clothingstore.com\/en\/wp-json\/wp\/v2\/product"}],"about":[{"href":"https:\/\/urban-clothingstore.com\/en\/wp-json\/wp\/v2\/types\/product"}],"replies":[{"embeddable":true,"href":"https:\/\/urban-clothingstore.com\/en\/wp-json\/wp\/v2\/comments?post=6194"}],"wp:featuredmedia":[{"embeddable":true,"href":"https:\/\/urban-clothingstore.com\/en\/wp-json\/wp\/v2\/media\/6195"}],"wp:attachment":[{"href":"https:\/\/urban-clothingstore.com\/en\/wp-json\/wp\/v2\/media?parent=6194"}],"wp:term":[{"taxonomy":"product_brand","embeddable":true,"href":"https:\/\/urban-clothingstore.com\/en\/wp-json\/wp\/v2\/product_brand?post=6194"},{"taxonomy":"product_cat","embeddable":true,"href":"https:\/\/urban-clothingstore.com\/en\/wp-json\/wp\/v2\/product_cat?post=6194"},{"taxonomy":"product_tag","embeddable":true,"href":"https:\/\/urban-clothingstore.com\/en\/wp-json\/wp\/v2\/product_tag?post=6194"}],"curies":[{"name":"wp","href":"https:\/\/api.w.org\/{rel}","templated":true}]}}