{"id":6286,"date":"2025-09-12T09:27:50","date_gmt":"2025-09-12T09:27:50","guid":{"rendered":"https:\/\/urban-clothingstore.com\/?post_type=product&#038;p=6286"},"modified":"2025-09-12T09:27:50","modified_gmt":"2025-09-12T09:27:50","slug":"bluze-basic-per-meshkuj-ngjyre-jeshile-e-erret-komfort-stil-casual","status":"publish","type":"product","link":"https:\/\/urban-clothingstore.com\/en\/product\/bluze-basic-per-meshkuj-ngjyre-jeshile-e-erret-komfort-stil-casual\/","title":{"rendered":"Bluz\u00eb Basic p\u00ebr Meshkuj \u2013 Ngjyr\u00eb Jeshile e Err\u00ebt, Komfort &#038; Stil Casual"},"content":{"rendered":"<p data-start=\"102\" data-end=\"436\">Kjo bluz\u00eb n\u00eb ngjyr\u00eb jeshile t\u00eb err\u00ebt sjell freski dhe stil n\u00eb garderob\u00ebn mashkullore. Me dizajn minimalist dhe prerje klasike, \u00ebsht\u00eb nj\u00eb pjes\u00eb e gjithanshme q\u00eb mund t\u00eb kombinohet leht\u00ebsisht si p\u00ebr p\u00ebrditshm\u00ebri, ashtu edhe p\u00ebr dalje m\u00eb t\u00eb lira. Pambuku cil\u00ebsor e b\u00ebn at\u00eb t\u00eb rehatshme dhe t\u00eb q\u00ebndrueshme.<\/p>\n<ul data-start=\"438\" data-end=\"739\">\n<li data-start=\"438\" data-end=\"476\">\n<p data-start=\"440\" data-end=\"476\"><strong data-start=\"440\" data-end=\"454\">Materiali:<\/strong> 100% pambuk cil\u00ebsor<\/p>\n<\/li>\n<li data-start=\"477\" data-end=\"508\">\n<p data-start=\"479\" data-end=\"508\"><strong data-start=\"479\" data-end=\"490\">Ngjyra:<\/strong> Jeshile e err\u00ebt<\/p>\n<\/li>\n<li data-start=\"509\" data-end=\"579\">\n<p data-start=\"511\" data-end=\"579\"><strong data-start=\"511\" data-end=\"523\">Dizajni:<\/strong> Minimalist, me m\u00ebng\u00eb t\u00eb shkurtra dhe prerje standarde<\/p>\n<\/li>\n<li data-start=\"580\" data-end=\"651\">\n<p data-start=\"582\" data-end=\"651\"><strong data-start=\"582\" data-end=\"597\">P\u00ebrshtatje:<\/strong> E rehatshme, frym\u00ebmarr\u00ebse dhe praktike p\u00ebr \u00e7do dit\u00eb<\/p>\n<\/li>\n<li data-start=\"652\" data-end=\"739\">\n<p data-start=\"654\" data-end=\"739\"><strong data-start=\"654\" data-end=\"669\">Ideale p\u00ebr:<\/strong> P\u00ebrdorim casual, kombinime me xhinse, pantallona apo jeleke\/xhaketa<\/p>\n<\/li>\n<\/ul>","protected":false},"excerpt":{"rendered":"<p>Kjo bluz\u00eb n\u00eb ngjyr\u00eb jeshile t\u00eb err\u00ebt sjell freski dhe stil n\u00eb garderob\u00ebn mashkullore. Me dizajn minimalist dhe prerje klasike, \u00ebsht\u00eb nj\u00eb pjes\u00eb e gjithanshme q\u00eb mund t\u00eb kombinohet leht\u00ebsisht si p\u00ebr p\u00ebrditshm\u00ebri, ashtu edhe p\u00ebr dalje m\u00eb t\u00eb lira. Pambuku cil\u00ebsor e b\u00ebn at\u00eb t\u00eb rehatshme dhe t\u00eb q\u00ebndrueshme. Materiali: 100% pambuk cil\u00ebsor Ngjyra: [&hellip;]<\/p>","protected":false},"featured_media":6287,"comment_status":"open","ping_status":"closed","template":"","meta":[],"product_brand":[],"product_cat":[21],"product_tag":[298,313,57],"class_list":{"0":"post-6286","1":"product","2":"type-product","3":"status-publish","4":"has-post-thumbnail","6":"product_cat-tshirts","7":"product_tag-klasike","8":"product_tag-maice","9":"product_tag-slimfit","11":"first","12":"instock","13":"sale","14":"taxable","15":"shipping-taxable","16":"purchasable","17":"product-type-variable"},"jetpack_sharing_enabled":true,"_links":{"self":[{"href":"https:\/\/urban-clothingstore.com\/en\/wp-json\/wp\/v2\/product\/6286","targetHints":{"allow":["GET"]}}],"collection":[{"href":"https:\/\/urban-clothingstore.com\/en\/wp-json\/wp\/v2\/product"}],"about":[{"href":"https:\/\/urban-clothingstore.com\/en\/wp-json\/wp\/v2\/types\/product"}],"replies":[{"embeddable":true,"href":"https:\/\/urban-clothingstore.com\/en\/wp-json\/wp\/v2\/comments?post=6286"}],"wp:featuredmedia":[{"embeddable":true,"href":"https:\/\/urban-clothingstore.com\/en\/wp-json\/wp\/v2\/media\/6287"}],"wp:attachment":[{"href":"https:\/\/urban-clothingstore.com\/en\/wp-json\/wp\/v2\/media?parent=6286"}],"wp:term":[{"taxonomy":"product_brand","embeddable":true,"href":"https:\/\/urban-clothingstore.com\/en\/wp-json\/wp\/v2\/product_brand?post=6286"},{"taxonomy":"product_cat","embeddable":true,"href":"https:\/\/urban-clothingstore.com\/en\/wp-json\/wp\/v2\/product_cat?post=6286"},{"taxonomy":"product_tag","embeddable":true,"href":"https:\/\/urban-clothingstore.com\/en\/wp-json\/wp\/v2\/product_tag?post=6286"}],"curies":[{"name":"wp","href":"https:\/\/api.w.org\/{rel}","templated":true}]}}