{"id":6300,"date":"2025-09-12T09:39:02","date_gmt":"2025-09-12T09:39:02","guid":{"rendered":"https:\/\/urban-clothingstore.com\/?post_type=product&#038;p=6300"},"modified":"2025-09-12T09:39:02","modified_gmt":"2025-09-12T09:39:02","slug":"bluze-basic-per-meshkuj-ngjyre-gri-e-erret-stil-klasik-praktik","status":"publish","type":"product","link":"https:\/\/urban-clothingstore.com\/en\/product\/bluze-basic-per-meshkuj-ngjyre-gri-e-erret-stil-klasik-praktik\/","title":{"rendered":"Bluz\u00eb Basic p\u00ebr Meshkuj \u2013 Ngjyr\u00eb Gri e Err\u00ebt, Stil Klasik &#038; Praktik"},"content":{"rendered":"<p data-start=\"98\" data-end=\"376\">Kjo bluz\u00eb gri e err\u00ebt me m\u00ebng\u00eb t\u00eb shkurtra \u00ebsht\u00eb nj\u00eb element baz\u00eb q\u00eb nuk duhet t\u00eb mungoj\u00eb n\u00eb garderob\u00ebn mashkullore. Me stil minimalist dhe material pambuku cil\u00ebsor, ofron rehati dhe q\u00ebndrueshm\u00ebri, duke u p\u00ebrshtatur p\u00ebr \u00e7do dit\u00eb dhe \u00e7do kombinim.<\/p>\n<ul data-start=\"378\" data-end=\"671\">\n<li data-start=\"378\" data-end=\"416\">\n<p data-start=\"380\" data-end=\"416\"><strong data-start=\"380\" data-end=\"394\">Materiali:<\/strong> 100% pambuk cil\u00ebsor<\/p>\n<\/li>\n<li data-start=\"417\" data-end=\"444\">\n<p data-start=\"419\" data-end=\"444\"><strong data-start=\"419\" data-end=\"430\">Ngjyra:<\/strong> Gri e err\u00ebt<\/p>\n<\/li>\n<li data-start=\"445\" data-end=\"511\">\n<p data-start=\"447\" data-end=\"511\"><strong data-start=\"447\" data-end=\"459\">Dizajni:<\/strong> Me m\u00ebng\u00eb t\u00eb shkurtra dhe prerje klasike standarde<\/p>\n<\/li>\n<li data-start=\"512\" data-end=\"594\">\n<p data-start=\"514\" data-end=\"594\"><strong data-start=\"514\" data-end=\"529\">P\u00ebrshtatje:<\/strong> Komode, e frym\u00ebmarrshme dhe e leht\u00eb p\u00ebr p\u00ebrdorim t\u00eb p\u00ebrditsh\u00ebm<\/p>\n<\/li>\n<li data-start=\"595\" data-end=\"671\">\n<p data-start=\"597\" data-end=\"671\"><strong data-start=\"597\" data-end=\"612\">Ideale p\u00ebr:<\/strong> Dalje casual, kombinime me jeans, pantallona apo xhaket\u00eb<\/p>\n<\/li>\n<\/ul>\n<p data-start=\"673\" data-end=\"772\">\ud83d\udc49 Nj\u00eb <strong data-start=\"680\" data-end=\"716\">bluz\u00eb neutrale dhe e gjithanshme<\/strong>, q\u00eb kombinohet leht\u00ebsisht dhe p\u00ebrshtatet me \u00e7do stil.<\/p>","protected":false},"excerpt":{"rendered":"<p>Kjo bluz\u00eb gri e err\u00ebt me m\u00ebng\u00eb t\u00eb shkurtra \u00ebsht\u00eb nj\u00eb element baz\u00eb q\u00eb nuk duhet t\u00eb mungoj\u00eb n\u00eb garderob\u00ebn mashkullore. Me stil minimalist dhe material pambuku cil\u00ebsor, ofron rehati dhe q\u00ebndrueshm\u00ebri, duke u p\u00ebrshtatur p\u00ebr \u00e7do dit\u00eb dhe \u00e7do kombinim. Materiali: 100% pambuk cil\u00ebsor Ngjyra: Gri e err\u00ebt Dizajni: Me m\u00ebng\u00eb t\u00eb shkurtra dhe [&hellip;]<\/p>","protected":false},"featured_media":6301,"comment_status":"open","ping_status":"closed","template":"","meta":[],"product_brand":[],"product_cat":[21],"product_tag":[298,313,57],"class_list":{"0":"post-6300","1":"product","2":"type-product","3":"status-publish","4":"has-post-thumbnail","6":"product_cat-tshirts","7":"product_tag-klasike","8":"product_tag-maice","9":"product_tag-slimfit","11":"first","12":"instock","13":"sale","14":"taxable","15":"shipping-taxable","16":"purchasable","17":"product-type-variable"},"jetpack_sharing_enabled":true,"_links":{"self":[{"href":"https:\/\/urban-clothingstore.com\/en\/wp-json\/wp\/v2\/product\/6300","targetHints":{"allow":["GET"]}}],"collection":[{"href":"https:\/\/urban-clothingstore.com\/en\/wp-json\/wp\/v2\/product"}],"about":[{"href":"https:\/\/urban-clothingstore.com\/en\/wp-json\/wp\/v2\/types\/product"}],"replies":[{"embeddable":true,"href":"https:\/\/urban-clothingstore.com\/en\/wp-json\/wp\/v2\/comments?post=6300"}],"wp:featuredmedia":[{"embeddable":true,"href":"https:\/\/urban-clothingstore.com\/en\/wp-json\/wp\/v2\/media\/6301"}],"wp:attachment":[{"href":"https:\/\/urban-clothingstore.com\/en\/wp-json\/wp\/v2\/media?parent=6300"}],"wp:term":[{"taxonomy":"product_brand","embeddable":true,"href":"https:\/\/urban-clothingstore.com\/en\/wp-json\/wp\/v2\/product_brand?post=6300"},{"taxonomy":"product_cat","embeddable":true,"href":"https:\/\/urban-clothingstore.com\/en\/wp-json\/wp\/v2\/product_cat?post=6300"},{"taxonomy":"product_tag","embeddable":true,"href":"https:\/\/urban-clothingstore.com\/en\/wp-json\/wp\/v2\/product_tag?post=6300"}],"curies":[{"name":"wp","href":"https:\/\/api.w.org\/{rel}","templated":true}]}}