{"id":6332,"date":"2025-09-13T08:39:12","date_gmt":"2025-09-13T08:39:12","guid":{"rendered":"https:\/\/urban-clothingstore.com\/?post_type=product&#038;p=6332"},"modified":"2025-10-01T10:41:13","modified_gmt":"2025-10-01T10:41:13","slug":"bluze-oversize-me-jake-rrollke-ngjyre-e-zeze","status":"publish","type":"product","link":"https:\/\/urban-clothingstore.com\/en\/product\/bluze-oversize-me-jake-rrollke-ngjyre-e-zeze\/","title":{"rendered":"Bluze Oversize me Jak\u00eb Rrollke \u2013 Ngjyr\u00eb e Zez\u00eb"},"content":{"rendered":"<p>Kjo bluz\u00eb oversize me jak\u00eb rrollke vjen n\u00eb ngjyr\u00eb t\u00eb zez\u00eb klasike, duke i dh\u00ebn\u00eb \u00e7do kombinimi nj\u00eb pamje moderne dhe elegante. Pambuku premium ofron rehati maksimale, nd\u00ebrsa prerja e lirshme siguron stil urban dhe t\u00eb p\u00ebrshtatsh\u00ebm p\u00ebr \u00e7do dit\u00eb.<br data-start=\"351\" data-end=\"354\" \/>Ngjyra e zez\u00eb \u00ebsht\u00eb gjithmon\u00eb e leht\u00eb p\u00ebr t\u2019u kombinuar \u2013 qoft\u00eb me xhinse, pantallona klasike apo veshje streetwear, duke e b\u00ebr\u00eb k\u00ebt\u00eb bluz\u00eb nj\u00eb pjes\u00eb baz\u00eb t\u00eb garderob\u00ebs suaj. Me m\u00ebng\u00eb t\u00eb shkurtra dhe material t\u00eb frym\u00ebmarrsh\u00ebm, \u00ebsht\u00eb ideale p\u00ebr p\u00ebrdorim t\u00eb p\u00ebrditsh\u00ebm dhe p\u00ebr shtresim n\u00eb veshjet sezonale.<\/p>","protected":false},"excerpt":{"rendered":"<p>Kjo bluz\u00eb oversize me jak\u00eb rrollke vjen n\u00eb ngjyr\u00eb t\u00eb zez\u00eb klasike, duke i dh\u00ebn\u00eb \u00e7do kombinimi nj\u00eb pamje moderne dhe elegante. Pambuku premium ofron rehati maksimale, nd\u00ebrsa prerja e lirshme siguron stil urban dhe t\u00eb p\u00ebrshtatsh\u00ebm p\u00ebr \u00e7do dit\u00eb.Ngjyra e zez\u00eb \u00ebsht\u00eb gjithmon\u00eb e leht\u00eb p\u00ebr t\u2019u kombinuar \u2013 qoft\u00eb me xhinse, pantallona klasike [&hellip;]<\/p>","protected":false},"featured_media":6333,"comment_status":"open","ping_status":"closed","template":"","meta":[],"product_brand":[],"product_cat":[21],"product_tag":[296,326,313,33],"class_list":{"0":"post-6332","1":"product","2":"type-product","3":"status-publish","4":"has-post-thumbnail","6":"product_cat-tshirts","7":"product_tag-e-zeze","8":"product_tag-jake-rrollke","9":"product_tag-maice","10":"product_tag-oversize","12":"first","13":"outofstock","14":"taxable","15":"shipping-taxable","16":"purchasable","17":"product-type-variable"},"jetpack_sharing_enabled":true,"_links":{"self":[{"href":"https:\/\/urban-clothingstore.com\/en\/wp-json\/wp\/v2\/product\/6332","targetHints":{"allow":["GET"]}}],"collection":[{"href":"https:\/\/urban-clothingstore.com\/en\/wp-json\/wp\/v2\/product"}],"about":[{"href":"https:\/\/urban-clothingstore.com\/en\/wp-json\/wp\/v2\/types\/product"}],"replies":[{"embeddable":true,"href":"https:\/\/urban-clothingstore.com\/en\/wp-json\/wp\/v2\/comments?post=6332"}],"wp:featuredmedia":[{"embeddable":true,"href":"https:\/\/urban-clothingstore.com\/en\/wp-json\/wp\/v2\/media\/6333"}],"wp:attachment":[{"href":"https:\/\/urban-clothingstore.com\/en\/wp-json\/wp\/v2\/media?parent=6332"}],"wp:term":[{"taxonomy":"product_brand","embeddable":true,"href":"https:\/\/urban-clothingstore.com\/en\/wp-json\/wp\/v2\/product_brand?post=6332"},{"taxonomy":"product_cat","embeddable":true,"href":"https:\/\/urban-clothingstore.com\/en\/wp-json\/wp\/v2\/product_cat?post=6332"},{"taxonomy":"product_tag","embeddable":true,"href":"https:\/\/urban-clothingstore.com\/en\/wp-json\/wp\/v2\/product_tag?post=6332"}],"curies":[{"name":"wp","href":"https:\/\/api.w.org\/{rel}","templated":true}]}}