{"id":6384,"date":"2025-09-15T09:29:05","date_gmt":"2025-09-15T09:29:05","guid":{"rendered":"https:\/\/urban-clothingstore.com\/?post_type=product&#038;p=6384"},"modified":"2025-09-15T09:29:05","modified_gmt":"2025-09-15T09:29:05","slug":"polo-slim-fit-me-teksture-ngjyre-ulliri","status":"publish","type":"product","link":"https:\/\/urban-clothingstore.com\/en\/product\/polo-slim-fit-me-teksture-ngjyre-ulliri\/","title":{"rendered":"Polo Slim Fit me Tekstur\u00eb \u2013 Ngjyr\u00eb Ulliri"},"content":{"rendered":"<p data-start=\"104\" data-end=\"352\">Kjo polo n\u00eb ngjyr\u00eb elegante <strong data-start=\"132\" data-end=\"142\">ulliri<\/strong> sjell nj\u00eb kombinim perfekt mes stilit modern dhe rehatis\u00eb. Materiali me tekstur\u00eb horizontale ofron nj\u00eb pamje t\u00eb rafinuar, nd\u00ebrsa prerja <strong data-start=\"279\" data-end=\"291\">slim fit<\/strong> p\u00ebrshtatet n\u00eb m\u00ebnyr\u00eb ideale duke theksuar linjat e trupit.<\/p>\n<p data-start=\"354\" data-end=\"578\">Ngjyra ulliri e b\u00ebn k\u00ebt\u00eb polo nj\u00eb zgjedhje t\u00eb gjithanshme, t\u00eb leht\u00eb p\u00ebr t\u2019u kombinuar me pantallona chinos, xhinse apo edhe pantallona elegante p\u00ebr raste m\u00eb formale. Nj\u00eb opsion i domosdosh\u00ebm p\u00ebr garderob\u00ebn e \u00e7do mashkulli.<\/p>\n<ul data-start=\"600\" data-end=\"879\">\n<li data-start=\"600\" data-end=\"647\">\n<p data-start=\"602\" data-end=\"647\"><strong data-start=\"602\" data-end=\"645\">Ngjyr\u00eb ulliri moderne dhe e gjithanshme<\/strong><\/p>\n<\/li>\n<li data-start=\"648\" data-end=\"712\">\n<p data-start=\"650\" data-end=\"712\"><strong data-start=\"650\" data-end=\"691\">Material me vija t\u00eb holla horizontale<\/strong> p\u00ebr nj\u00eb detaj unik<\/p>\n<\/li>\n<li data-start=\"713\" data-end=\"760\">\n<p data-start=\"715\" data-end=\"760\"><strong data-start=\"715\" data-end=\"734\">Prerje Slim Fit<\/strong> p\u00ebr p\u00ebrshtatje elegante<\/p>\n<\/li>\n<li data-start=\"761\" data-end=\"820\">\n<p data-start=\"763\" data-end=\"820\"><strong data-start=\"763\" data-end=\"785\">Kollar klasik polo<\/strong> p\u00ebr stil t\u00eb past\u00ebr e t\u00eb rafinuar<\/p>\n<\/li>\n<li data-start=\"821\" data-end=\"879\">\n<p data-start=\"823\" data-end=\"879\"><strong data-start=\"823\" data-end=\"877\">Mund t\u00eb vishet si n\u00eb stil casual ashtu edhe formal<\/strong><\/p>\n<\/li>\n<\/ul>","protected":false},"excerpt":{"rendered":"<p>Kjo polo n\u00eb ngjyr\u00eb elegante ulliri sjell nj\u00eb kombinim perfekt mes stilit modern dhe rehatis\u00eb. Materiali me tekstur\u00eb horizontale ofron nj\u00eb pamje t\u00eb rafinuar, nd\u00ebrsa prerja slim fit p\u00ebrshtatet n\u00eb m\u00ebnyr\u00eb ideale duke theksuar linjat e trupit. Ngjyra ulliri e b\u00ebn k\u00ebt\u00eb polo nj\u00eb zgjedhje t\u00eb gjithanshme, t\u00eb leht\u00eb p\u00ebr t\u2019u kombinuar me pantallona chinos, [&hellip;]<\/p>","protected":false},"featured_media":6385,"comment_status":"open","ping_status":"closed","template":"","meta":[],"product_brand":[],"product_cat":[21],"product_tag":[298,313,328,57],"class_list":{"0":"post-6384","1":"product","2":"type-product","3":"status-publish","4":"has-post-thumbnail","6":"product_cat-tshirts","7":"product_tag-klasike","8":"product_tag-maice","9":"product_tag-me-jaka","10":"product_tag-slimfit","12":"first","13":"instock","14":"taxable","15":"shipping-taxable","16":"purchasable","17":"product-type-variable"},"jetpack_sharing_enabled":true,"_links":{"self":[{"href":"https:\/\/urban-clothingstore.com\/en\/wp-json\/wp\/v2\/product\/6384","targetHints":{"allow":["GET"]}}],"collection":[{"href":"https:\/\/urban-clothingstore.com\/en\/wp-json\/wp\/v2\/product"}],"about":[{"href":"https:\/\/urban-clothingstore.com\/en\/wp-json\/wp\/v2\/types\/product"}],"replies":[{"embeddable":true,"href":"https:\/\/urban-clothingstore.com\/en\/wp-json\/wp\/v2\/comments?post=6384"}],"wp:featuredmedia":[{"embeddable":true,"href":"https:\/\/urban-clothingstore.com\/en\/wp-json\/wp\/v2\/media\/6385"}],"wp:attachment":[{"href":"https:\/\/urban-clothingstore.com\/en\/wp-json\/wp\/v2\/media?parent=6384"}],"wp:term":[{"taxonomy":"product_brand","embeddable":true,"href":"https:\/\/urban-clothingstore.com\/en\/wp-json\/wp\/v2\/product_brand?post=6384"},{"taxonomy":"product_cat","embeddable":true,"href":"https:\/\/urban-clothingstore.com\/en\/wp-json\/wp\/v2\/product_cat?post=6384"},{"taxonomy":"product_tag","embeddable":true,"href":"https:\/\/urban-clothingstore.com\/en\/wp-json\/wp\/v2\/product_tag?post=6384"}],"curies":[{"name":"wp","href":"https:\/\/api.w.org\/{rel}","templated":true}]}}