{"id":6398,"date":"2025-09-15T11:35:44","date_gmt":"2025-09-15T11:35:44","guid":{"rendered":"https:\/\/urban-clothingstore.com\/?post_type=product&#038;p=6398"},"modified":"2025-10-01T10:38:46","modified_gmt":"2025-10-01T10:38:46","slug":"xhakete-lekure-klasike-black-street-style","status":"publish","type":"product","link":"https:\/\/urban-clothingstore.com\/en\/product\/xhakete-lekure-klasike-black-street-style\/","title":{"rendered":"Xhaket\u00eb me Efekte L\u00ebkure Klasike \u2013 Black Street Style"},"content":{"rendered":"<p data-start=\"106\" data-end=\"465\">Kjo xhaket\u00eb Eko Lekure n\u00eb ngjyr\u00eb <strong data-start=\"135\" data-end=\"154\">t\u00eb zez\u00eb klasike<\/strong> \u00ebsht\u00eb zgjedhja perfekte p\u00ebr nj\u00eb pamje urbane dhe moderne. E punuar me material l\u00ebkure me cil\u00ebsi t\u00eb lart\u00eb, ofron q\u00ebndrueshm\u00ebri dhe stil t\u00eb p\u00ebrjetsh\u00ebm. Prerja e drejt\u00eb dhe detajet minimaliste si <strong data-start=\"348\" data-end=\"368\">kopsa t\u00eb fshehta<\/strong> dhe <strong data-start=\"373\" data-end=\"388\">jak\u00eb klasik<\/strong> i japin nj\u00eb eleganc\u00eb t\u00eb thjesht\u00eb, nd\u00ebrsa mbetet praktike p\u00ebr p\u00ebrditshm\u00ebri.<\/p>\n<p data-start=\"467\" data-end=\"612\">E kombinuar leht\u00ebsisht me xhinse, pantallona klasike apo edhe t-shirt, kjo xhaket\u00eb \u00ebsht\u00eb nj\u00eb pjes\u00eb baz\u00eb e garderob\u00ebs q\u00eb nuk del kurr\u00eb nga moda.<\/p>\n<h3 data-start=\"614\" data-end=\"633\">Key Features:<\/h3>\n<ul data-start=\"634\" data-end=\"939\">\n<li data-start=\"634\" data-end=\"700\">\n<p data-start=\"636\" data-end=\"700\"><strong data-start=\"636\" data-end=\"664\">Material l\u00ebkure cil\u00ebsore<\/strong> p\u00ebr rezistenc\u00eb dhe stil afatgjat\u00eb<\/p>\n<\/li>\n<li data-start=\"701\" data-end=\"761\">\n<p data-start=\"703\" data-end=\"761\"><strong data-start=\"703\" data-end=\"728\">Ngjyr\u00eb e zez\u00eb klasike<\/strong> e gjithanshme p\u00ebr \u00e7do kombinim<\/p>\n<\/li>\n<li data-start=\"762\" data-end=\"824\">\n<p data-start=\"764\" data-end=\"824\"><strong data-start=\"764\" data-end=\"801\">Jak\u00eb klasik dhe dizajn minimalist<\/strong> p\u00ebr eleganc\u00eb moderne<\/p>\n<\/li>\n<li data-start=\"825\" data-end=\"877\">\n<p data-start=\"827\" data-end=\"877\"><strong data-start=\"827\" data-end=\"859\">Prerje e drejt\u00eb dhe praktike<\/strong> q\u00eb ofron rehati<\/p>\n<\/li>\n<li data-start=\"878\" data-end=\"939\">\n<p data-start=\"880\" data-end=\"939\"><strong data-start=\"880\" data-end=\"937\">E p\u00ebrshtatshme p\u00ebr \u00e7do rast \u2013 casual ose smart casual<\/strong><\/p>\n<\/li>\n<\/ul>","protected":false},"excerpt":{"rendered":"<p>Kjo xhaket\u00eb Eko Lekure n\u00eb ngjyr\u00eb t\u00eb zez\u00eb klasike \u00ebsht\u00eb zgjedhja perfekte p\u00ebr nj\u00eb pamje urbane dhe moderne. E punuar me material l\u00ebkure me cil\u00ebsi t\u00eb lart\u00eb, ofron q\u00ebndrueshm\u00ebri dhe stil t\u00eb p\u00ebrjetsh\u00ebm. Prerja e drejt\u00eb dhe detajet minimaliste si kopsa t\u00eb fshehta dhe jak\u00eb klasik i japin nj\u00eb eleganc\u00eb t\u00eb thjesht\u00eb, nd\u00ebrsa mbetet praktike [&hellip;]<\/p>","protected":false},"featured_media":6399,"comment_status":"open","ping_status":"closed","template":"","meta":[],"product_brand":[],"product_cat":[25],"product_tag":[329,314,312],"class_list":{"0":"post-6398","1":"product","2":"type-product","3":"status-publish","4":"has-post-thumbnail","6":"product_cat-jackets","7":"product_tag-eco-lekure","8":"product_tag-regular","9":"product_tag-xhakete","11":"first","12":"instock","13":"taxable","14":"shipping-taxable","15":"purchasable","16":"product-type-variable"},"jetpack_sharing_enabled":true,"_links":{"self":[{"href":"https:\/\/urban-clothingstore.com\/en\/wp-json\/wp\/v2\/product\/6398","targetHints":{"allow":["GET"]}}],"collection":[{"href":"https:\/\/urban-clothingstore.com\/en\/wp-json\/wp\/v2\/product"}],"about":[{"href":"https:\/\/urban-clothingstore.com\/en\/wp-json\/wp\/v2\/types\/product"}],"replies":[{"embeddable":true,"href":"https:\/\/urban-clothingstore.com\/en\/wp-json\/wp\/v2\/comments?post=6398"}],"wp:featuredmedia":[{"embeddable":true,"href":"https:\/\/urban-clothingstore.com\/en\/wp-json\/wp\/v2\/media\/6399"}],"wp:attachment":[{"href":"https:\/\/urban-clothingstore.com\/en\/wp-json\/wp\/v2\/media?parent=6398"}],"wp:term":[{"taxonomy":"product_brand","embeddable":true,"href":"https:\/\/urban-clothingstore.com\/en\/wp-json\/wp\/v2\/product_brand?post=6398"},{"taxonomy":"product_cat","embeddable":true,"href":"https:\/\/urban-clothingstore.com\/en\/wp-json\/wp\/v2\/product_cat?post=6398"},{"taxonomy":"product_tag","embeddable":true,"href":"https:\/\/urban-clothingstore.com\/en\/wp-json\/wp\/v2\/product_tag?post=6398"}],"curies":[{"name":"wp","href":"https:\/\/api.w.org\/{rel}","templated":true}]}}