{"id":6404,"date":"2025-09-15T11:50:19","date_gmt":"2025-09-15T11:50:19","guid":{"rendered":"https:\/\/urban-clothingstore.com\/?post_type=product&#038;p=6404"},"modified":"2025-11-17T14:11:30","modified_gmt":"2025-11-17T14:11:30","slug":"xhakete-lekure-klasike-ngjyre-kafe-e-hapet","status":"publish","type":"product","link":"https:\/\/urban-clothingstore.com\/en\/product\/xhakete-lekure-klasike-ngjyre-kafe-e-hapet\/","title":{"rendered":"Xhaket\u00eb me Efekte L\u00ebkure Klasike \u2013 Ngjyr\u00eb Kafe E Hap\u00ebt"},"content":{"rendered":"<p data-start=\"107\" data-end=\"437\">Kjo xhaket\u00eb l\u00ebkure n\u00eb ngjyr\u00eb <strong data-start=\"136\" data-end=\"152\">kafe e hap\u00ebt<\/strong> sjell nj\u00eb stil t\u00eb sofistikuar dhe t\u00eb p\u00ebrditsh\u00ebm. E punuar me material l\u00ebkure me cil\u00ebsi t\u00eb lart\u00eb, ofron q\u00ebndrueshm\u00ebri, komoditet dhe nj\u00eb pamje urbane moderne. Prerja e drejt\u00eb me <strong data-start=\"330\" data-end=\"348\">kopsa elegante<\/strong> dhe <strong data-start=\"353\" data-end=\"368\">jak\u00eb klasik<\/strong> i shton fines\u00eb minimaliste q\u00eb kombinohet leht\u00ebsisht me \u00e7do veshje.<\/p>\n<p data-start=\"439\" data-end=\"625\">Ideale p\u00ebr nj\u00eb look <strong data-start=\"459\" data-end=\"475\">smart casual<\/strong> me xhinse dhe k\u00ebmish\u00eb, ose p\u00ebr kombinime m\u00eb elegante me pantallona klasike, kjo xhaket\u00eb \u00ebsht\u00eb nj\u00eb investim i domosdosh\u00ebm n\u00eb garderob\u00ebn mashkullore.<\/p>\n<ul data-start=\"647\" data-end=\"934\">\n<li data-start=\"647\" data-end=\"711\">\n<p data-start=\"649\" data-end=\"711\"><strong data-start=\"649\" data-end=\"672\">Ngjyr\u00eb kafe e hap\u00ebt<\/strong> p\u00ebr nj\u00eb pamje t\u00eb ngroht\u00eb dhe moderne<\/p>\n<\/li>\n<li data-start=\"712\" data-end=\"777\">\n<p data-start=\"714\" data-end=\"777\"><strong data-start=\"714\" data-end=\"742\">Material l\u00ebkure cil\u00ebsore<\/strong> p\u00ebr rezistenc\u00eb dhe q\u00ebndrueshm\u00ebri<\/p>\n<\/li>\n<li data-start=\"778\" data-end=\"838\">\n<p data-start=\"780\" data-end=\"838\"><strong data-start=\"780\" data-end=\"817\">Jak\u00eb klasik dhe dizajn minimalist<\/strong> p\u00ebr stil t\u00eb past\u00ebr<\/p>\n<\/li>\n<li data-start=\"839\" data-end=\"880\">\n<p data-start=\"841\" data-end=\"880\"><strong data-start=\"841\" data-end=\"878\">Prerje e drejt\u00eb me kopsa elegante<\/strong><\/p>\n<\/li>\n<li data-start=\"881\" data-end=\"934\">\n<p data-start=\"883\" data-end=\"934\"><strong data-start=\"883\" data-end=\"932\">E gjithanshme \u2013 p\u00ebr casual ose raste elegante<\/strong><\/p>\n<\/li>\n<\/ul>","protected":false},"excerpt":{"rendered":"<p>Kjo xhaket\u00eb l\u00ebkure n\u00eb ngjyr\u00eb kafe e hap\u00ebt sjell nj\u00eb stil t\u00eb sofistikuar dhe t\u00eb p\u00ebrditsh\u00ebm. E punuar me material l\u00ebkure me cil\u00ebsi t\u00eb lart\u00eb, ofron q\u00ebndrueshm\u00ebri, komoditet dhe nj\u00eb pamje urbane moderne. Prerja e drejt\u00eb me kopsa elegante dhe jak\u00eb klasik i shton fines\u00eb minimaliste q\u00eb kombinohet leht\u00ebsisht me \u00e7do veshje. Ideale p\u00ebr nj\u00eb [&hellip;]<\/p>","protected":false},"featured_media":6405,"comment_status":"open","ping_status":"closed","template":"","meta":[],"product_brand":[],"product_cat":[25],"product_tag":[330,314,312],"class_list":{"0":"post-6404","1":"product","2":"type-product","3":"status-publish","4":"has-post-thumbnail","6":"product_cat-jackets","7":"product_tag-eko-lekure","8":"product_tag-regular","9":"product_tag-xhakete","11":"first","12":"instock","13":"sale","14":"taxable","15":"shipping-taxable","16":"purchasable","17":"product-type-variable"},"jetpack_sharing_enabled":true,"_links":{"self":[{"href":"https:\/\/urban-clothingstore.com\/en\/wp-json\/wp\/v2\/product\/6404","targetHints":{"allow":["GET"]}}],"collection":[{"href":"https:\/\/urban-clothingstore.com\/en\/wp-json\/wp\/v2\/product"}],"about":[{"href":"https:\/\/urban-clothingstore.com\/en\/wp-json\/wp\/v2\/types\/product"}],"replies":[{"embeddable":true,"href":"https:\/\/urban-clothingstore.com\/en\/wp-json\/wp\/v2\/comments?post=6404"}],"wp:featuredmedia":[{"embeddable":true,"href":"https:\/\/urban-clothingstore.com\/en\/wp-json\/wp\/v2\/media\/6405"}],"wp:attachment":[{"href":"https:\/\/urban-clothingstore.com\/en\/wp-json\/wp\/v2\/media?parent=6404"}],"wp:term":[{"taxonomy":"product_brand","embeddable":true,"href":"https:\/\/urban-clothingstore.com\/en\/wp-json\/wp\/v2\/product_brand?post=6404"},{"taxonomy":"product_cat","embeddable":true,"href":"https:\/\/urban-clothingstore.com\/en\/wp-json\/wp\/v2\/product_cat?post=6404"},{"taxonomy":"product_tag","embeddable":true,"href":"https:\/\/urban-clothingstore.com\/en\/wp-json\/wp\/v2\/product_tag?post=6404"}],"curies":[{"name":"wp","href":"https:\/\/api.w.org\/{rel}","templated":true}]}}