{"id":6430,"date":"2025-09-16T13:52:36","date_gmt":"2025-09-16T13:52:36","guid":{"rendered":"https:\/\/urban-clothingstore.com\/?post_type=product&#038;p=6430"},"modified":"2025-11-17T14:04:08","modified_gmt":"2025-11-17T14:04:08","slug":"xhakete-lekure-shiny-black-urban-style","status":"publish","type":"product","link":"https:\/\/urban-clothingstore.com\/en\/product\/xhakete-lekure-shiny-black-urban-style\/","title":{"rendered":"Xhaket\u00eb me Efekte L\u00ebkure Shiny Black \u2013 Urban Style"},"content":{"rendered":"<p>Kjo xhaket\u00eb l\u00ebkure n\u00eb ngjyr\u00eb t\u00eb zez\u00eb me shk\u00eblqim \u00ebsht\u00eb dizajnuar p\u00ebr ata q\u00eb duan t\u00eb dallohen me nj\u00eb stil modern dhe urban. Me nj\u00eb prerje klasike bomber dhe material rezistent, ajo ofron komoditet dhe pamje t\u00eb fuqishme nj\u00ebkoh\u00ebsisht. Jaka e ngritur dhe mbyllja me zinxhir e plot\u00eb i japin nj\u00eb pamje t\u00eb sigurt dhe t\u00ebrheq\u00ebse, nd\u00ebrsa belja dhe m\u00ebng\u00ebt elastike sigurojn\u00eb p\u00ebrshtatje perfekte. Mund t\u00eb kombinohet leht\u00ebsisht me xhinse ose pantallona t\u00eb zeza p\u00ebr nj\u00eb look t\u00eb guximsh\u00ebm streetwear.<\/p>","protected":false},"excerpt":{"rendered":"<p>Kjo xhaket\u00eb l\u00ebkure n\u00eb ngjyr\u00eb t\u00eb zez\u00eb me shk\u00eblqim \u00ebsht\u00eb dizajnuar p\u00ebr ata q\u00eb duan t\u00eb dallohen me nj\u00eb stil modern dhe urban. Me nj\u00eb prerje klasike bomber dhe material rezistent, ajo ofron komoditet dhe pamje t\u00eb fuqishme nj\u00ebkoh\u00ebsisht. Jaka e ngritur dhe mbyllja me zinxhir e plot\u00eb i japin nj\u00eb pamje t\u00eb sigurt dhe [&hellip;]<\/p>","protected":false},"featured_media":6432,"comment_status":"open","ping_status":"closed","template":"","meta":[],"product_brand":[],"product_cat":[25],"product_tag":[329,298,33,312],"class_list":{"0":"post-6430","1":"product","2":"type-product","3":"status-publish","4":"has-post-thumbnail","6":"product_cat-jackets","7":"product_tag-eco-lekure","8":"product_tag-klasike","9":"product_tag-oversize","10":"product_tag-xhakete","12":"first","13":"instock","14":"sale","15":"taxable","16":"shipping-taxable","17":"purchasable","18":"product-type-variable"},"jetpack_sharing_enabled":true,"_links":{"self":[{"href":"https:\/\/urban-clothingstore.com\/en\/wp-json\/wp\/v2\/product\/6430","targetHints":{"allow":["GET"]}}],"collection":[{"href":"https:\/\/urban-clothingstore.com\/en\/wp-json\/wp\/v2\/product"}],"about":[{"href":"https:\/\/urban-clothingstore.com\/en\/wp-json\/wp\/v2\/types\/product"}],"replies":[{"embeddable":true,"href":"https:\/\/urban-clothingstore.com\/en\/wp-json\/wp\/v2\/comments?post=6430"}],"wp:featuredmedia":[{"embeddable":true,"href":"https:\/\/urban-clothingstore.com\/en\/wp-json\/wp\/v2\/media\/6432"}],"wp:attachment":[{"href":"https:\/\/urban-clothingstore.com\/en\/wp-json\/wp\/v2\/media?parent=6430"}],"wp:term":[{"taxonomy":"product_brand","embeddable":true,"href":"https:\/\/urban-clothingstore.com\/en\/wp-json\/wp\/v2\/product_brand?post=6430"},{"taxonomy":"product_cat","embeddable":true,"href":"https:\/\/urban-clothingstore.com\/en\/wp-json\/wp\/v2\/product_cat?post=6430"},{"taxonomy":"product_tag","embeddable":true,"href":"https:\/\/urban-clothingstore.com\/en\/wp-json\/wp\/v2\/product_tag?post=6430"}],"curies":[{"name":"wp","href":"https:\/\/api.w.org\/{rel}","templated":true}]}}