{"id":6437,"date":"2025-09-16T13:57:40","date_gmt":"2025-09-16T13:57:40","guid":{"rendered":"https:\/\/urban-clothingstore.com\/?post_type=product&#038;p=6437"},"modified":"2025-12-16T07:30:44","modified_gmt":"2025-12-16T07:30:44","slug":"hoodie-oversize-white-urban-essentials","status":"publish","type":"product","link":"https:\/\/urban-clothingstore.com\/en\/product\/hoodie-oversize-white-urban-essentials\/","title":{"rendered":"Hoodie Oversize Bardhe Pambuk \u2013 Urban Essentials"},"content":{"rendered":"<p>Ky hoodie oversize n\u00eb ngjyr\u00eb t\u00eb bardh\u00eb \u00ebsht\u00eb nj\u00eb kombinim perfekt i rehatis\u00eb dhe stilit minimalist. I punuar nga material i but\u00eb dhe i ngroht\u00eb, ofron komoditet maksimal p\u00ebr p\u00ebrditshm\u00ebri apo dalje n\u00eb stil streetwear. Modeli p\u00ebrfshin kapu\u00e7 praktik me lidh\u00ebse t\u00eb zeza kontrastuese dhe xhep kangur p\u00ebr funksionalitet shtes\u00eb. P\u00ebrshtatet leht\u00ebsisht me xhinse, pantallona sportive apo veshje casual, duke u b\u00ebr\u00eb nj\u00eb pjes\u00eb thelb\u00ebsore n\u00eb garderob\u00ebn urbane.<\/p>","protected":false},"excerpt":{"rendered":"<p>Ky hoodie oversize n\u00eb ngjyr\u00eb t\u00eb bardh\u00eb \u00ebsht\u00eb nj\u00eb kombinim perfekt i rehatis\u00eb dhe stilit minimalist. I punuar nga material i but\u00eb dhe i ngroht\u00eb, ofron komoditet maksimal p\u00ebr p\u00ebrditshm\u00ebri apo dalje n\u00eb stil streetwear. Modeli p\u00ebrfshin kapu\u00e7 praktik me lidh\u00ebse t\u00eb zeza kontrastuese dhe xhep kangur p\u00ebr funksionalitet shtes\u00eb. P\u00ebrshtatet leht\u00ebsisht me xhinse, pantallona [&hellip;]<\/p>","protected":false},"featured_media":6438,"comment_status":"open","ping_status":"closed","template":"","meta":[],"product_brand":[],"product_cat":[19],"product_tag":[331,300,33],"class_list":{"0":"post-6437","1":"product","2":"type-product","3":"status-publish","4":"has-post-thumbnail","6":"product_cat-hoodies","7":"product_tag-duks","8":"product_tag-e-bardhe","9":"product_tag-oversize","11":"first","12":"instock","13":"sale","14":"taxable","15":"shipping-taxable","16":"purchasable","17":"product-type-variable"},"jetpack_sharing_enabled":true,"_links":{"self":[{"href":"https:\/\/urban-clothingstore.com\/en\/wp-json\/wp\/v2\/product\/6437","targetHints":{"allow":["GET"]}}],"collection":[{"href":"https:\/\/urban-clothingstore.com\/en\/wp-json\/wp\/v2\/product"}],"about":[{"href":"https:\/\/urban-clothingstore.com\/en\/wp-json\/wp\/v2\/types\/product"}],"replies":[{"embeddable":true,"href":"https:\/\/urban-clothingstore.com\/en\/wp-json\/wp\/v2\/comments?post=6437"}],"wp:featuredmedia":[{"embeddable":true,"href":"https:\/\/urban-clothingstore.com\/en\/wp-json\/wp\/v2\/media\/6438"}],"wp:attachment":[{"href":"https:\/\/urban-clothingstore.com\/en\/wp-json\/wp\/v2\/media?parent=6437"}],"wp:term":[{"taxonomy":"product_brand","embeddable":true,"href":"https:\/\/urban-clothingstore.com\/en\/wp-json\/wp\/v2\/product_brand?post=6437"},{"taxonomy":"product_cat","embeddable":true,"href":"https:\/\/urban-clothingstore.com\/en\/wp-json\/wp\/v2\/product_cat?post=6437"},{"taxonomy":"product_tag","embeddable":true,"href":"https:\/\/urban-clothingstore.com\/en\/wp-json\/wp\/v2\/product_tag?post=6437"}],"curies":[{"name":"wp","href":"https:\/\/api.w.org\/{rel}","templated":true}]}}