{"id":6586,"date":"2025-09-19T22:17:26","date_gmt":"2025-09-19T22:17:26","guid":{"rendered":"https:\/\/urban-clothingstore.com\/?post_type=product&#038;p=6586"},"modified":"2025-11-17T13:51:34","modified_gmt":"2025-11-17T13:51:34","slug":"bluze-slimfit-me-menge-te-gjata-ngjyre-e-zeze-me-vija-delikate","status":"publish","type":"product","link":"https:\/\/urban-clothingstore.com\/en\/product\/bluze-slimfit-me-menge-te-gjata-ngjyre-e-zeze-me-vija-delikate\/","title":{"rendered":"Bluz\u00eb Slimfit me M\u00ebng\u00eb t\u00eb Gjata \u2013 Ngjyr\u00eb e Zez\u00eb me Vija Delikate"},"content":{"rendered":"<p data-start=\"133\" data-end=\"426\">Kjo bluz\u00eb slimfit n\u00eb ngjyr\u00eb t\u00eb zez\u00eb \u00ebsht\u00eb nj\u00eb zgjedhje ideale p\u00ebr meshkuj q\u00eb duan t\u00eb kombinojn\u00eb thjesht\u00ebsin\u00eb me eleganc\u00ebn urbane. E punuar me material cil\u00ebsor dhe t\u00eb rehatsh\u00ebm, ofron nj\u00eb ndjesi komoditeti gjat\u00eb gjith\u00eb dit\u00ebs, nd\u00ebrsa vijat vertikale shtojn\u00eb nj\u00eb prekje moderne dhe sofistikimi.<\/p>\n<p data-start=\"428\" data-end=\"612\">E leht\u00eb p\u00ebr t\u2019u kombinuar me pantallona t\u00eb \u00e7el\u00ebta, xhinse ose veshje casual elegante, kjo bluz\u00eb \u00ebsht\u00eb perfekte p\u00ebr p\u00ebrditshm\u00ebri, darka apo dalje urbane ku k\u00ebrkohet nj\u00eb pamje premium.<\/p>\n<h3 data-start=\"614\" data-end=\"648\"><strong data-start=\"618\" data-end=\"646\">Karakteristikat Kryesore<\/strong><\/h3>\n<ul data-start=\"649\" data-end=\"997\">\n<li data-start=\"649\" data-end=\"720\">\n<p data-start=\"651\" data-end=\"720\"><strong data-start=\"651\" data-end=\"670\">Prerje Slimfit:<\/strong> Thekson linjat trupore dhe ofron pamje moderne.<\/p>\n<\/li>\n<li data-start=\"721\" data-end=\"790\">\n<p data-start=\"723\" data-end=\"790\"><strong data-start=\"723\" data-end=\"754\">Material cil\u00ebsor &amp; elastik:<\/strong> Siguron rehati dhe q\u00ebndrueshm\u00ebri.<\/p>\n<\/li>\n<li data-start=\"791\" data-end=\"853\">\n<p data-start=\"793\" data-end=\"853\"><strong data-start=\"793\" data-end=\"822\">Dizajn me vija vertikale:<\/strong> Eleganc\u00eb dhe fines\u00eb vizuale.<\/p>\n<\/li>\n<li data-start=\"854\" data-end=\"910\">\n<p data-start=\"856\" data-end=\"910\"><strong data-start=\"856\" data-end=\"882\">Ngjyr\u00eb e zez\u00eb klasike:<\/strong> Kombinohet me \u00e7do outfit.<\/p>\n<\/li>\n<li data-start=\"911\" data-end=\"997\">\n<p data-start=\"913\" data-end=\"997\"><strong data-start=\"913\" data-end=\"945\">E p\u00ebrshtatshme p\u00ebr \u00e7do rast:<\/strong> Nga p\u00ebrditshm\u00ebria deri te rastet casual elegante.<\/p>\n<\/li>\n<\/ul>","protected":false},"excerpt":{"rendered":"<p>Kjo bluz\u00eb slimfit n\u00eb ngjyr\u00eb t\u00eb zez\u00eb \u00ebsht\u00eb nj\u00eb zgjedhje ideale p\u00ebr meshkuj q\u00eb duan t\u00eb kombinojn\u00eb thjesht\u00ebsin\u00eb me eleganc\u00ebn urbane. E punuar me material cil\u00ebsor dhe t\u00eb rehatsh\u00ebm, ofron nj\u00eb ndjesi komoditeti gjat\u00eb gjith\u00eb dit\u00ebs, nd\u00ebrsa vijat vertikale shtojn\u00eb nj\u00eb prekje moderne dhe sofistikimi. E leht\u00eb p\u00ebr t\u2019u kombinuar me pantallona t\u00eb \u00e7el\u00ebta, xhinse [&hellip;]<\/p>","protected":false},"featured_media":6588,"comment_status":"open","ping_status":"closed","template":"","meta":[],"product_brand":[],"product_cat":[61],"product_tag":[295,298,302,57],"class_list":{"0":"post-6586","1":"product","2":"type-product","3":"status-publish","4":"has-post-thumbnail","6":"product_cat-shirt","7":"product_tag-bluze","8":"product_tag-klasike","9":"product_tag-ngjyre-e-zeze","10":"product_tag-slimfit","12":"first","13":"outofstock","14":"taxable","15":"shipping-taxable","16":"purchasable","17":"product-type-variable"},"jetpack_sharing_enabled":true,"_links":{"self":[{"href":"https:\/\/urban-clothingstore.com\/en\/wp-json\/wp\/v2\/product\/6586","targetHints":{"allow":["GET"]}}],"collection":[{"href":"https:\/\/urban-clothingstore.com\/en\/wp-json\/wp\/v2\/product"}],"about":[{"href":"https:\/\/urban-clothingstore.com\/en\/wp-json\/wp\/v2\/types\/product"}],"replies":[{"embeddable":true,"href":"https:\/\/urban-clothingstore.com\/en\/wp-json\/wp\/v2\/comments?post=6586"}],"wp:featuredmedia":[{"embeddable":true,"href":"https:\/\/urban-clothingstore.com\/en\/wp-json\/wp\/v2\/media\/6588"}],"wp:attachment":[{"href":"https:\/\/urban-clothingstore.com\/en\/wp-json\/wp\/v2\/media?parent=6586"}],"wp:term":[{"taxonomy":"product_brand","embeddable":true,"href":"https:\/\/urban-clothingstore.com\/en\/wp-json\/wp\/v2\/product_brand?post=6586"},{"taxonomy":"product_cat","embeddable":true,"href":"https:\/\/urban-clothingstore.com\/en\/wp-json\/wp\/v2\/product_cat?post=6586"},{"taxonomy":"product_tag","embeddable":true,"href":"https:\/\/urban-clothingstore.com\/en\/wp-json\/wp\/v2\/product_tag?post=6586"}],"curies":[{"name":"wp","href":"https:\/\/api.w.org\/{rel}","templated":true}]}}