{"id":6595,"date":"2025-09-19T22:21:45","date_gmt":"2025-09-19T22:21:45","guid":{"rendered":"https:\/\/urban-clothingstore.com\/?post_type=product&#038;p=6595"},"modified":"2025-11-17T13:36:14","modified_gmt":"2025-11-17T13:36:14","slug":"bluze-slimfit-me-menge-te-gjata-ngjyre-blu-navy-me-vija-delikate","status":"publish","type":"product","link":"https:\/\/urban-clothingstore.com\/en\/product\/bluze-slimfit-me-menge-te-gjata-ngjyre-blu-navy-me-vija-delikate\/","title":{"rendered":"Bluz\u00eb Slimfit me M\u00ebng\u00eb t\u00eb Gjata \u2013 Ngjyr\u00eb Blu Navy me Vija Delikate"},"content":{"rendered":"<p data-start=\"135\" data-end=\"518\">Kjo bluz\u00eb slimfit n\u00eb ngjyr\u00eb blu navy \u00ebsht\u00eb nj\u00eb zgjedhje ideale p\u00ebr nj\u00eb pamje moderne dhe elegante. Vijat vertikale krijojn\u00eb nj\u00eb efekt vizual q\u00eb zgjat siluet\u00ebn, nd\u00ebrsa materiali cil\u00ebsor ofron komoditet dhe freski gjat\u00eb gjith\u00eb dit\u00ebs. Dizajni minimalist, por me prekje premium, e b\u00ebn k\u00ebt\u00eb bluz\u00eb t\u00eb kombinohet leht\u00eb me pantallona t\u00eb \u00e7el\u00ebta ose t\u00eb err\u00ebta, duke shtuar stil n\u00eb \u00e7do dalje.<\/p>\n<p data-start=\"520\" data-end=\"619\">Perfekte p\u00ebr p\u00ebrditshm\u00ebri, darka ose evente casual ku k\u00ebrkohet nj\u00eb pamje urbane dhe bashk\u00ebkohore.<\/p>\n<h3 data-start=\"621\" data-end=\"655\"><strong data-start=\"625\" data-end=\"653\">Karakteristikat Kryesore<\/strong><\/h3>\n<ul data-start=\"656\" data-end=\"1012\">\n<li data-start=\"656\" data-end=\"715\">\n<p data-start=\"658\" data-end=\"715\"><strong data-start=\"658\" data-end=\"677\">Prerje Slimfit:<\/strong> Jep nj\u00eb form\u00eb elegante dhe moderne.<\/p>\n<\/li>\n<li data-start=\"716\" data-end=\"790\">\n<p data-start=\"718\" data-end=\"790\"><strong data-start=\"718\" data-end=\"749\">Material cil\u00ebsor &amp; elastik:<\/strong> Siguron rehati dhe p\u00ebrdorim afatgjat\u00eb.<\/p>\n<\/li>\n<li data-start=\"791\" data-end=\"861\">\n<p data-start=\"793\" data-end=\"861\"><strong data-start=\"793\" data-end=\"812\">Vija vertikale:<\/strong> Efekt vizual q\u00eb zgjat trupin dhe shton fines\u00eb.<\/p>\n<\/li>\n<li data-start=\"862\" data-end=\"925\">\n<p data-start=\"864\" data-end=\"925\"><strong data-start=\"864\" data-end=\"884\">Ngjyr\u00eb blu navy:<\/strong> Ton elegant dhe i leht\u00eb p\u00ebr kombinime.<\/p>\n<\/li>\n<li data-start=\"926\" data-end=\"1012\">\n<p data-start=\"928\" data-end=\"1012\"><strong data-start=\"928\" data-end=\"960\">E p\u00ebrshtatshme p\u00ebr \u00e7do rast:<\/strong> Nga p\u00ebrditshm\u00ebria deri te daljet urbane elegante.<\/p>\n<\/li>\n<\/ul>","protected":false},"excerpt":{"rendered":"<p>Kjo bluz\u00eb slimfit n\u00eb ngjyr\u00eb blu navy \u00ebsht\u00eb nj\u00eb zgjedhje ideale p\u00ebr nj\u00eb pamje moderne dhe elegante. Vijat vertikale krijojn\u00eb nj\u00eb efekt vizual q\u00eb zgjat siluet\u00ebn, nd\u00ebrsa materiali cil\u00ebsor ofron komoditet dhe freski gjat\u00eb gjith\u00eb dit\u00ebs. Dizajni minimalist, por me prekje premium, e b\u00ebn k\u00ebt\u00eb bluz\u00eb t\u00eb kombinohet leht\u00eb me pantallona t\u00eb \u00e7el\u00ebta ose t\u00eb [&hellip;]<\/p>","protected":false},"featured_media":6598,"comment_status":"open","ping_status":"closed","template":"","meta":[],"product_brand":[],"product_cat":[61],"product_tag":[295,298,339,57],"class_list":{"0":"post-6595","1":"product","2":"type-product","3":"status-publish","4":"has-post-thumbnail","6":"product_cat-shirt","7":"product_tag-bluze","8":"product_tag-klasike","9":"product_tag-ngjyr-teget","10":"product_tag-slimfit","12":"first","13":"outofstock","14":"taxable","15":"shipping-taxable","16":"purchasable","17":"product-type-variable"},"jetpack_sharing_enabled":true,"_links":{"self":[{"href":"https:\/\/urban-clothingstore.com\/en\/wp-json\/wp\/v2\/product\/6595","targetHints":{"allow":["GET"]}}],"collection":[{"href":"https:\/\/urban-clothingstore.com\/en\/wp-json\/wp\/v2\/product"}],"about":[{"href":"https:\/\/urban-clothingstore.com\/en\/wp-json\/wp\/v2\/types\/product"}],"replies":[{"embeddable":true,"href":"https:\/\/urban-clothingstore.com\/en\/wp-json\/wp\/v2\/comments?post=6595"}],"wp:featuredmedia":[{"embeddable":true,"href":"https:\/\/urban-clothingstore.com\/en\/wp-json\/wp\/v2\/media\/6598"}],"wp:attachment":[{"href":"https:\/\/urban-clothingstore.com\/en\/wp-json\/wp\/v2\/media?parent=6595"}],"wp:term":[{"taxonomy":"product_brand","embeddable":true,"href":"https:\/\/urban-clothingstore.com\/en\/wp-json\/wp\/v2\/product_brand?post=6595"},{"taxonomy":"product_cat","embeddable":true,"href":"https:\/\/urban-clothingstore.com\/en\/wp-json\/wp\/v2\/product_cat?post=6595"},{"taxonomy":"product_tag","embeddable":true,"href":"https:\/\/urban-clothingstore.com\/en\/wp-json\/wp\/v2\/product_tag?post=6595"}],"curies":[{"name":"wp","href":"https:\/\/api.w.org\/{rel}","templated":true}]}}