{"id":6635,"date":"2025-09-19T22:43:49","date_gmt":"2025-09-19T22:43:49","guid":{"rendered":"https:\/\/urban-clothingstore.com\/?post_type=product&#038;p=6635"},"modified":"2026-01-15T00:29:15","modified_gmt":"2026-01-15T00:29:15","slug":"bluze-polo-me-zip-ngjyre-e-bardhe","status":"publish","type":"product","link":"https:\/\/urban-clothingstore.com\/en\/product\/bluze-polo-me-zip-ngjyre-e-bardhe\/","title":{"rendered":"Bluz\u00eb Polo me Zip \u2013 Ngjyr\u00eb e Bardh\u00eb"},"content":{"rendered":"<p data-start=\"104\" data-end=\"522\">Kjo bluz\u00eb polo me zip n\u00eb ngjyr\u00eb t\u00eb bardh\u00eb \u00ebsht\u00eb nj\u00eb kombinim perfekt mes stilit klasik dhe eleganc\u00ebs moderne. Dizajni i past\u00ebr me jak\u00eb polo dhe detaji i zinxhirit shton nj\u00eb prekje unike, duke e b\u00ebr\u00eb at\u00eb nj\u00eb pjes\u00eb t\u00eb gjithanshme p\u00ebr garderob\u00ebn mashkullore. Materiali cil\u00ebsor siguron komoditet gjat\u00eb gjith\u00eb dit\u00ebs, nd\u00ebrsa prerja slimfit e b\u00ebn k\u00ebt\u00eb bluz\u00eb ideale si p\u00ebr p\u00ebrditshm\u00ebri, ashtu edhe p\u00ebr raste urbane elegante.<\/p>\n<p data-start=\"524\" data-end=\"638\">Ngjyra e bardh\u00eb neutrale lejon kombinime t\u00eb pafundme, duke e b\u00ebr\u00eb k\u00ebt\u00eb model nj\u00eb zgjedhje premium p\u00ebr \u00e7do sezon.<\/p>\n<h3 data-start=\"640\" data-end=\"674\"><strong data-start=\"644\" data-end=\"672\">Karakteristikat Kryesore<\/strong><\/h3>\n<ul data-start=\"675\" data-end=\"1009\">\n<li data-start=\"675\" data-end=\"739\">\n<p data-start=\"677\" data-end=\"739\"><strong data-start=\"677\" data-end=\"701\">Prerje Slimfit Polo:<\/strong> Jep nj\u00eb pamje elegante dhe moderne.<\/p>\n<\/li>\n<li data-start=\"740\" data-end=\"790\">\n<p data-start=\"742\" data-end=\"790\"><strong data-start=\"742\" data-end=\"759\">Detaj me Zip:<\/strong> Praktik dhe me prekje unike.<\/p>\n<\/li>\n<li data-start=\"791\" data-end=\"863\">\n<p data-start=\"793\" data-end=\"863\"><strong data-start=\"793\" data-end=\"828\">Material cil\u00ebsor &amp; i rehatsh\u00ebm:<\/strong> P\u00ebr p\u00ebrdorim gjat\u00eb gjith\u00eb dit\u00ebs.<\/p>\n<\/li>\n<li data-start=\"864\" data-end=\"923\">\n<p data-start=\"866\" data-end=\"923\"><strong data-start=\"866\" data-end=\"895\">Ngjyr\u00eb e bardh\u00eb neutrale:<\/strong> Kombinohet me \u00e7do outfit.<\/p>\n<\/li>\n<li data-start=\"924\" data-end=\"1009\">\n<p data-start=\"926\" data-end=\"1009\"><strong data-start=\"926\" data-end=\"958\">E p\u00ebrshtatshme p\u00ebr \u00e7do rast:<\/strong> Nga p\u00ebrditshm\u00ebria deri te rastet urbane me stil.<\/p>\n<\/li>\n<\/ul>","protected":false},"excerpt":{"rendered":"<p>Kjo bluz\u00eb polo me zip n\u00eb ngjyr\u00eb t\u00eb bardh\u00eb \u00ebsht\u00eb nj\u00eb kombinim perfekt mes stilit klasik dhe eleganc\u00ebs moderne. Dizajni i past\u00ebr me jak\u00eb polo dhe detaji i zinxhirit shton nj\u00eb prekje unike, duke e b\u00ebr\u00eb at\u00eb nj\u00eb pjes\u00eb t\u00eb gjithanshme p\u00ebr garderob\u00ebn mashkullore. Materiali cil\u00ebsor siguron komoditet gjat\u00eb gjith\u00eb dit\u00ebs, nd\u00ebrsa prerja slimfit e [&hellip;]<\/p>","protected":false},"featured_media":6636,"comment_status":"open","ping_status":"closed","template":"","meta":[],"product_brand":[],"product_cat":[61],"product_tag":[295,342,298,304,57],"class_list":{"0":"post-6635","1":"product","2":"type-product","3":"status-publish","4":"has-post-thumbnail","6":"product_cat-shirt","7":"product_tag-bluze","8":"product_tag-gjys-pateni","9":"product_tag-klasike","10":"product_tag-ngjyre-e-bardhe","11":"product_tag-slimfit","13":"first","14":"outofstock","15":"taxable","16":"shipping-taxable","17":"purchasable","18":"product-type-variable"},"jetpack_sharing_enabled":true,"_links":{"self":[{"href":"https:\/\/urban-clothingstore.com\/en\/wp-json\/wp\/v2\/product\/6635","targetHints":{"allow":["GET"]}}],"collection":[{"href":"https:\/\/urban-clothingstore.com\/en\/wp-json\/wp\/v2\/product"}],"about":[{"href":"https:\/\/urban-clothingstore.com\/en\/wp-json\/wp\/v2\/types\/product"}],"replies":[{"embeddable":true,"href":"https:\/\/urban-clothingstore.com\/en\/wp-json\/wp\/v2\/comments?post=6635"}],"wp:featuredmedia":[{"embeddable":true,"href":"https:\/\/urban-clothingstore.com\/en\/wp-json\/wp\/v2\/media\/6636"}],"wp:attachment":[{"href":"https:\/\/urban-clothingstore.com\/en\/wp-json\/wp\/v2\/media?parent=6635"}],"wp:term":[{"taxonomy":"product_brand","embeddable":true,"href":"https:\/\/urban-clothingstore.com\/en\/wp-json\/wp\/v2\/product_brand?post=6635"},{"taxonomy":"product_cat","embeddable":true,"href":"https:\/\/urban-clothingstore.com\/en\/wp-json\/wp\/v2\/product_cat?post=6635"},{"taxonomy":"product_tag","embeddable":true,"href":"https:\/\/urban-clothingstore.com\/en\/wp-json\/wp\/v2\/product_tag?post=6635"}],"curies":[{"name":"wp","href":"https:\/\/api.w.org\/{rel}","templated":true}]}}