{"id":6660,"date":"2025-09-19T22:55:37","date_gmt":"2025-09-19T22:55:37","guid":{"rendered":"https:\/\/urban-clothingstore.com\/?post_type=product&#038;p=6660"},"modified":"2025-11-17T13:31:42","modified_gmt":"2025-11-17T13:31:42","slug":"bluze-polo-me-zip-ngjyre-blu-navy","status":"publish","type":"product","link":"https:\/\/urban-clothingstore.com\/en\/product\/bluze-polo-me-zip-ngjyre-blu-navy\/","title":{"rendered":"Bluz\u00eb Polo me Zip \u2013 Ngjyr\u00eb Blu Navy"},"content":{"rendered":"<p data-start=\"104\" data-end=\"479\">Kjo bluz\u00eb polo me zip n\u00eb ngjyr\u00eb blu navy \u00ebsht\u00eb nj\u00eb zgjedhje ideale p\u00ebr nj\u00eb pamje moderne dhe urbane. Dizajni minimalist me jak\u00eb polo dhe detajin e zinxhirit i shtojn\u00eb eleganc\u00eb dhe funksionalitet, nd\u00ebrsa materiali cil\u00ebsor ofron rehati gjat\u00eb gjith\u00eb dit\u00ebs. Prerja slimfit e b\u00ebn k\u00ebt\u00eb model t\u00eb p\u00ebrshtatet n\u00eb m\u00ebnyr\u00eb perfekte me trupin, duke dh\u00ebn\u00eb nj\u00eb pamje t\u00eb past\u00ebr dhe me stil.<\/p>\n<p data-start=\"481\" data-end=\"644\">Ngjyra blu navy \u00ebsht\u00eb klasike dhe gjithmon\u00eb n\u00eb mod\u00eb, e leht\u00eb p\u00ebr t\u2019u kombinuar me pantallona t\u00eb \u00e7el\u00ebta apo t\u00eb err\u00ebta, ideale p\u00ebr p\u00ebrditshm\u00ebri dhe dalje elegante.<\/p>\n<h3 data-start=\"646\" data-end=\"680\"><strong data-start=\"650\" data-end=\"678\">Karakteristikat Kryesore<\/strong><\/h3>\n<ul data-start=\"681\" data-end=\"981\">\n<li data-start=\"681\" data-end=\"731\">\n<p data-start=\"683\" data-end=\"731\"><strong data-start=\"683\" data-end=\"707\">Prerje Slimfit Polo:<\/strong> Moderne dhe elegante.<\/p>\n<\/li>\n<li data-start=\"732\" data-end=\"771\">\n<p data-start=\"734\" data-end=\"771\"><strong data-start=\"734\" data-end=\"751\">Detaj me Zip:<\/strong> Praktik dhe unik.<\/p>\n<\/li>\n<li data-start=\"772\" data-end=\"837\">\n<p data-start=\"774\" data-end=\"837\"><strong data-start=\"774\" data-end=\"805\">Material cil\u00ebsor &amp; elastik:<\/strong> P\u00ebr rehati dhe q\u00ebndrueshm\u00ebri.<\/p>\n<\/li>\n<li data-start=\"838\" data-end=\"902\">\n<p data-start=\"840\" data-end=\"902\"><strong data-start=\"840\" data-end=\"860\">Ngjyr\u00eb blu navy:<\/strong> Ton klasik q\u00eb kombinohet me \u00e7do outfit.<\/p>\n<\/li>\n<li data-start=\"903\" data-end=\"981\">\n<p data-start=\"905\" data-end=\"981\"><strong data-start=\"905\" data-end=\"937\">E p\u00ebrshtatshme p\u00ebr \u00e7do rast:<\/strong> Nga casual deri te daljet urbane me stil.<\/p>\n<\/li>\n<\/ul>","protected":false},"excerpt":{"rendered":"<p>Kjo bluz\u00eb polo me zip n\u00eb ngjyr\u00eb blu navy \u00ebsht\u00eb nj\u00eb zgjedhje ideale p\u00ebr nj\u00eb pamje moderne dhe urbane. Dizajni minimalist me jak\u00eb polo dhe detajin e zinxhirit i shtojn\u00eb eleganc\u00eb dhe funksionalitet, nd\u00ebrsa materiali cil\u00ebsor ofron rehati gjat\u00eb gjith\u00eb dit\u00ebs. Prerja slimfit e b\u00ebn k\u00ebt\u00eb model t\u00eb p\u00ebrshtatet n\u00eb m\u00ebnyr\u00eb perfekte me trupin, duke [&hellip;]<\/p>","protected":false},"featured_media":6662,"comment_status":"open","ping_status":"closed","template":"","meta":[],"product_brand":[],"product_cat":[61],"product_tag":[295,298,303,339,57],"class_list":{"0":"post-6660","1":"product","2":"type-product","3":"status-publish","4":"has-post-thumbnail","6":"product_cat-shirt","7":"product_tag-bluze","8":"product_tag-klasike","9":"product_tag-me-zingjir","10":"product_tag-ngjyr-teget","11":"product_tag-slimfit","13":"first","14":"outofstock","15":"taxable","16":"shipping-taxable","17":"purchasable","18":"product-type-variable"},"jetpack_sharing_enabled":true,"_links":{"self":[{"href":"https:\/\/urban-clothingstore.com\/en\/wp-json\/wp\/v2\/product\/6660","targetHints":{"allow":["GET"]}}],"collection":[{"href":"https:\/\/urban-clothingstore.com\/en\/wp-json\/wp\/v2\/product"}],"about":[{"href":"https:\/\/urban-clothingstore.com\/en\/wp-json\/wp\/v2\/types\/product"}],"replies":[{"embeddable":true,"href":"https:\/\/urban-clothingstore.com\/en\/wp-json\/wp\/v2\/comments?post=6660"}],"wp:featuredmedia":[{"embeddable":true,"href":"https:\/\/urban-clothingstore.com\/en\/wp-json\/wp\/v2\/media\/6662"}],"wp:attachment":[{"href":"https:\/\/urban-clothingstore.com\/en\/wp-json\/wp\/v2\/media?parent=6660"}],"wp:term":[{"taxonomy":"product_brand","embeddable":true,"href":"https:\/\/urban-clothingstore.com\/en\/wp-json\/wp\/v2\/product_brand?post=6660"},{"taxonomy":"product_cat","embeddable":true,"href":"https:\/\/urban-clothingstore.com\/en\/wp-json\/wp\/v2\/product_cat?post=6660"},{"taxonomy":"product_tag","embeddable":true,"href":"https:\/\/urban-clothingstore.com\/en\/wp-json\/wp\/v2\/product_tag?post=6660"}],"curies":[{"name":"wp","href":"https:\/\/api.w.org\/{rel}","templated":true}]}}