{"id":6684,"date":"2025-09-23T16:53:56","date_gmt":"2025-09-23T16:53:56","guid":{"rendered":"https:\/\/urban-clothingstore.com\/?post_type=product&#038;p=6684"},"modified":"2025-11-17T13:31:12","modified_gmt":"2025-11-17T13:31:12","slug":"polo-knit-me-jake-ngjyre-e-zeze-klasike","status":"publish","type":"product","link":"https:\/\/urban-clothingstore.com\/en\/product\/polo-knit-me-jake-ngjyre-e-zeze-klasike\/","title":{"rendered":"Polo-Knit me Jak\u00eb \u2013 Ngjyr\u00eb e Zez\u00eb Klasike"},"content":{"rendered":"<p data-start=\"76\" data-end=\"467\">Ky polo-knit premium n\u00eb ngjyr\u00eb t\u00eb zez\u00eb \u00ebsht\u00eb nj\u00eb kombinim perfekt i eleganc\u00ebs klasike dhe rehatis\u00eb moderne. Materiali me tekstur\u00eb me vija vertikale i jep nj\u00eb pamje t\u00eb sofistikuar dhe t\u00eb holl\u00eb, nd\u00ebrsa jak\u00ebza klasike dhe hapja n\u00eb qaf\u00eb e b\u00ebjn\u00eb t\u00eb duket premium dhe t\u00ebrheq\u00ebs. Me nj\u00eb dizajn t\u00eb ngusht\u00eb q\u00eb thekson siluet\u00ebn, \u00ebsht\u00eb ideal si p\u00ebr raste zyrtare, ashtu edhe p\u00ebr kombinime smart-casual.<\/p>\n<p data-start=\"469\" data-end=\"557\">Kombinohet leht\u00ebsisht me pantallona klasike, chino apo xhinse p\u00ebr nj\u00eb stil urban-luksoz.<\/p>\n<h3 data-start=\"559\" data-end=\"576\">Key Features:<\/h3>\n<ul data-start=\"577\" data-end=\"800\">\n<li data-start=\"577\" data-end=\"634\">\n<p data-start=\"579\" data-end=\"634\">Material i but\u00eb dhe i rehatsh\u00ebm me tekstur\u00eb vertikale<\/p>\n<\/li>\n<li data-start=\"635\" data-end=\"683\">\n<p data-start=\"637\" data-end=\"683\">Ngjyr\u00eb e zez\u00eb klasike p\u00ebr kombinime elegante<\/p>\n<\/li>\n<li data-start=\"684\" data-end=\"723\">\n<p data-start=\"686\" data-end=\"723\">Jak\u00eb me stil polo dhe hapje n\u00eb qaf\u00eb<\/p>\n<\/li>\n<li data-start=\"724\" data-end=\"760\">\n<p data-start=\"726\" data-end=\"760\">Model slim fit q\u00eb thekson trupin<\/p>\n<\/li>\n<li data-start=\"761\" data-end=\"800\">\n<p data-start=\"763\" data-end=\"800\">Ideal p\u00ebr look-e urbane dhe luksoze<\/p>\n<\/li>\n<\/ul>","protected":false},"excerpt":{"rendered":"<p>Ky polo-knit premium n\u00eb ngjyr\u00eb t\u00eb zez\u00eb \u00ebsht\u00eb nj\u00eb kombinim perfekt i eleganc\u00ebs klasike dhe rehatis\u00eb moderne. Materiali me tekstur\u00eb me vija vertikale i jep nj\u00eb pamje t\u00eb sofistikuar dhe t\u00eb holl\u00eb, nd\u00ebrsa jak\u00ebza klasike dhe hapja n\u00eb qaf\u00eb e b\u00ebjn\u00eb t\u00eb duket premium dhe t\u00ebrheq\u00ebs. Me nj\u00eb dizajn t\u00eb ngusht\u00eb q\u00eb thekson siluet\u00ebn, \u00ebsht\u00eb [&hellip;]<\/p>","protected":false},"featured_media":6685,"comment_status":"open","ping_status":"closed","template":"","meta":[],"product_brand":[],"product_cat":[61],"product_tag":[295,298,297,302],"class_list":{"0":"post-6684","1":"product","2":"type-product","3":"status-publish","4":"has-post-thumbnail","6":"product_cat-shirt","7":"product_tag-bluze","8":"product_tag-klasike","9":"product_tag-me-jake","10":"product_tag-ngjyre-e-zeze","12":"first","13":"outofstock","14":"taxable","15":"shipping-taxable","16":"purchasable","17":"product-type-variable"},"jetpack_sharing_enabled":true,"_links":{"self":[{"href":"https:\/\/urban-clothingstore.com\/en\/wp-json\/wp\/v2\/product\/6684","targetHints":{"allow":["GET"]}}],"collection":[{"href":"https:\/\/urban-clothingstore.com\/en\/wp-json\/wp\/v2\/product"}],"about":[{"href":"https:\/\/urban-clothingstore.com\/en\/wp-json\/wp\/v2\/types\/product"}],"replies":[{"embeddable":true,"href":"https:\/\/urban-clothingstore.com\/en\/wp-json\/wp\/v2\/comments?post=6684"}],"wp:featuredmedia":[{"embeddable":true,"href":"https:\/\/urban-clothingstore.com\/en\/wp-json\/wp\/v2\/media\/6685"}],"wp:attachment":[{"href":"https:\/\/urban-clothingstore.com\/en\/wp-json\/wp\/v2\/media?parent=6684"}],"wp:term":[{"taxonomy":"product_brand","embeddable":true,"href":"https:\/\/urban-clothingstore.com\/en\/wp-json\/wp\/v2\/product_brand?post=6684"},{"taxonomy":"product_cat","embeddable":true,"href":"https:\/\/urban-clothingstore.com\/en\/wp-json\/wp\/v2\/product_cat?post=6684"},{"taxonomy":"product_tag","embeddable":true,"href":"https:\/\/urban-clothingstore.com\/en\/wp-json\/wp\/v2\/product_tag?post=6684"}],"curies":[{"name":"wp","href":"https:\/\/api.w.org\/{rel}","templated":true}]}}