{"id":6699,"date":"2025-09-23T17:17:28","date_gmt":"2025-09-23T17:17:28","guid":{"rendered":"https:\/\/urban-clothingstore.com\/?post_type=product&#038;p=6699"},"modified":"2025-09-29T08:30:19","modified_gmt":"2025-09-29T08:30:19","slug":"polo-knit-me-jake-ngjyre-e-gjelber-elegante","status":"publish","type":"product","link":"https:\/\/urban-clothingstore.com\/en\/product\/polo-knit-me-jake-ngjyre-e-gjelber-elegante\/","title":{"rendered":"Polo-Knit me Jak\u00eb \u2013 Ngjyr\u00eb e Gjelb\u00ebr Elegante"},"content":{"rendered":"<p data-start=\"84\" data-end=\"435\">Ky polo-knit n\u00eb ngjyr\u00eb t\u00eb gjelb\u00ebr t\u00eb thell\u00eb sjell nj\u00eb kombinim unik mes stilit modern dhe freskis\u00eb klasike. Tekstura me vija vertikale e b\u00ebn t\u00eb dallohet me fines\u00eb, nd\u00ebrsa materiali cil\u00ebsor siguron rehati dhe p\u00ebrshtatje perfekte. Jak\u00ebza klasike me hapje n\u00eb qaf\u00eb e b\u00ebn k\u00ebt\u00eb produkt ideal si p\u00ebr dit\u00ebt e pun\u00ebs, ashtu edhe p\u00ebr dalje elegante n\u00eb mbr\u00ebmje.<\/p>\n<p data-start=\"437\" data-end=\"620\">Ngjyra e gjelb\u00ebr i jep nj\u00eb energji t\u00eb ve\u00e7ant\u00eb dhe \u00ebsht\u00eb zgjedhja perfekte p\u00ebr ata q\u00eb duan t\u00eb dallohen n\u00eb m\u00ebnyr\u00eb diskrete. Kombinohet leht\u00ebsisht me pantallona t\u00eb zeza, gri apo bezh\u00eb.<\/p>\n<h3 data-start=\"622\" data-end=\"641\">Key Features:<\/h3>\n<ul data-start=\"642\" data-end=\"901\">\n<li data-start=\"642\" data-end=\"697\">\n<p data-start=\"644\" data-end=\"697\">Ngjyr\u00eb e gjelb\u00ebr e thell\u00eb, e dallueshme dhe moderne<\/p>\n<\/li>\n<li data-start=\"698\" data-end=\"746\">\n<p data-start=\"700\" data-end=\"746\">Tekstur\u00eb me vija vertikale q\u00eb shton eleganc\u00eb<\/p>\n<\/li>\n<li data-start=\"747\" data-end=\"777\">\n<p data-start=\"749\" data-end=\"777\">Jak\u00eb polo me hapje klasike<\/p>\n<\/li>\n<li data-start=\"778\" data-end=\"824\">\n<p data-start=\"780\" data-end=\"824\">Model slim fit p\u00ebr nj\u00eb siluet\u00eb t\u00eb rafinuar<\/p>\n<\/li>\n<li data-start=\"825\" data-end=\"901\">\n<p data-start=\"827\" data-end=\"901\">Mund t\u00eb p\u00ebrdoret si p\u00ebr raste zyrtare ashtu edhe p\u00ebr stil casual-premium<\/p>\n<\/li>\n<\/ul>\n<p data-start=\"908\" data-end=\"1064\" data-is-last-node=\"\" data-is-only-node=\"\">","protected":false},"excerpt":{"rendered":"<h3 data-start=\"622\" data-end=\"641\">Key Features:<\/h3>\n<ul data-start=\"642\" data-end=\"901\">\n<li data-start=\"642\" data-end=\"697\">\n<p data-start=\"644\" data-end=\"697\">Ngjyr\u00eb e gjelb\u00ebr e thell\u00eb, e dallueshme dhe moderne<\/p>\n<\/li>\n<li data-start=\"698\" data-end=\"746\">\n<p data-start=\"700\" data-end=\"746\">Tekstur\u00eb me vija vertikale q\u00eb shton eleganc\u00eb<\/p>\n<\/li>\n<li data-start=\"747\" data-end=\"777\">\n<p data-start=\"749\" data-end=\"777\">Jak\u00eb polo me hapje klasike<\/p>\n<\/li>\n<li data-start=\"778\" data-end=\"824\">\n<p data-start=\"780\" data-end=\"824\">Model slim fit p\u00ebr nj\u00eb siluet\u00eb t\u00eb rafinuar<\/p>\n<\/li>\n<li data-start=\"825\" data-end=\"901\">\n<p data-start=\"827\" data-end=\"901\">Mund t\u00eb p\u00ebrdoret si p\u00ebr raste zyrtare ashtu edhe p\u00ebr stil casual-premium<\/p>\n<\/li>\n<\/ul>\n<p data-start=\"908\" data-end=\"1064\" data-is-last-node=\"\" data-is-only-node=\"\">","protected":false},"featured_media":6706,"comment_status":"open","ping_status":"closed","template":"","meta":[],"product_brand":[],"product_cat":[21],"product_tag":[295,48,297],"class_list":{"0":"post-6699","1":"product","2":"type-product","3":"status-publish","4":"has-post-thumbnail","6":"product_cat-tshirts","7":"product_tag-bluze","8":"product_tag-classic","9":"product_tag-me-jake","11":"first","12":"outofstock","13":"taxable","14":"shipping-taxable","15":"purchasable","16":"product-type-variable"},"jetpack_sharing_enabled":true,"_links":{"self":[{"href":"https:\/\/urban-clothingstore.com\/en\/wp-json\/wp\/v2\/product\/6699","targetHints":{"allow":["GET"]}}],"collection":[{"href":"https:\/\/urban-clothingstore.com\/en\/wp-json\/wp\/v2\/product"}],"about":[{"href":"https:\/\/urban-clothingstore.com\/en\/wp-json\/wp\/v2\/types\/product"}],"replies":[{"embeddable":true,"href":"https:\/\/urban-clothingstore.com\/en\/wp-json\/wp\/v2\/comments?post=6699"}],"wp:featuredmedia":[{"embeddable":true,"href":"https:\/\/urban-clothingstore.com\/en\/wp-json\/wp\/v2\/media\/6706"}],"wp:attachment":[{"href":"https:\/\/urban-clothingstore.com\/en\/wp-json\/wp\/v2\/media?parent=6699"}],"wp:term":[{"taxonomy":"product_brand","embeddable":true,"href":"https:\/\/urban-clothingstore.com\/en\/wp-json\/wp\/v2\/product_brand?post=6699"},{"taxonomy":"product_cat","embeddable":true,"href":"https:\/\/urban-clothingstore.com\/en\/wp-json\/wp\/v2\/product_cat?post=6699"},{"taxonomy":"product_tag","embeddable":true,"href":"https:\/\/urban-clothingstore.com\/en\/wp-json\/wp\/v2\/product_tag?post=6699"}],"curies":[{"name":"wp","href":"https:\/\/api.w.org\/{rel}","templated":true}]}}