{"id":6709,"date":"2025-09-23T17:34:05","date_gmt":"2025-09-23T17:34:05","guid":{"rendered":"https:\/\/urban-clothingstore.com\/?post_type=product&#038;p=6709"},"modified":"2025-11-17T13:30:25","modified_gmt":"2025-11-17T13:30:25","slug":"polo-knit-me-jake-ngjyre-navy-blue","status":"publish","type":"product","link":"https:\/\/urban-clothingstore.com\/en\/product\/polo-knit-me-jake-ngjyre-navy-blue\/","title":{"rendered":"Polo-Knit me Jak\u00eb \u2013 Ngjyr\u00eb Navy Blue"},"content":{"rendered":"<p data-start=\"75\" data-end=\"488\">Ky polo-knit n\u00eb ngjyr\u00eb navy blue \u00ebsht\u00eb zgjedhja perfekte p\u00ebr meshkujt q\u00eb duan t\u00eb kombinojn\u00eb eleganc\u00ebn klasike me nj\u00eb stil modern. Tekstura me vija vertikale sjell nj\u00eb pamje t\u00eb rafinuar, nd\u00ebrsa materiali premium ofron rehati gjat\u00eb gjith\u00eb dit\u00ebs. Jak\u00ebza klasike me hapje n\u00eb qaf\u00eb i shton nj\u00eb prekje t\u00eb thjesht\u00eb por t\u00eb sofistikuar, duke e b\u00ebr\u00eb k\u00ebt\u00eb pjes\u00eb ideale si p\u00ebr dit\u00eb pune ashtu edhe p\u00ebr dalje casual elegante.<\/p>\n<p data-start=\"490\" data-end=\"636\">Ngjyra navy \u00ebsht\u00eb neutrale, e leht\u00eb p\u00ebr t\u2019u kombinuar dhe gjithmon\u00eb n\u00eb trend. P\u00ebrputhet n\u00eb m\u00ebnyr\u00eb perfekte me pantallona t\u00eb zeza, gri apo bezh\u00eb.<\/p>\n<h3 data-start=\"638\" data-end=\"657\">Key Features:<\/h3>\n<p data-start=\"660\" data-end=\"699\">Ngjyr\u00eb navy blue elegante dhe moderne<\/p>\n<p data-start=\"702\" data-end=\"756\">Tekstur\u00eb me vija vertikale p\u00ebr nj\u00eb pamje m\u00eb t\u00eb holl\u00eb<\/p>\n<p data-start=\"759\" data-end=\"787\">Jak\u00eb polo me hapje klasike<\/p>\n<p data-start=\"790\" data-end=\"832\">Model slim fit p\u00ebr nj\u00eb siluet\u00eb t\u00eb kuruar<\/p>\n<p data-start=\"835\" data-end=\"898\">Versatile \u2013 nga kombinimet formale deri tek ato urbane casual<\/p>","protected":false},"excerpt":{"rendered":"<ul data-start=\"658\" data-end=\"898\">\n<li data-start=\"658\" data-end=\"699\">\n<p data-start=\"660\" data-end=\"699\">Ngjyr\u00eb navy blue elegante dhe moderne<\/p>\n<\/li>\n<li data-start=\"700\" data-end=\"756\">\n<p data-start=\"702\" data-end=\"756\">Tekstur\u00eb me vija vertikale p\u00ebr nj\u00eb pamje m\u00eb t\u00eb holl\u00eb<\/p>\n<\/li>\n<li data-start=\"757\" data-end=\"787\">\n<p data-start=\"759\" data-end=\"787\">Jak\u00eb polo me hapje klasike<\/p>\n<\/li>\n<li data-start=\"788\" data-end=\"832\">\n<p data-start=\"790\" data-end=\"832\">Model slim fit p\u00ebr nj\u00eb siluet\u00eb t\u00eb kuruar<\/p>\n<\/li>\n<li data-start=\"833\" data-end=\"898\">\n<p data-start=\"835\" data-end=\"898\">Versatile \u2013 nga kombinimet formale deri tek ato urbane casual<\/p>\n<\/li>\n<\/ul>","protected":false},"featured_media":6710,"comment_status":"open","ping_status":"closed","template":"","meta":[],"product_brand":[],"product_cat":[21],"product_tag":[295,48,297],"class_list":{"0":"post-6709","1":"product","2":"type-product","3":"status-publish","4":"has-post-thumbnail","6":"product_cat-tshirts","7":"product_tag-bluze","8":"product_tag-classic","9":"product_tag-me-jake","11":"first","12":"outofstock","13":"taxable","14":"shipping-taxable","15":"purchasable","16":"product-type-variable"},"jetpack_sharing_enabled":true,"_links":{"self":[{"href":"https:\/\/urban-clothingstore.com\/en\/wp-json\/wp\/v2\/product\/6709","targetHints":{"allow":["GET"]}}],"collection":[{"href":"https:\/\/urban-clothingstore.com\/en\/wp-json\/wp\/v2\/product"}],"about":[{"href":"https:\/\/urban-clothingstore.com\/en\/wp-json\/wp\/v2\/types\/product"}],"replies":[{"embeddable":true,"href":"https:\/\/urban-clothingstore.com\/en\/wp-json\/wp\/v2\/comments?post=6709"}],"wp:featuredmedia":[{"embeddable":true,"href":"https:\/\/urban-clothingstore.com\/en\/wp-json\/wp\/v2\/media\/6710"}],"wp:attachment":[{"href":"https:\/\/urban-clothingstore.com\/en\/wp-json\/wp\/v2\/media?parent=6709"}],"wp:term":[{"taxonomy":"product_brand","embeddable":true,"href":"https:\/\/urban-clothingstore.com\/en\/wp-json\/wp\/v2\/product_brand?post=6709"},{"taxonomy":"product_cat","embeddable":true,"href":"https:\/\/urban-clothingstore.com\/en\/wp-json\/wp\/v2\/product_cat?post=6709"},{"taxonomy":"product_tag","embeddable":true,"href":"https:\/\/urban-clothingstore.com\/en\/wp-json\/wp\/v2\/product_tag?post=6709"}],"curies":[{"name":"wp","href":"https:\/\/api.w.org\/{rel}","templated":true}]}}