{"id":6727,"date":"2025-09-24T12:51:46","date_gmt":"2025-09-24T12:51:46","guid":{"rendered":"https:\/\/urban-clothingstore.com\/?post_type=product&#038;p=6727"},"modified":"2025-11-17T13:28:34","modified_gmt":"2025-11-17T13:28:34","slug":"polo-zip-tee-e-zeze-teksturore","status":"publish","type":"product","link":"https:\/\/urban-clothingstore.com\/en\/product\/polo-zip-tee-e-zeze-teksturore\/","title":{"rendered":"Polo Zip Tee \u2013 E Zez\u00eb Teksturore"},"content":{"rendered":"<p data-start=\"255\" data-end=\"670\">Kjo bluz\u00eb polo me zinxhir gjysm\u00eb-zip n\u00eb ngjyr\u00eb t\u00eb zez\u00eb sjell nj\u00eb pamje elegante dhe moderne q\u00eb p\u00ebrshtatet leht\u00ebsisht si p\u00ebr dit\u00eb pune, ashtu edhe p\u00ebr dalje n\u00eb mbr\u00ebmje. Materiali me tekstur\u00eb t\u00eb sofistikuar e b\u00ebn t\u00eb ve\u00e7ant\u00eb dhe premium, nd\u00ebrsa kontrasti i zinxhirit shton nj\u00eb detaj minimalist dhe urban. Prerja slim-fit siguron q\u00ebndrueshm\u00ebri dhe stil, duke e b\u00ebr\u00eb k\u00ebt\u00eb bluz\u00eb nj\u00eb zgjedhje perfekte p\u00ebr \u00e7do garderob\u00eb.<\/p>\n<h3 data-start=\"672\" data-end=\"690\">Key Features<\/h3>\n<ul data-start=\"691\" data-end=\"933\">\n<li data-start=\"691\" data-end=\"739\">\n<p data-start=\"693\" data-end=\"739\">Material tekstur\u00eb cil\u00ebsore me ndjesi premium<\/p>\n<\/li>\n<li data-start=\"740\" data-end=\"788\">\n<p data-start=\"742\" data-end=\"788\">Ngjyr\u00eb e zez\u00eb klasike p\u00ebr kombinime elegante<\/p>\n<\/li>\n<li data-start=\"789\" data-end=\"833\">\n<p data-start=\"791\" data-end=\"833\">Zinxhir gjysm\u00eb-zip funksional dhe modern<\/p>\n<\/li>\n<li data-start=\"834\" data-end=\"880\">\n<p data-start=\"836\" data-end=\"880\">Prerje slim-fit q\u00eb ofron form\u00eb t\u00eb rregullt<\/p>\n<\/li>\n<li data-start=\"881\" data-end=\"933\">\n<p data-start=\"883\" data-end=\"933\">P\u00ebrshtatet leht\u00eb p\u00ebr stil urban dhe smart-casual<\/p>\n<\/li>\n<\/ul>","protected":false},"excerpt":{"rendered":"<p>Kjo bluz\u00eb polo me zinxhir gjysm\u00eb-zip n\u00eb ngjyr\u00eb t\u00eb zez\u00eb sjell nj\u00eb pamje elegante dhe moderne q\u00eb p\u00ebrshtatet leht\u00ebsisht si p\u00ebr dit\u00eb pune, ashtu edhe p\u00ebr dalje n\u00eb mbr\u00ebmje. Materiali me tekstur\u00eb t\u00eb sofistikuar e b\u00ebn t\u00eb ve\u00e7ant\u00eb dhe premium, nd\u00ebrsa kontrasti i zinxhirit shton nj\u00eb detaj minimalist dhe urban. Prerja slim-fit siguron q\u00ebndrueshm\u00ebri dhe [&hellip;]<\/p>","protected":false},"featured_media":6728,"comment_status":"open","ping_status":"closed","template":"","meta":[],"product_brand":[],"product_cat":[61],"product_tag":[295,298,302,57,283],"class_list":{"0":"post-6727","1":"product","2":"type-product","3":"status-publish","4":"has-post-thumbnail","6":"product_cat-shirt","7":"product_tag-bluze","8":"product_tag-klasike","9":"product_tag-ngjyre-e-zeze","10":"product_tag-slimfit","11":"product_tag-zip","13":"first","14":"outofstock","15":"taxable","16":"shipping-taxable","17":"purchasable","18":"product-type-variable"},"jetpack_sharing_enabled":true,"_links":{"self":[{"href":"https:\/\/urban-clothingstore.com\/en\/wp-json\/wp\/v2\/product\/6727","targetHints":{"allow":["GET"]}}],"collection":[{"href":"https:\/\/urban-clothingstore.com\/en\/wp-json\/wp\/v2\/product"}],"about":[{"href":"https:\/\/urban-clothingstore.com\/en\/wp-json\/wp\/v2\/types\/product"}],"replies":[{"embeddable":true,"href":"https:\/\/urban-clothingstore.com\/en\/wp-json\/wp\/v2\/comments?post=6727"}],"wp:featuredmedia":[{"embeddable":true,"href":"https:\/\/urban-clothingstore.com\/en\/wp-json\/wp\/v2\/media\/6728"}],"wp:attachment":[{"href":"https:\/\/urban-clothingstore.com\/en\/wp-json\/wp\/v2\/media?parent=6727"}],"wp:term":[{"taxonomy":"product_brand","embeddable":true,"href":"https:\/\/urban-clothingstore.com\/en\/wp-json\/wp\/v2\/product_brand?post=6727"},{"taxonomy":"product_cat","embeddable":true,"href":"https:\/\/urban-clothingstore.com\/en\/wp-json\/wp\/v2\/product_cat?post=6727"},{"taxonomy":"product_tag","embeddable":true,"href":"https:\/\/urban-clothingstore.com\/en\/wp-json\/wp\/v2\/product_tag?post=6727"}],"curies":[{"name":"wp","href":"https:\/\/api.w.org\/{rel}","templated":true}]}}