{"id":6741,"date":"2025-09-24T13:02:52","date_gmt":"2025-09-24T13:02:52","guid":{"rendered":"https:\/\/urban-clothingstore.com\/?post_type=product&#038;p=6741"},"modified":"2025-11-17T13:26:43","modified_gmt":"2025-11-17T13:26:43","slug":"polo-zip-tee-gri-teksturore","status":"publish","type":"product","link":"https:\/\/urban-clothingstore.com\/en\/product\/polo-zip-tee-gri-teksturore\/","title":{"rendered":"Polo Zip Tee \u2013 Gri Teksturore"},"content":{"rendered":"<p data-start=\"184\" data-end=\"581\">Kjo bluz\u00eb polo me zinxhir gjysm\u00eb-zip n\u00eb ngjyr\u00eb gri \u00ebsht\u00eb zgjedhja ideale p\u00ebr nj\u00eb stil modern dhe minimalist. Tekstura elegante i jep veshjes nj\u00eb ndjesi premium, nd\u00ebrsa kontrasti i zinxhirit t\u00eb zi shton nj\u00eb element urban dhe funksional. Me prerje slim-fit dhe m\u00ebng\u00eb t\u00eb gjata, ofron nj\u00eb pamje t\u00eb rafinuar dhe kombinueshm\u00ebri t\u00eb leht\u00eb p\u00ebr \u00e7do rast, nga p\u00ebrditshm\u00ebria deri te daljet m\u00eb t\u00eb kujdesshme.<\/p>\n<h3 data-start=\"583\" data-end=\"601\">Key Features<\/h3>\n<ul data-start=\"602\" data-end=\"839\">\n<li data-start=\"602\" data-end=\"650\">\n<p data-start=\"604\" data-end=\"650\">Material tekstur\u00eb cil\u00ebsore me ndjesi premium<\/p>\n<\/li>\n<li data-start=\"651\" data-end=\"696\">\n<p data-start=\"653\" data-end=\"696\">Ngjyr\u00eb gri neutrale e leht\u00eb p\u00ebr kombinime<\/p>\n<\/li>\n<li data-start=\"697\" data-end=\"741\">\n<p data-start=\"699\" data-end=\"741\">Zinxhir gjysm\u00eb-zip funksional dhe modern<\/p>\n<\/li>\n<li data-start=\"742\" data-end=\"788\">\n<p data-start=\"744\" data-end=\"788\">Prerje slim-fit q\u00eb thekson linjat e trupit<\/p>\n<\/li>\n<li data-start=\"789\" data-end=\"839\">\n<p data-start=\"791\" data-end=\"839\">E p\u00ebrshtatshme p\u00ebr stil urban dhe smart-casual<\/p>\n<\/li>\n<\/ul>","protected":false},"excerpt":{"rendered":"<p>Kjo bluz\u00eb polo me zinxhir gjysm\u00eb-zip n\u00eb ngjyr\u00eb gri \u00ebsht\u00eb zgjedhja ideale p\u00ebr nj\u00eb stil modern dhe minimalist. Tekstura elegante i jep veshjes nj\u00eb ndjesi premium, nd\u00ebrsa kontrasti i zinxhirit t\u00eb zi shton nj\u00eb element urban dhe funksional. Me prerje slim-fit dhe m\u00ebng\u00eb t\u00eb gjata, ofron nj\u00eb pamje t\u00eb rafinuar dhe kombinueshm\u00ebri t\u00eb leht\u00eb p\u00ebr [&hellip;]<\/p>","protected":false},"featured_media":6742,"comment_status":"open","ping_status":"closed","template":"","meta":[],"product_brand":[],"product_cat":[61],"product_tag":[295,298,337,57,283],"class_list":{"0":"post-6741","1":"product","2":"type-product","3":"status-publish","4":"has-post-thumbnail","6":"product_cat-shirt","7":"product_tag-bluze","8":"product_tag-klasike","9":"product_tag-ngjyr-hiri","10":"product_tag-slimfit","11":"product_tag-zip","13":"first","14":"outofstock","15":"taxable","16":"shipping-taxable","17":"purchasable","18":"product-type-variable"},"jetpack_sharing_enabled":true,"_links":{"self":[{"href":"https:\/\/urban-clothingstore.com\/en\/wp-json\/wp\/v2\/product\/6741","targetHints":{"allow":["GET"]}}],"collection":[{"href":"https:\/\/urban-clothingstore.com\/en\/wp-json\/wp\/v2\/product"}],"about":[{"href":"https:\/\/urban-clothingstore.com\/en\/wp-json\/wp\/v2\/types\/product"}],"replies":[{"embeddable":true,"href":"https:\/\/urban-clothingstore.com\/en\/wp-json\/wp\/v2\/comments?post=6741"}],"wp:featuredmedia":[{"embeddable":true,"href":"https:\/\/urban-clothingstore.com\/en\/wp-json\/wp\/v2\/media\/6742"}],"wp:attachment":[{"href":"https:\/\/urban-clothingstore.com\/en\/wp-json\/wp\/v2\/media?parent=6741"}],"wp:term":[{"taxonomy":"product_brand","embeddable":true,"href":"https:\/\/urban-clothingstore.com\/en\/wp-json\/wp\/v2\/product_brand?post=6741"},{"taxonomy":"product_cat","embeddable":true,"href":"https:\/\/urban-clothingstore.com\/en\/wp-json\/wp\/v2\/product_cat?post=6741"},{"taxonomy":"product_tag","embeddable":true,"href":"https:\/\/urban-clothingstore.com\/en\/wp-json\/wp\/v2\/product_tag?post=6741"}],"curies":[{"name":"wp","href":"https:\/\/api.w.org\/{rel}","templated":true}]}}