{"id":6748,"date":"2025-09-24T13:16:54","date_gmt":"2025-09-24T13:16:54","guid":{"rendered":"https:\/\/urban-clothingstore.com\/?post_type=product&#038;p=6748"},"modified":"2025-12-13T23:51:01","modified_gmt":"2025-12-13T23:51:01","slug":"bomber-lekure-e-zeze-quilted","status":"publish","type":"product","link":"https:\/\/urban-clothingstore.com\/en\/product\/bomber-lekure-e-zeze-quilted\/","title":{"rendered":"Bomber me Efekte L\u00ebkure \u2013 E Zez\u00eb Quilted"},"content":{"rendered":"<p data-start=\"235\" data-end=\"661\">Xhaket\u00eb bomber prej l\u00ebkure n\u00eb ngjyr\u00eb t\u00eb zez\u00eb me dizajn quilted q\u00eb sjell nj\u00eb pamje premium dhe urbane. E punuar me detaje t\u00eb rafinuara dhe material l\u00ebkure me cil\u00ebsi t\u00eb lart\u00eb, kjo xhaket\u00eb kombinon stilin klasik me modernitetin. Prerja bomber siguron rehati dhe fleksibilitet, nd\u00ebrsa modeli me qepje diagonale quilted shton eleganc\u00eb dhe karakter t\u00eb fort\u00eb. Ideale p\u00ebr raste t\u00eb ve\u00e7anta, dalje n\u00eb qytet apo kombinime street style.<\/p>\n<h3 data-start=\"663\" data-end=\"681\">Key Features<\/h3>\n<ul data-start=\"682\" data-end=\"916\">\n<li data-start=\"682\" data-end=\"727\">\n<p data-start=\"684\" data-end=\"727\">L\u00ebkur\u00eb cil\u00ebsore me dizajn quilted premium<\/p>\n<\/li>\n<li data-start=\"728\" data-end=\"776\">\n<p data-start=\"730\" data-end=\"776\">Ngjyr\u00eb e zez\u00eb klasike dhe gjithmon\u00eb n\u00eb trend<\/p>\n<\/li>\n<li data-start=\"777\" data-end=\"817\">\n<p data-start=\"779\" data-end=\"817\">Prerje bomber p\u00ebr komoditet dhe stil<\/p>\n<\/li>\n<li data-start=\"818\" data-end=\"860\">\n<p data-start=\"820\" data-end=\"860\">Zinxhir i plot\u00eb funksional dhe praktik<\/p>\n<\/li>\n<li data-start=\"861\" data-end=\"916\">\n<p data-start=\"863\" data-end=\"916\">P\u00ebrshtatet p\u00ebr stil urban, elegant dhe street style<\/p>\n<\/li>\n<\/ul>","protected":false},"excerpt":{"rendered":"<p>Xhaket\u00eb bomber prej l\u00ebkure n\u00eb ngjyr\u00eb t\u00eb zez\u00eb me dizajn quilted q\u00eb sjell nj\u00eb pamje premium dhe urbane. E punuar me detaje t\u00eb rafinuara dhe material l\u00ebkure me cil\u00ebsi t\u00eb lart\u00eb, kjo xhaket\u00eb kombinon stilin klasik me modernitetin. Prerja bomber siguron rehati dhe fleksibilitet, nd\u00ebrsa modeli me qepje diagonale quilted shton eleganc\u00eb dhe karakter t\u00eb [&hellip;]<\/p>","protected":false},"featured_media":6749,"comment_status":"open","ping_status":"closed","template":"","meta":[],"product_brand":[],"product_cat":[25],"product_tag":[317,306,309,302],"class_list":{"0":"post-6748","1":"product","2":"type-product","3":"status-publish","4":"has-post-thumbnail","6":"product_cat-jackets","7":"product_tag-bomber","8":"product_tag-jakne","9":"product_tag-lekure","10":"product_tag-ngjyre-e-zeze","12":"first","13":"instock","14":"sale","15":"taxable","16":"shipping-taxable","17":"purchasable","18":"product-type-variable"},"jetpack_sharing_enabled":true,"_links":{"self":[{"href":"https:\/\/urban-clothingstore.com\/en\/wp-json\/wp\/v2\/product\/6748","targetHints":{"allow":["GET"]}}],"collection":[{"href":"https:\/\/urban-clothingstore.com\/en\/wp-json\/wp\/v2\/product"}],"about":[{"href":"https:\/\/urban-clothingstore.com\/en\/wp-json\/wp\/v2\/types\/product"}],"replies":[{"embeddable":true,"href":"https:\/\/urban-clothingstore.com\/en\/wp-json\/wp\/v2\/comments?post=6748"}],"wp:featuredmedia":[{"embeddable":true,"href":"https:\/\/urban-clothingstore.com\/en\/wp-json\/wp\/v2\/media\/6749"}],"wp:attachment":[{"href":"https:\/\/urban-clothingstore.com\/en\/wp-json\/wp\/v2\/media?parent=6748"}],"wp:term":[{"taxonomy":"product_brand","embeddable":true,"href":"https:\/\/urban-clothingstore.com\/en\/wp-json\/wp\/v2\/product_brand?post=6748"},{"taxonomy":"product_cat","embeddable":true,"href":"https:\/\/urban-clothingstore.com\/en\/wp-json\/wp\/v2\/product_cat?post=6748"},{"taxonomy":"product_tag","embeddable":true,"href":"https:\/\/urban-clothingstore.com\/en\/wp-json\/wp\/v2\/product_tag?post=6748"}],"curies":[{"name":"wp","href":"https:\/\/api.w.org\/{rel}","templated":true}]}}