{"id":6763,"date":"2025-09-24T13:28:58","date_gmt":"2025-09-24T13:28:58","guid":{"rendered":"https:\/\/urban-clothingstore.com\/?post_type=product&#038;p=6763"},"modified":"2026-01-10T03:27:35","modified_gmt":"2026-01-10T03:27:35","slug":"bluze-me-menge-te-gjata-e-zeze-minimaliste","status":"publish","type":"product","link":"https:\/\/urban-clothingstore.com\/en\/product\/bluze-me-menge-te-gjata-e-zeze-minimaliste\/","title":{"rendered":"Bluz\u00eb me M\u00ebng\u00eb t\u00eb Gjata \u2013 E Zez\u00eb Minimaliste"},"content":{"rendered":"<p data-start=\"279\" data-end=\"650\">Bluz\u00eb klasike me m\u00ebng\u00eb t\u00eb gjata n\u00eb ngjyr\u00eb t\u00eb zez\u00eb, e punuar n\u00eb material t\u00eb but\u00eb dhe fleksib\u00ebl q\u00eb ofron rehati gjat\u00eb gjith\u00eb dit\u00ebs. Dizajni minimalist dhe modern e b\u00ebn perfekte p\u00ebr kombinime urbane, casual apo edhe p\u00ebr shtresim n\u00ebn xhaketa dhe pallto. Prerja slim-fit ndjek linjat e trupit pa humbur lirin\u00eb e l\u00ebvizjes, duke e b\u00ebr\u00eb nj\u00eb element thelb\u00ebsor p\u00ebr \u00e7do garderob\u00eb.<\/p>\n<h3 data-start=\"652\" data-end=\"670\">Key Features<\/h3>\n<ul data-start=\"671\" data-end=\"916\">\n<li data-start=\"671\" data-end=\"700\">\n<p data-start=\"673\" data-end=\"700\">Material i but\u00eb dhe komod<\/p>\n<\/li>\n<li data-start=\"701\" data-end=\"752\">\n<p data-start=\"703\" data-end=\"752\">Ngjyr\u00eb e zez\u00eb klasike dhe e leht\u00eb p\u00ebr kombinime<\/p>\n<\/li>\n<li data-start=\"753\" data-end=\"794\">\n<p data-start=\"755\" data-end=\"794\">Prerje slim-fit p\u00ebr nj\u00eb pamje moderne<\/p>\n<\/li>\n<li data-start=\"795\" data-end=\"840\">\n<p data-start=\"797\" data-end=\"840\">M\u00ebng\u00eb t\u00eb gjata p\u00ebr stil urban dhe praktik<\/p>\n<\/li>\n<li data-start=\"841\" data-end=\"916\">\n<p data-start=\"843\" data-end=\"916\">Ideale si p\u00ebr p\u00ebrdorim t\u00eb p\u00ebrditsh\u00ebm, ashtu edhe p\u00ebr kombinime elegante<\/p>\n<\/li>\n<\/ul>","protected":false},"excerpt":{"rendered":"<p>Bluz\u00eb klasike me m\u00ebng\u00eb t\u00eb gjata n\u00eb ngjyr\u00eb t\u00eb zez\u00eb, e punuar n\u00eb material t\u00eb but\u00eb dhe fleksib\u00ebl q\u00eb ofron rehati gjat\u00eb gjith\u00eb dit\u00ebs. Dizajni minimalist dhe modern e b\u00ebn perfekte p\u00ebr kombinime urbane, casual apo edhe p\u00ebr shtresim n\u00ebn xhaketa dhe pallto. Prerja slim-fit ndjek linjat e trupit pa humbur lirin\u00eb e l\u00ebvizjes, duke [&hellip;]<\/p>","protected":false},"featured_media":6764,"comment_status":"open","ping_status":"closed","template":"","meta":[],"product_brand":[],"product_cat":[61],"product_tag":[295,298,302,57],"class_list":{"0":"post-6763","1":"product","2":"type-product","3":"status-publish","4":"has-post-thumbnail","6":"product_cat-shirt","7":"product_tag-bluze","8":"product_tag-klasike","9":"product_tag-ngjyre-e-zeze","10":"product_tag-slimfit","12":"first","13":"instock","14":"sale","15":"taxable","16":"shipping-taxable","17":"purchasable","18":"product-type-variable"},"jetpack_sharing_enabled":true,"_links":{"self":[{"href":"https:\/\/urban-clothingstore.com\/en\/wp-json\/wp\/v2\/product\/6763","targetHints":{"allow":["GET"]}}],"collection":[{"href":"https:\/\/urban-clothingstore.com\/en\/wp-json\/wp\/v2\/product"}],"about":[{"href":"https:\/\/urban-clothingstore.com\/en\/wp-json\/wp\/v2\/types\/product"}],"replies":[{"embeddable":true,"href":"https:\/\/urban-clothingstore.com\/en\/wp-json\/wp\/v2\/comments?post=6763"}],"wp:featuredmedia":[{"embeddable":true,"href":"https:\/\/urban-clothingstore.com\/en\/wp-json\/wp\/v2\/media\/6764"}],"wp:attachment":[{"href":"https:\/\/urban-clothingstore.com\/en\/wp-json\/wp\/v2\/media?parent=6763"}],"wp:term":[{"taxonomy":"product_brand","embeddable":true,"href":"https:\/\/urban-clothingstore.com\/en\/wp-json\/wp\/v2\/product_brand?post=6763"},{"taxonomy":"product_cat","embeddable":true,"href":"https:\/\/urban-clothingstore.com\/en\/wp-json\/wp\/v2\/product_cat?post=6763"},{"taxonomy":"product_tag","embeddable":true,"href":"https:\/\/urban-clothingstore.com\/en\/wp-json\/wp\/v2\/product_tag?post=6763"}],"curies":[{"name":"wp","href":"https:\/\/api.w.org\/{rel}","templated":true}]}}