{"id":6772,"date":"2025-09-24T13:42:10","date_gmt":"2025-09-24T13:42:10","guid":{"rendered":"https:\/\/urban-clothingstore.com\/?post_type=product&#038;p=6772"},"modified":"2026-02-24T17:20:12","modified_gmt":"2026-02-24T17:20:12","slug":"bomber-lekure-e-zeze-minimaliste","status":"publish","type":"product","link":"https:\/\/urban-clothingstore.com\/en\/product\/bomber-lekure-e-zeze-minimaliste\/","title":{"rendered":"Bomber me Efekte L\u00ebkure \u2013 E Zez\u00eb Minimaliste"},"content":{"rendered":"<p data-start=\"248\" data-end=\"720\">Xhaket\u00eb bomber prej l\u00ebkure n\u00eb ngjyr\u00eb t\u00eb zez\u00eb, e dizajnuar me stil minimalist dhe modern. Me prerje t\u00eb past\u00ebr dhe pa detaje t\u00eb tep\u00ebrta, kjo xhaket\u00eb \u00ebsht\u00eb perfekte p\u00ebr nj\u00eb pamje urbane dhe elegante. E punuar nga material l\u00ebkure cil\u00ebsore, kombinon komoditetin me sofistikimin. Rripat elastik\u00eb n\u00eb fund dhe n\u00eb m\u00ebng\u00eb garantojn\u00eb p\u00ebrshtatje perfekte, nd\u00ebrsa zinxhiri i plot\u00eb e b\u00ebn funksionale dhe praktike. Ideale p\u00ebr kombinime casual, street style apo edhe look m\u00eb t\u00eb rafinuar.<\/p>\n<h3 data-start=\"722\" data-end=\"740\">Key Features<\/h3>\n<ul data-start=\"741\" data-end=\"982\">\n<li data-start=\"741\" data-end=\"781\">\n<p data-start=\"743\" data-end=\"781\">L\u00ebkur\u00eb cil\u00ebsore me dizajn minimalist<\/p>\n<\/li>\n<li data-start=\"782\" data-end=\"830\">\n<p data-start=\"784\" data-end=\"830\">Ngjyr\u00eb e zez\u00eb klasike dhe gjithmon\u00eb n\u00eb trend<\/p>\n<\/li>\n<li data-start=\"831\" data-end=\"878\">\n<p data-start=\"833\" data-end=\"878\">Prerje bomber p\u00ebr stil modern dhe komoditet<\/p>\n<\/li>\n<li data-start=\"879\" data-end=\"918\">\n<p data-start=\"881\" data-end=\"918\">Zinxhir i plot\u00eb praktik dhe elegant<\/p>\n<\/li>\n<li data-start=\"919\" data-end=\"982\">\n<p data-start=\"921\" data-end=\"982\">E p\u00ebrshtatshme p\u00ebr urban style, streetwear dhe smart-casual<\/p>\n<\/li>\n<\/ul>","protected":false},"excerpt":{"rendered":"<p>Xhaket\u00eb bomber prej l\u00ebkure n\u00eb ngjyr\u00eb t\u00eb zez\u00eb, e dizajnuar me stil minimalist dhe modern. Me prerje t\u00eb past\u00ebr dhe pa detaje t\u00eb tep\u00ebrta, kjo xhaket\u00eb \u00ebsht\u00eb perfekte p\u00ebr nj\u00eb pamje urbane dhe elegante. E punuar nga material l\u00ebkure cil\u00ebsore, kombinon komoditetin me sofistikimin. Rripat elastik\u00eb n\u00eb fund dhe n\u00eb m\u00ebng\u00eb garantojn\u00eb p\u00ebrshtatje perfekte, nd\u00ebrsa [&hellip;]<\/p>","protected":false},"featured_media":6773,"comment_status":"open","ping_status":"closed","template":"","meta":[],"product_brand":[],"product_cat":[25],"product_tag":[298,309,57,312],"class_list":{"0":"post-6772","1":"product","2":"type-product","3":"status-publish","4":"has-post-thumbnail","6":"product_cat-jackets","7":"product_tag-klasike","8":"product_tag-lekure","9":"product_tag-slimfit","10":"product_tag-xhakete","12":"first","13":"instock","14":"taxable","15":"shipping-taxable","16":"purchasable","17":"product-type-variable"},"jetpack_sharing_enabled":true,"_links":{"self":[{"href":"https:\/\/urban-clothingstore.com\/en\/wp-json\/wp\/v2\/product\/6772","targetHints":{"allow":["GET"]}}],"collection":[{"href":"https:\/\/urban-clothingstore.com\/en\/wp-json\/wp\/v2\/product"}],"about":[{"href":"https:\/\/urban-clothingstore.com\/en\/wp-json\/wp\/v2\/types\/product"}],"replies":[{"embeddable":true,"href":"https:\/\/urban-clothingstore.com\/en\/wp-json\/wp\/v2\/comments?post=6772"}],"wp:featuredmedia":[{"embeddable":true,"href":"https:\/\/urban-clothingstore.com\/en\/wp-json\/wp\/v2\/media\/6773"}],"wp:attachment":[{"href":"https:\/\/urban-clothingstore.com\/en\/wp-json\/wp\/v2\/media?parent=6772"}],"wp:term":[{"taxonomy":"product_brand","embeddable":true,"href":"https:\/\/urban-clothingstore.com\/en\/wp-json\/wp\/v2\/product_brand?post=6772"},{"taxonomy":"product_cat","embeddable":true,"href":"https:\/\/urban-clothingstore.com\/en\/wp-json\/wp\/v2\/product_cat?post=6772"},{"taxonomy":"product_tag","embeddable":true,"href":"https:\/\/urban-clothingstore.com\/en\/wp-json\/wp\/v2\/product_tag?post=6772"}],"curies":[{"name":"wp","href":"https:\/\/api.w.org\/{rel}","templated":true}]}}