{"id":6779,"date":"2025-09-24T13:47:55","date_gmt":"2025-09-24T13:47:55","guid":{"rendered":"https:\/\/urban-clothingstore.com\/?post_type=product&#038;p=6779"},"modified":"2026-02-23T22:39:08","modified_gmt":"2026-02-23T22:39:08","slug":"xhakete-lekure-me-kopsa-e-zeze-klasike","status":"publish","type":"product","link":"https:\/\/urban-clothingstore.com\/en\/product\/xhakete-lekure-me-kopsa-e-zeze-klasike\/","title":{"rendered":"Xhaket\u00eb L\u00ebkure me Kopsa \u2013 E Zez\u00eb Klasike"},"content":{"rendered":"<p data-start=\"273\" data-end=\"694\">Xhaket\u00eb l\u00ebkure Artificiale me dizajn minimalist n\u00eb ngjyr\u00eb t\u00eb zez\u00eb, e mbyllur me kopsa n\u00eb pjes\u00ebn e p\u00ebrparme. E punuar nga material l\u00ebkure cil\u00ebsore me tekstur\u00eb natyrale, kjo xhaket\u00eb ofron nj\u00eb balanc\u00eb perfekte mes stilit klasik dhe modern. Me jak\u00eb t\u00eb thjesht\u00eb, m\u00ebng\u00eb t\u00eb gjata dhe prerje t\u00eb drejt\u00eb, \u00ebsht\u00eb ideale p\u00ebr kombinime urbane, smart-casual ose edhe p\u00ebr nj\u00eb look m\u00eb elegant. Nj\u00eb pjes\u00eb e domosdoshme p\u00ebr \u00e7do garderob\u00eb mashkullore.<\/p>\n<h3 data-start=\"696\" data-end=\"714\">Key Features<\/h3>\n<ul data-start=\"715\" data-end=\"992\">\n<li data-start=\"715\" data-end=\"755\">\n<p data-start=\"717\" data-end=\"755\">L\u00ebkur\u00eb cil\u00ebsore me tekstur\u00eb elegante<\/p>\n<\/li>\n<li data-start=\"756\" data-end=\"804\">\n<p data-start=\"758\" data-end=\"804\">Ngjyr\u00eb e zez\u00eb klasike dhe gjithmon\u00eb n\u00eb trend<\/p>\n<\/li>\n<li data-start=\"805\" data-end=\"869\">\n<p data-start=\"807\" data-end=\"869\">Mbyllje me kopsa p\u00ebr nj\u00eb pamje ndryshe nga bomber-i standard<\/p>\n<\/li>\n<li data-start=\"870\" data-end=\"925\">\n<p data-start=\"872\" data-end=\"925\">Prerje e drejt\u00eb p\u00ebr nj\u00eb look modern dhe t\u00eb rafinuar<\/p>\n<\/li>\n<li data-start=\"926\" data-end=\"992\">\n<p data-start=\"928\" data-end=\"992\">E p\u00ebrshtatshme p\u00ebr kombinime urbane, smart-casual dhe elegante<\/p>\n<\/li>\n<\/ul>","protected":false},"excerpt":{"rendered":"<p>Xhaket\u00eb l\u00ebkure Artificiale me dizajn minimalist n\u00eb ngjyr\u00eb t\u00eb zez\u00eb, e mbyllur me kopsa n\u00eb pjes\u00ebn e p\u00ebrparme. E punuar nga material l\u00ebkure cil\u00ebsore me tekstur\u00eb natyrale, kjo xhaket\u00eb ofron nj\u00eb balanc\u00eb perfekte mes stilit klasik dhe modern. Me jak\u00eb t\u00eb thjesht\u00eb, m\u00ebng\u00eb t\u00eb gjata dhe prerje t\u00eb drejt\u00eb, \u00ebsht\u00eb ideale p\u00ebr kombinime urbane, smart-casual [&hellip;]<\/p>","protected":false},"featured_media":6780,"comment_status":"open","ping_status":"closed","template":"","meta":[],"product_brand":[],"product_cat":[25],"product_tag":[298,309,328,312],"class_list":{"0":"post-6779","1":"product","2":"type-product","3":"status-publish","4":"has-post-thumbnail","6":"product_cat-jackets","7":"product_tag-klasike","8":"product_tag-lekure","9":"product_tag-me-jaka","10":"product_tag-xhakete","12":"first","13":"instock","14":"taxable","15":"shipping-taxable","16":"purchasable","17":"product-type-variable"},"jetpack_sharing_enabled":true,"_links":{"self":[{"href":"https:\/\/urban-clothingstore.com\/en\/wp-json\/wp\/v2\/product\/6779","targetHints":{"allow":["GET"]}}],"collection":[{"href":"https:\/\/urban-clothingstore.com\/en\/wp-json\/wp\/v2\/product"}],"about":[{"href":"https:\/\/urban-clothingstore.com\/en\/wp-json\/wp\/v2\/types\/product"}],"replies":[{"embeddable":true,"href":"https:\/\/urban-clothingstore.com\/en\/wp-json\/wp\/v2\/comments?post=6779"}],"wp:featuredmedia":[{"embeddable":true,"href":"https:\/\/urban-clothingstore.com\/en\/wp-json\/wp\/v2\/media\/6780"}],"wp:attachment":[{"href":"https:\/\/urban-clothingstore.com\/en\/wp-json\/wp\/v2\/media?parent=6779"}],"wp:term":[{"taxonomy":"product_brand","embeddable":true,"href":"https:\/\/urban-clothingstore.com\/en\/wp-json\/wp\/v2\/product_brand?post=6779"},{"taxonomy":"product_cat","embeddable":true,"href":"https:\/\/urban-clothingstore.com\/en\/wp-json\/wp\/v2\/product_cat?post=6779"},{"taxonomy":"product_tag","embeddable":true,"href":"https:\/\/urban-clothingstore.com\/en\/wp-json\/wp\/v2\/product_tag?post=6779"}],"curies":[{"name":"wp","href":"https:\/\/api.w.org\/{rel}","templated":true}]}}