{"id":6794,"date":"2025-09-24T14:22:55","date_gmt":"2025-09-24T14:22:55","guid":{"rendered":"https:\/\/urban-clothingstore.com\/?post_type=product&#038;p=6794"},"modified":"2026-01-15T21:25:24","modified_gmt":"2026-01-15T21:25:24","slug":"polo-zip-tee-e-bardhe-elegante","status":"publish","type":"product","link":"https:\/\/urban-clothingstore.com\/en\/product\/polo-zip-tee-e-bardhe-elegante\/","title":{"rendered":"Polo Zip Tee \u2013 E Bardh\u00eb Elegante"},"content":{"rendered":"<p data-start=\"224\" data-end=\"588\">Bluz\u00eb polo me m\u00ebng\u00eb t\u00eb gjata dhe gjysm\u00eb-zip n\u00eb ngjyr\u00eb t\u00eb bardh\u00eb, nj\u00eb zgjedhje klasike dhe premium p\u00ebr \u00e7do gard\u00ebrob\u00eb mashkullore. Materiali cil\u00ebsor dhe prerja e rregullt ofrojn\u00eb komoditet maksimal, nd\u00ebrsa dizajni minimalist shton nj\u00eb eleganc\u00eb t\u00eb thjesht\u00eb. Ideale p\u00ebr kombinime smart-casual, takime apo dalje elegante ku k\u00ebrkohet nj\u00eb pamje e past\u00ebr dhe e rafinuar.<\/p>\n<h3 data-start=\"590\" data-end=\"608\">Key Features<\/h3>\n<ul data-start=\"609\" data-end=\"841\">\n<li data-start=\"609\" data-end=\"647\">\n<p data-start=\"611\" data-end=\"647\">Material cil\u00ebsor me ndjesi premium<\/p>\n<\/li>\n<li data-start=\"648\" data-end=\"688\">\n<p data-start=\"650\" data-end=\"688\">Ngjyr\u00eb e bardh\u00eb klasike dhe elegante<\/p>\n<\/li>\n<li data-start=\"689\" data-end=\"737\">\n<p data-start=\"691\" data-end=\"737\">Dizajn polo me gjysm\u00eb-zip modern dhe praktik<\/p>\n<\/li>\n<li data-start=\"738\" data-end=\"782\">\n<p data-start=\"740\" data-end=\"782\">Prerje e rregullt p\u00ebr komoditet dhe stil<\/p>\n<\/li>\n<li data-start=\"783\" data-end=\"841\">\n<p data-start=\"785\" data-end=\"841\">E p\u00ebrshtatshme p\u00ebr kombinime smart-casual dhe elegante<\/p>\n<\/li>\n<\/ul>","protected":false},"excerpt":{"rendered":"<p>Bluz\u00eb polo me m\u00ebng\u00eb t\u00eb gjata dhe gjysm\u00eb-zip n\u00eb ngjyr\u00eb t\u00eb bardh\u00eb, nj\u00eb zgjedhje klasike dhe premium p\u00ebr \u00e7do gard\u00ebrob\u00eb mashkullore. Materiali cil\u00ebsor dhe prerja e rregullt ofrojn\u00eb komoditet maksimal, nd\u00ebrsa dizajni minimalist shton nj\u00eb eleganc\u00eb t\u00eb thjesht\u00eb. Ideale p\u00ebr kombinime smart-casual, takime apo dalje elegante ku k\u00ebrkohet nj\u00eb pamje e past\u00ebr dhe e rafinuar. [&hellip;]<\/p>","protected":false},"featured_media":6795,"comment_status":"open","ping_status":"closed","template":"","meta":[],"product_brand":[],"product_cat":[61],"product_tag":[295,300,298,283],"class_list":{"0":"post-6794","1":"product","2":"type-product","3":"status-publish","4":"has-post-thumbnail","6":"product_cat-shirt","7":"product_tag-bluze","8":"product_tag-e-bardhe","9":"product_tag-klasike","10":"product_tag-zip","12":"first","13":"instock","14":"taxable","15":"shipping-taxable","16":"purchasable","17":"product-type-variable"},"jetpack_sharing_enabled":true,"_links":{"self":[{"href":"https:\/\/urban-clothingstore.com\/en\/wp-json\/wp\/v2\/product\/6794","targetHints":{"allow":["GET"]}}],"collection":[{"href":"https:\/\/urban-clothingstore.com\/en\/wp-json\/wp\/v2\/product"}],"about":[{"href":"https:\/\/urban-clothingstore.com\/en\/wp-json\/wp\/v2\/types\/product"}],"replies":[{"embeddable":true,"href":"https:\/\/urban-clothingstore.com\/en\/wp-json\/wp\/v2\/comments?post=6794"}],"wp:featuredmedia":[{"embeddable":true,"href":"https:\/\/urban-clothingstore.com\/en\/wp-json\/wp\/v2\/media\/6795"}],"wp:attachment":[{"href":"https:\/\/urban-clothingstore.com\/en\/wp-json\/wp\/v2\/media?parent=6794"}],"wp:term":[{"taxonomy":"product_brand","embeddable":true,"href":"https:\/\/urban-clothingstore.com\/en\/wp-json\/wp\/v2\/product_brand?post=6794"},{"taxonomy":"product_cat","embeddable":true,"href":"https:\/\/urban-clothingstore.com\/en\/wp-json\/wp\/v2\/product_cat?post=6794"},{"taxonomy":"product_tag","embeddable":true,"href":"https:\/\/urban-clothingstore.com\/en\/wp-json\/wp\/v2\/product_tag?post=6794"}],"curies":[{"name":"wp","href":"https:\/\/api.w.org\/{rel}","templated":true}]}}